{"id":10465,"date":"2025-10-27T13:49:16","date_gmt":"2025-10-27T16:49:16","guid":{"rendered":"https:\/\/consrosario.esteri.it\/italia-e-argentina\/diplomazia-culturale\/lingua-e-cultura-italiana\/settimana-della-cucina-italiana-nel-mondo\/"},"modified":"2025-11-28T12:45:08","modified_gmt":"2025-11-28T15:45:08","slug":"settimana-della-cucina-italiana-nel-mondo","status":"publish","type":"page","link":"https:\/\/consrosario.esteri.it\/es\/italia-e-argentina\/diplomazia-culturale\/lingua-e-cultura-italiana\/settimana-della-cucina-italiana-nel-mondo\/","title":{"rendered":"Semana de la Cocina Italiana en el Mundo"},"content":{"rendered":"<p style=\"text-align: justify;\"><img loading=\"lazy\" decoding=\"async\" class=\"aligncenter\" src=\"https:\/\/consmardelplata.esteri.it\/wp-content\/uploads\/2024\/11\/SCIM2024_italiano_50.jpg\" alt=\"https:\/\/consmardelplata.esteri.it\/wp-content\/uploads\/2024\/11\/SCIM2024_italiano_50.jpg\" width=\"225\" height=\"243\" \/><\/p>\n<p style=\"text-align: justify;\">La <strong><em data-start=\"3\" data-end=\"47\">\u201cSemana de la Cocina Italiana en el Mundo\u201d<\/em><\/strong> es la muestra tem\u00e1tica anual dedicada a la promoci\u00f3n de la gastronom\u00eda y de los productos agroalimentarios italianos de calidad. Est\u00e1 promovida por toda la red de <strong>Embajadas, Consulados, Institutos Italianos de Cultura y Oficinas ICE en el extranjero<\/strong>, a trav\u00e9s de actividades que apoyan las exportaciones, la internacionalizaci\u00f3n y los flujos tur\u00edsticos hacia Italia.<\/p>\n<p style=\"text-align: justify;\" data-start=\"418\" data-end=\"557\">En esta secci\u00f3n es posible consultar los programas de las ediciones anteriores organizadas por el Consulado General de Italia en Rosario.<\/p>\n","protected":false},"excerpt":{"rendered":"La \u201cSemana de la Cocina Italiana en el Mundo\u201d es la muestra tem\u00e1tica anual dedicada a la promoci\u00f3n de la gastronom\u00eda y de los productos agroalimentarios italianos de calidad. Est\u00e1 promovida por toda la red de Embajadas, Consulados, Institutos Italianos de Cultura y Oficinas ICE en el extranjero, a trav\u00e9s de actividades que apoyan las [&hellip;]","protected":false},"author":10,"featured_media":0,"parent":185,"menu_order":0,"comment_status":"closed","ping_status":"closed","template":"","meta":{"footnotes":""},"class_list":["post-10465","page","type-page","status-publish","hentry"],"_links":{"self":[{"href":"https:\/\/consrosario.esteri.it\/es\/wp-json\/wp\/v2\/pages\/10465","targetHints":{"allow":["GET"]}}],"collection":[{"href":"https:\/\/consrosario.esteri.it\/es\/wp-json\/wp\/v2\/pages"}],"about":[{"href":"https:\/\/consrosario.esteri.it\/es\/wp-json\/wp\/v2\/types\/page"}],"author":[{"embeddable":true,"href":"https:\/\/consrosario.esteri.it\/es\/wp-json\/wp\/v2\/users\/10"}],"replies":[{"embeddable":true,"href":"https:\/\/consrosario.esteri.it\/es\/wp-json\/wp\/v2\/comments?post=10465"}],"version-history":[{"count":6,"href":"https:\/\/consrosario.esteri.it\/es\/wp-json\/wp\/v2\/pages\/10465\/revisions"}],"predecessor-version":[{"id":11259,"href":"https:\/\/consrosario.esteri.it\/es\/wp-json\/wp\/v2\/pages\/10465\/revisions\/11259"}],"up":[{"embeddable":true,"href":"https:\/\/consrosario.esteri.it\/es\/wp-json\/wp\/v2\/pages\/185"}],"wp:attachment":[{"href":"https:\/\/consrosario.esteri.it\/es\/wp-json\/wp\/v2\/media?parent=10465"}],"curies":[{"name":"wp","href":"https:\/\/api.w.org\/{rel}","templated":true}]}}