{"id":1051,"date":"2023-08-04T11:26:32","date_gmt":"2023-08-04T14:26:32","guid":{"rendered":"https:\/\/consrosario.esteri.it\/servizi-consolari-e-visti\/servizi-per-il-cittadino-italiano\/altri-servizi\/albo-consolare\/ufficio-scolastico-e-corsi-di-italiano\/"},"modified":"2026-01-02T16:05:18","modified_gmt":"2026-01-02T19:05:18","slug":"ufficio-scolastico-e-corsi-di-italiano","status":"publish","type":"page","link":"https:\/\/consrosario.esteri.it\/es\/italia-e-argentina\/diplomazia-culturale\/lingua-e-cultura-italiana\/ufficio-scolastico-e-corsi-di-italiano\/","title":{"rendered":"Oficina Escolar y entes gestores de los cursos de lengua y cultura italianas"},"content":{"rendered":"<p style=\"text-align: justify;\">La actividad de la <span style=\"text-decoration: underline;\"><strong>Oficina Escolar<\/strong><\/span> comprende actualmente los siguientes sectores:<\/p>\n<ul style=\"text-align: justify;\">\n<li>Difusi\u00f3n y promoci\u00f3n de la lengua y la cultura italiana: programaci\u00f3n de iniciativas dirigidas a mejorar la calidad de la oferta y el monitoreo de los cursos de lengua y cultura italiana reconocidos por el Ministerio de Relaciones Exteriores y de la Cooperaci\u00f3n Internacional (MAECI), a nivel escolar y extracurricular no universitario;<\/li>\n<li>Orientaci\u00f3n, coordinaci\u00f3n y monitoreo de las actividades de los entes gestores beneficiarios de contribuciones MAECI para la asistencia escolar en favor de los trabajadores italianos y sus familiares emigrados (art. 636 D. Ley. 297\/1994);<\/li>\n<li>Promoci\u00f3n de iniciativas de formaci\u00f3n y actualizaci\u00f3n dirigidas a los docentes locales;<\/li>\n<li>Promoci\u00f3n de acuerdos con las Instituciones interesadas en la formaci\u00f3n inicial de los docentes locales (\u201cProfesorados de Italiano\u201d);<\/li>\n<li>Promoci\u00f3n, organizaci\u00f3n y divulgaci\u00f3n de eventos culturales\u00a0como apoyo a las iniciativas de difusi\u00f3n de la lengua y cultura italiana;<\/li>\n<li>Asesoramiento, informaci\u00f3n y asistencia al p\u00fablico de la circunscripci\u00f3n en refencia a la organizaci\u00f3n escolar italiana.<\/li>\n<\/ul>\n<p>Para contactarse con la Oficina Escolar, escribir a:<a href=\"mailto:dirscuola.rosario@esteri.it\">dirscuola.rosario@esteri.it<\/a><\/p>\n<p>&nbsp;<\/p>\n<p><span style=\"text-decoration: underline;\"><strong>Entes gestores de cursos de lengua y cultura italianas<\/strong><\/span><\/p>\n<p style=\"text-align: justify;\">Actualmente los entes gestores de los cursos de lengua y cultura italianas en la circunscripci\u00f3n consular de Rosario son seis:<\/p>\n<ul style=\"text-align: justify;\">\n<li>Associazione Culturale Dante Alighieri (Rosario);<\/li>\n<li>Fondazione Angeli \u2013 Escuela Edmondo de Amicis (Rosario);<\/li>\n<li>Unione e Benevolenza Dante Alighieri (Santa Fe);<\/li>\n<li>Associazione Culturale Dante Alighieri (Paran\u00e1);<\/li>\n<li>Associazione Culturale Dante Alighieri (Col\u00f3n);<\/li>\n<li>Fundaci\u00f3n Losi &#8211; Escuela Michelangelo (Paran\u00e1).<\/li>\n<\/ul>\n<p style=\"text-align: justify;\">La normativa de referencia se puede consultar aqu\u00ed: <a href=\"https:\/\/consrosario.esteri.it\/es\/servizi-consolari-e-visti\/servizi-per-il-cittadino-italiano\/altri-servizi\/albo-consolare\/elenco-degli-enti-gestori-promotori-di-iniziative-a-favore-della-lingua-e-la-cultura-italiana-art-10-del-d-lgs-64-2017\/\">cliccare qui<\/a>.<\/p>\n<p style=\"text-align: justify;\">Actualmente en la circunscripci\u00f3n consular de Rosario no se encuentran escuelas italianas reconocidas por el Ministerio de Relaciones Exteriores italiano como \u00abparificadas\u00bb o \u00abno parificadas\u00bb (ver listado en\u00a0<a href=\"https:\/\/italiana.esteri.it\/italiana\/opportunita\/scuole-italiane-nel-mondo\/\">cliqueando aqu\u00ed<\/a>).<\/p>\n<p style=\"text-align: justify;\">Las escuelas que eventualmente est\u00e9n interesadas en solicitar el reconocimiento deber\u00e1n enviar un correo electronico a la Oficina Escolar (<a href=\"mailto:dirscuola.rosario@esteri.it\">dirscuola.rosario@esteri.it<\/a>), luego de consultar la normativa del sector:<\/p>\n<p style=\"text-align: justify;\">&#8211; la<strong>\u00a0<a href=\"https:\/\/consrosario.esteri.it\/wp-content\/uploads\/2023\/08\/55780_f_cons57Legge10marzo2000Parita.doc\">Ley n. 62 del 10 de marzo de 2000,<\/a><\/strong>\u00a0el <strong><a href=\"https:\/\/consrosario.esteri.it\/wp-content\/uploads\/2026\/01\/20140206_DI_4716_compressed.pdf\">D.I. n. 4716 del 2009<\/a>\u00a0<\/strong>(escuelas parificadas) y el siguiente formulario: <a href=\"https:\/\/consrosario.esteri.it\/wp-content\/uploads\/2024\/12\/1921052-PARITARIE.doc\"><strong>cliquear aqu\u00ed<\/strong><\/a>;<br \/>\n&#8211; art. 1-bis de la <strong><a href=\"https:\/\/consrosario.esteri.it\/wp-content\/uploads\/2023\/08\/55779_f_cons57Legge3febbraio2006Nonparitarie.doc\">ley n. 27 del 3 de febrero 2006<\/a><\/strong>y el\u00a0<a href=\"https:\/\/consrosario.esteri.it\/wp-content\/uploads\/2023\/08\/55777_f_cons57DI_4461_2012ScuoleNONparitarie.pdf\"><strong>D.I. n. 4461 de 2012<\/strong><\/a> (escuelas no parificadas).<\/p>\n","protected":false},"excerpt":{"rendered":"La actividad de la Oficina Escolar comprende actualmente los siguientes sectores: Difusi\u00f3n y promoci\u00f3n de la lengua y la cultura italiana: programaci\u00f3n de iniciativas dirigidas a mejorar la calidad de la oferta y el monitoreo de los cursos de lengua y cultura italiana reconocidos por el Ministerio de Relaciones Exteriores y de la Cooperaci\u00f3n Internacional [&hellip;]","protected":false},"author":5,"featured_media":0,"parent":185,"menu_order":0,"comment_status":"closed","ping_status":"closed","template":"","meta":{"footnotes":""},"class_list":["post-1051","page","type-page","status-publish","hentry"],"_links":{"self":[{"href":"https:\/\/consrosario.esteri.it\/es\/wp-json\/wp\/v2\/pages\/1051","targetHints":{"allow":["GET"]}}],"collection":[{"href":"https:\/\/consrosario.esteri.it\/es\/wp-json\/wp\/v2\/pages"}],"about":[{"href":"https:\/\/consrosario.esteri.it\/es\/wp-json\/wp\/v2\/types\/page"}],"author":[{"embeddable":true,"href":"https:\/\/consrosario.esteri.it\/es\/wp-json\/wp\/v2\/users\/5"}],"replies":[{"embeddable":true,"href":"https:\/\/consrosario.esteri.it\/es\/wp-json\/wp\/v2\/comments?post=1051"}],"version-history":[{"count":6,"href":"https:\/\/consrosario.esteri.it\/es\/wp-json\/wp\/v2\/pages\/1051\/revisions"}],"predecessor-version":[{"id":11416,"href":"https:\/\/consrosario.esteri.it\/es\/wp-json\/wp\/v2\/pages\/1051\/revisions\/11416"}],"up":[{"embeddable":true,"href":"https:\/\/consrosario.esteri.it\/es\/wp-json\/wp\/v2\/pages\/185"}],"wp:attachment":[{"href":"https:\/\/consrosario.esteri.it\/es\/wp-json\/wp\/v2\/media?parent=1051"}],"curies":[{"name":"wp","href":"https:\/\/api.w.org\/{rel}","templated":true}]}}