{"id":1072,"date":"2023-08-04T13:32:31","date_gmt":"2023-08-04T16:32:31","guid":{"rendered":"https:\/\/consrosario.esteri.it\/italia-e-argentina\/diplomazia-culturale\/lingua-e-cultura-italiana\/dichiarazione-di-valore\/"},"modified":"2025-07-25T16:46:54","modified_gmt":"2025-07-25T19:46:54","slug":"dichiarazione-di-valore","status":"publish","type":"page","link":"https:\/\/consrosario.esteri.it\/es\/servizi-consolari-e-visti\/servizi-per-il-cittadino-italiano\/dichiarazione-di-valore\/","title":{"rendered":"Declaraciones de valor, legalizaciones y equipolencia de titulos"},"content":{"rendered":"<p style=\"text-align: justify;\" data-start=\"48\" data-end=\"273\"><span style=\"text-decoration: underline;\"><strong>Para efectuar las declaraciones de valor en este Consulado General es necesario obtener una cita a trav\u00e9s de <a href=\"https:\/\/prenotami.esteri.it\/\">Prenot@Mi<\/a>, que ser\u00e1 utilizable exclusivamente para t\u00edtulos y\/o certificados emitidos a nombre del titular del turno.<\/strong><\/span><\/p>\n<p style=\"text-align: justify;\" data-start=\"275\" data-end=\"456\">Se recuerda que el servicio est\u00e1 limitado a t\u00edtulos y\/o certificados que hayan sido emitidos por una instituci\u00f3n educativa ubicada en el territorio de esta circunscripci\u00f3n consular.<\/p>\n<p style=\"text-align: justify;\" data-start=\"458\" data-end=\"531\">Toda la documentaci\u00f3n debe presentarse en original y en fotocopia simple.<\/p>\n<p style=\"text-align: justify;\" data-start=\"533\" data-end=\"615\">La declaraci\u00f3n de valor puede realizarse sobre uno de los siguientes documentos:<br \/>\n1. Certificado anal\u00edtico o diploma de escuela secundaria, t\u00edtulo terciario o universitario.<br \/>\n2. Certificado de estudios parciales o incompletos.<\/p>\n<p style=\"text-align: justify;\" data-start=\"763\" data-end=\"939\">El t\u00edtulo debe estar legalizado con la Apostilla de La Haya, traducido al italiano y debe presentarse junto con el formulario de solicitud (haga <a href=\"https:\/\/consrosario.esteri.it\/wp-content\/uploads\/2023\/08\/richiesta_dichiarazione_di_valore-1.pdf\">clic aqu\u00ed<\/a>) y con copia del DNI.<\/p>\n<p style=\"text-align: justify;\" data-start=\"941\" data-end=\"1170\">Si la declaraci\u00f3n se solicita por motivos de estudio, es gratuita. Sin embargo, se recuerda que la continuaci\u00f3n de los estudios en Italia debe estar debidamente acreditada con inscripci\u00f3n en una instituci\u00f3n educativa, becas, etc.<\/p>\n<p style=\"text-align: justify;\" data-start=\"1172\" data-end=\"1252\">Para verificar costos y modalidades de pago [Art. 66n + Art. 69] haga <a href=\"https:\/\/consrosario.esteri.it\/it\/chi-siamo\/la-sede\/modulistica\/\">clic aqu\u00ed<\/a>.<\/p>\n<p style=\"text-align: justify;\" data-start=\"1254\" data-end=\"1513\">Los t\u00edtulos de estudio emitidos por Escuelas, Universidades u otras Instituciones italianas deben ser legalizados en Italia; cuando sea necesario, la respectiva declaraci\u00f3n de valor debe ser solicitada a las Representaciones diplom\u00e1ticas argentinas en Italia.<\/p>\n<p data-start=\"1254\" data-end=\"1513\">Para contactarse con la oficina escribir a legale.rosario@esteri.it<\/p>\n","protected":false},"excerpt":{"rendered":"Para efectuar las declaraciones de valor en este Consulado General es necesario obtener una cita a trav\u00e9s de Prenot@Mi, que ser\u00e1 utilizable exclusivamente para t\u00edtulos y\/o certificados emitidos a nombre del titular del turno. Se recuerda que el servicio est\u00e1 limitado a t\u00edtulos y\/o certificados que hayan sido emitidos por una instituci\u00f3n educativa ubicada en [&hellip;]","protected":false},"author":5,"featured_media":0,"parent":195,"menu_order":2,"comment_status":"closed","ping_status":"closed","template":"","meta":{"footnotes":""},"class_list":["post-1072","page","type-page","status-publish","hentry"],"_links":{"self":[{"href":"https:\/\/consrosario.esteri.it\/es\/wp-json\/wp\/v2\/pages\/1072","targetHints":{"allow":["GET"]}}],"collection":[{"href":"https:\/\/consrosario.esteri.it\/es\/wp-json\/wp\/v2\/pages"}],"about":[{"href":"https:\/\/consrosario.esteri.it\/es\/wp-json\/wp\/v2\/types\/page"}],"author":[{"embeddable":true,"href":"https:\/\/consrosario.esteri.it\/es\/wp-json\/wp\/v2\/users\/5"}],"replies":[{"embeddable":true,"href":"https:\/\/consrosario.esteri.it\/es\/wp-json\/wp\/v2\/comments?post=1072"}],"version-history":[{"count":3,"href":"https:\/\/consrosario.esteri.it\/es\/wp-json\/wp\/v2\/pages\/1072\/revisions"}],"predecessor-version":[{"id":9150,"href":"https:\/\/consrosario.esteri.it\/es\/wp-json\/wp\/v2\/pages\/1072\/revisions\/9150"}],"up":[{"embeddable":true,"href":"https:\/\/consrosario.esteri.it\/es\/wp-json\/wp\/v2\/pages\/195"}],"wp:attachment":[{"href":"https:\/\/consrosario.esteri.it\/es\/wp-json\/wp\/v2\/media?parent=1072"}],"curies":[{"name":"wp","href":"https:\/\/api.w.org\/{rel}","templated":true}]}}