{"id":11150,"date":"2025-11-27T13:49:40","date_gmt":"2025-11-27T16:49:40","guid":{"rendered":"https:\/\/consrosario.esteri.it\/chi-siamo\/la-sede\/albo-dei-consoli-generali-ditalia-a-rosario\/"},"modified":"2025-11-27T14:09:15","modified_gmt":"2025-11-27T17:09:15","slug":"albo-dei-consoli-generali-ditalia-a-rosario","status":"publish","type":"page","link":"https:\/\/consrosario.esteri.it\/es\/chi-siamo\/la-sede\/albo-dei-consoli-generali-ditalia-a-rosario\/","title":{"rendered":"Registro de los C\u00f3nsules Generales de Italia en Rosario"},"content":{"rendered":"<p style=\"text-align: justify;\">La instituci\u00f3n consular italiana en Rosario cuenta con or\u00edgenes antiguos. Tras haber sido establecida como Real Viceconsulado del Reino de Cerde\u00f1a, dependiente del Consulado General en Buenos Aires, a partir de 1877 se convirti\u00f3 en un Real Consulado y, desde 1946, en Consulado General de la Rep\u00fablica. Con el paso del tiempo, la instituci\u00f3n ha acompa\u00f1ado el crecimiento de la numerosa colectividad italiana en la regi\u00f3n.<\/p>\n<p style=\"text-align: justify;\">En esta p\u00e1gina se presenta el Registro de los C\u00f3nsules Generales que se han sucedido a partir de 1948, a\u00f1o de la entrada en vigor de la Constituci\u00f3n.<\/p>\n<ul>\n<li style=\"text-align: justify;\">Magno SANTOVINCENZO (1948-1951)<\/li>\n<li style=\"text-align: justify;\">Romeo MONTECCHI PALAZZI (1951-1954)<\/li>\n<li style=\"text-align: justify;\">Romeo FIORI (1954-1958)<\/li>\n<li style=\"text-align: justify;\">Giovanni GIURATO (1958-1961)<\/li>\n<li style=\"text-align: justify;\">Adolfo CRESCINI (1962-1965)<\/li>\n<li style=\"text-align: justify;\">Salvatore BOTTA (1965-1968)<\/li>\n<li style=\"text-align: justify;\">Mario BATTISTI (1969-1971)<\/li>\n<li>Mario ROTELLI (1971-1973)<\/li>\n<li>Calogero VELLA (1974-1978)<\/li>\n<li>Alberto CABASSI (1978-1981)<\/li>\n<li>Antonio D&#8217;ANDRIA (1981-1985)<\/li>\n<li>Raimondo CELI (1985-1989)<\/li>\n<li>Luigi CALTAGIRONE (1989-1993)<\/li>\n<li>Enrico MORA (1993-1997)<\/li>\n<li>Mario TRAMPETTI (1997-2001)<\/li>\n<li>Giovanni MAROCCO (2001-2005)<\/li>\n<li>Claudio MISCIA (2005-2009)<\/li>\n<li>Rosario MICCICH\u00c8 (2009-2013)<\/li>\n<li>Giuseppe D&#8217;AGOSTO (2013-2017)<\/li>\n<li>Martin BROOK (2017-2021)<\/li>\n<li>Marco BOCCHI (2022-presente)<\/li>\n<\/ul>\n","protected":false},"excerpt":{"rendered":"La instituci\u00f3n consular italiana en Rosario cuenta con or\u00edgenes antiguos. Tras haber sido establecida como Real Viceconsulado del Reino de Cerde\u00f1a, dependiente del Consulado General en Buenos Aires, a partir de 1877 se convirti\u00f3 en un Real Consulado y, desde 1946, en Consulado General de la Rep\u00fablica. Con el paso del tiempo, la instituci\u00f3n ha [&hellip;]","protected":false},"author":10,"featured_media":0,"parent":164,"menu_order":0,"comment_status":"closed","ping_status":"closed","template":"","meta":{"footnotes":""},"class_list":["post-11150","page","type-page","status-publish","hentry"],"_links":{"self":[{"href":"https:\/\/consrosario.esteri.it\/es\/wp-json\/wp\/v2\/pages\/11150","targetHints":{"allow":["GET"]}}],"collection":[{"href":"https:\/\/consrosario.esteri.it\/es\/wp-json\/wp\/v2\/pages"}],"about":[{"href":"https:\/\/consrosario.esteri.it\/es\/wp-json\/wp\/v2\/types\/page"}],"author":[{"embeddable":true,"href":"https:\/\/consrosario.esteri.it\/es\/wp-json\/wp\/v2\/users\/10"}],"replies":[{"embeddable":true,"href":"https:\/\/consrosario.esteri.it\/es\/wp-json\/wp\/v2\/comments?post=11150"}],"version-history":[{"count":4,"href":"https:\/\/consrosario.esteri.it\/es\/wp-json\/wp\/v2\/pages\/11150\/revisions"}],"predecessor-version":[{"id":11172,"href":"https:\/\/consrosario.esteri.it\/es\/wp-json\/wp\/v2\/pages\/11150\/revisions\/11172"}],"up":[{"embeddable":true,"href":"https:\/\/consrosario.esteri.it\/es\/wp-json\/wp\/v2\/pages\/164"}],"wp:attachment":[{"href":"https:\/\/consrosario.esteri.it\/es\/wp-json\/wp\/v2\/media?parent=11150"}],"curies":[{"name":"wp","href":"https:\/\/api.w.org\/{rel}","templated":true}]}}