{"id":11532,"date":"2026-01-15T15:54:47","date_gmt":"2026-01-15T18:54:47","guid":{"rendered":"https:\/\/consrosario.esteri.it\/servizi-consolari-e-visti\/servizi-per-il-cittadino-italiano\/servizi-elettorali\/referendum-costituzionale-confermativo-22-e-23-marzo-2026\/"},"modified":"2026-03-14T10:11:05","modified_gmt":"2026-03-14T13:11:05","slug":"referendum-costituzionale-confermativo-22-e-23-marzo-2026","status":"publish","type":"page","link":"https:\/\/consrosario.esteri.it\/es\/servizi-consolari-e-visti\/servizi-per-il-cittadino-italiano\/servizi-elettorali\/referendum-costituzionale-confermativo-22-e-23-marzo-2026\/","title":{"rendered":"Refer\u00e9ndum constitucional confirmatorio (22 y 23 de marzo 2026)"},"content":{"rendered":"<p align=\"center\"><strong><img loading=\"lazy\" decoding=\"async\" class=\"img-fluid aligncenter wp-image-11563 size-large\" src=\"https:\/\/consrosario.esteri.it\/wp-content\/uploads\/2026\/01\/Referendum-immagine-1024x674.jpg\" alt=\"\" width=\"640\" height=\"421\" srcset=\"https:\/\/consrosario.esteri.it\/wp-content\/uploads\/2026\/01\/Referendum-immagine-1024x674.jpg 1024w, https:\/\/consrosario.esteri.it\/wp-content\/uploads\/2026\/01\/Referendum-immagine-300x198.jpg 300w, https:\/\/consrosario.esteri.it\/wp-content\/uploads\/2026\/01\/Referendum-immagine-768x506.jpg 768w, https:\/\/consrosario.esteri.it\/wp-content\/uploads\/2026\/01\/Referendum-immagine.jpg 1920w\" sizes=\"auto, (max-width: 640px) 100vw, 640px\" \/><\/strong><\/p>\n<p data-start=\"28\" data-end=\"128\">Toda la informaci\u00f3n, los comunicados, los formularios y el calendario se publicar\u00e1n en esta secci\u00f3n.<\/p>\n<p style=\"text-align: center;\" data-start=\"28\" data-end=\"128\"><a href=\"https:\/\/consrosario.esteri.it\/wp-content\/uploads\/2026\/02\/FOGLIO-INFORMATIVO.pdf\"><strong>&gt;&gt;&gt; HOJA INFORMATIVA &lt;&lt;&lt;<br \/>\n<\/strong><strong>cliquear aqu\u00ed<\/strong><\/a><\/p>\n<p style=\"text-align: justify;\" data-start=\"130\" data-end=\"254\">Se ruega enviar cualquier solicitud en materia electoral a la direcci\u00f3n de correo electr\u00f3nico: <a class=\"decorated-link cursor-pointer\" rel=\"noopener\" data-start=\"225\" data-end=\"253\">elettorale.rosario@esteri.it<\/a>.<\/p>\n<ul>\n<li data-start=\"130\" data-end=\"254\"><strong>03\/03\/2026<\/strong> &#8211; <a href=\"https:\/\/consrosario.esteri.it\/es\/news\/dal_consolato\/2026\/03\/referendum-costituzionale-22-23-marzo-2026-rilascio-dei-duplicati\/\">Comunicaci\u00f3n para la emisi\u00f3n de duplicados y aperturas extraordinarias<\/a>.<\/li>\n<li data-start=\"130\" data-end=\"254\"><strong>13\/02\/2026<\/strong> &#8211; <a href=\"https:\/\/consrosario.esteri.it\/wp-content\/uploads\/2026\/02\/FOGLIO-INFORMATIVO.pdf\">Publicaci\u00f3n hoja informativa \u00abVoto all&#8217;estero per corrispondenza &#8211; istruzioni per gli elettori\u00bb.<\/a><\/li>\n<li data-start=\"130\" data-end=\"254\"><strong>26\/01\/2026<\/strong> &#8211; <a href=\"https:\/\/consrosario.esteri.it\/es\/news\/dal_consolato\/2026\/01\/comunicato-opzione-per-gli-elettori-temporaneamente-allestero\/\">Comunicado opci\u00f3n de los electores temporalmente en el exterior<\/a>.<\/li>\n<li data-start=\"130\" data-end=\"254\"><strong>16\/01\/2026<\/strong> &#8211; <a href=\"https:\/\/consrosario.esteri.it\/es\/servizi-consolari-e-visti\/servizi-per-il-cittadino-italiano\/servizi-elettorali\/referendum-costituzionale-confermativo-22-e-23-marzo-2026\/informativa-di-carattere-generale\/\">Nota informativa de car\u00e1cter general.<\/a><\/li>\n<li data-start=\"130\" data-end=\"254\"><strong>14\/01\/2026<\/strong> \u2013 <a href=\"https:\/\/consrosario.esteri.it\/es\/news\/dal_consolato\/2026\/01\/referendum-costituzionale-confermativo-dei-giorni-22-e-23-marzo-2026\/\">Comunicado de convocatoria de las consultas referendarias y opci\u00f3n de voto en Italia para los electores inscritos en el A.I.R.E<\/a>.<\/li>\n<\/ul>\n","protected":false},"excerpt":{"rendered":"Toda la informaci\u00f3n, los comunicados, los formularios y el calendario se publicar\u00e1n en esta secci\u00f3n. &gt;&gt;&gt; HOJA INFORMATIVA &lt;&lt;&lt; cliquear aqu\u00ed Se ruega enviar cualquier solicitud en materia electoral a la direcci\u00f3n de correo electr\u00f3nico: elettorale.rosario@esteri.it. 03\/03\/2026 &#8211; Comunicaci\u00f3n para la emisi\u00f3n de duplicados y aperturas extraordinarias. 13\/02\/2026 &#8211; Publicaci\u00f3n hoja informativa \u00abVoto all&#8217;estero per [&hellip;]","protected":false},"author":10,"featured_media":0,"parent":204,"menu_order":0,"comment_status":"closed","ping_status":"closed","template":"","meta":{"footnotes":""},"class_list":["post-11532","page","type-page","status-publish","hentry"],"_links":{"self":[{"href":"https:\/\/consrosario.esteri.it\/es\/wp-json\/wp\/v2\/pages\/11532","targetHints":{"allow":["GET"]}}],"collection":[{"href":"https:\/\/consrosario.esteri.it\/es\/wp-json\/wp\/v2\/pages"}],"about":[{"href":"https:\/\/consrosario.esteri.it\/es\/wp-json\/wp\/v2\/types\/page"}],"author":[{"embeddable":true,"href":"https:\/\/consrosario.esteri.it\/es\/wp-json\/wp\/v2\/users\/10"}],"replies":[{"embeddable":true,"href":"https:\/\/consrosario.esteri.it\/es\/wp-json\/wp\/v2\/comments?post=11532"}],"version-history":[{"count":6,"href":"https:\/\/consrosario.esteri.it\/es\/wp-json\/wp\/v2\/pages\/11532\/revisions"}],"predecessor-version":[{"id":12463,"href":"https:\/\/consrosario.esteri.it\/es\/wp-json\/wp\/v2\/pages\/11532\/revisions\/12463"}],"up":[{"embeddable":true,"href":"https:\/\/consrosario.esteri.it\/es\/wp-json\/wp\/v2\/pages\/204"}],"wp:attachment":[{"href":"https:\/\/consrosario.esteri.it\/es\/wp-json\/wp\/v2\/media?parent=11532"}],"curies":[{"name":"wp","href":"https:\/\/api.w.org\/{rel}","templated":true}]}}