{"id":11549,"date":"2026-01-19T11:51:00","date_gmt":"2026-01-19T14:51:00","guid":{"rendered":"https:\/\/consrosario.esteri.it\/servizi-consolari-e-visti\/servizi-per-il-cittadino-italiano\/servizi-elettorali\/informativa-di-carattere-generale\/"},"modified":"2026-01-19T12:01:55","modified_gmt":"2026-01-19T15:01:55","slug":"informativa-di-carattere-generale","status":"publish","type":"page","link":"https:\/\/consrosario.esteri.it\/es\/servizi-consolari-e-visti\/servizi-per-il-cittadino-italiano\/servizi-elettorali\/referendum-costituzionale-confermativo-22-e-23-marzo-2026\/informativa-di-carattere-generale\/","title":{"rendered":"Nota informativa de car\u00e1cter general"},"content":{"rendered":"<div class=\"flex max-w-full flex-col grow\">\n<div class=\"min-h-8 text-message relative flex w-full flex-col items-end gap-2 text-start break-words whitespace-normal [.text-message+&amp;]:mt-1\" dir=\"auto\" data-message-author-role=\"assistant\" data-message-id=\"30ee69a9-6022-4481-991f-2af7bcf0c42e\" data-message-model-slug=\"gpt-5-2\">\n<div class=\"flex w-full flex-col gap-1 empty:hidden first:pt-[1px]\">\n<div class=\"markdown prose dark:prose-invert w-full break-words light markdown-new-styling\">\n<p style=\"text-align: justify;\" data-start=\"0\" data-end=\"51\"><strong data-start=\"0\" data-end=\"51\">Refer\u00e9ndum confirmatorio 22-23 de marzo de 2026<\/strong><\/p>\n<p style=\"text-align: justify;\" data-start=\"53\" data-end=\"410\"><strong data-start=\"53\" data-end=\"70\">\u00bfQu\u00e9 se vota? <\/strong>Mediante el Decreto del Presidente de la Rep\u00fablica de 13\/01\/2026, publicado en la Gaceta Oficial, Serie General, n.\u00ba 10 de 14\/01\/2026, se ha convocado un <strong>refer\u00e9ndum confirmatorio de conformidad con el art. 138 de la Constituci\u00f3n<\/strong>, relativo a: \u00ab<strong>Normas en materia de ordenamiento jurisdiccional y de instituci\u00f3n del Tribunal disciplinario<\/strong>\u00bb.<\/p>\n<p style=\"text-align: justify;\" data-start=\"412\" data-end=\"696\"><strong data-start=\"412\" data-end=\"430\">\u00bfC\u00f3mo se vota? El voto en el extranjero se realiza por correspondencia<\/strong>. Las papeletas deber\u00e1n reenviarse al consulado siguiendo atentamente <strong>las indicaciones del folleto informativo<\/strong> incluido en el sobre electoral y utilizando exclusivamente el material proporcionado en el mismo.<\/p>\n<p style=\"text-align: justify;\" data-start=\"698\" data-end=\"1382\"><strong data-start=\"698\" data-end=\"738\">\u00bfQui\u00e9n puede votar en el extranjero? Los electores inscritos en el AIRE<\/strong> (Registro de Italianos Residentes en el Extranjero), que recibir\u00e1n directamente el sobre electoral en su domicilio de residencia en el extranjero, as\u00ed como <strong>los italianos que se encuentren temporalmente en el extranjero por un per\u00edodo de al menos tres meses<\/strong>, exclusivamente POR MOTIVOS DE TRABAJO, ESTUDIO O TRATAMIENTOS M\u00c9DICOS, y los familiares que convivan con ellos en el extranjero.<br data-start=\"1162\" data-end=\"1165\" \/><strong data-start=\"1165\" data-end=\"1178\">ATENCI\u00d3N:<\/strong> el elector temporalmente en el extranjero debe presentar la solicitud correspondiente directamente al municipio italiano de residencia <strong data-start=\"1314\" data-end=\"1349\">ANTES DEL 18 DE FEBRERO DE 2026<\/strong> para recibir el sobre electoral.<\/p>\n<p style=\"text-align: justify;\" data-start=\"1384\" data-end=\"1685\"><strong data-start=\"1384\" data-end=\"1411\">\u00bfPuedo votar en Italia? <\/strong>Los electores inscritos en el AIRE que deseen votar en Italia deben comunicar su intenci\u00f3n al Consulado de referencia dentro del d\u00e9cimo d\u00eda siguiente a la convocatoria, es decir, <strong data-start=\"1593\" data-end=\"1617\">antes del 24\/01\/2026<\/strong>. Dicha decisi\u00f3n puede revocarse igualmente hasta el <strong data-start=\"1670\" data-end=\"1684\">24\/01\/2026<\/strong>.<\/p>\n<p style=\"text-align: justify;\" data-start=\"1687\" data-end=\"2334\" data-is-last-node=\"\" data-is-only-node=\"\"><strong data-start=\"1687\" data-end=\"1707\">\u00bfCu\u00e1ndo se vota? <span style=\"text-decoration: underline;\">En Italia se vota el domingo 22 y el lunes 23 de marzo de 2026. Los electores en el extranjero votan con antelaci\u00f3n, por correspondencia<\/span><\/strong>. Los sobres se enviar\u00e1n al domicilio de residencia a m\u00e1s tardar el <strong data-start=\"1914\" data-end=\"1936\">4 de marzo de 2026<\/strong>. Solo se remitir\u00e1n a Italia para el escrutinio las papeletas votadas que lleguen a la oficina consular de referencia <strong data-start=\"2056\" data-end=\"2081\">DENTRO Y NO M\u00c1S TARDE<\/strong> de las <strong data-start=\"2089\" data-end=\"2143\">16:00 horas locales del jueves 19 DE MARZO DE 2026<\/strong>.<br data-start=\"2144\" data-end=\"2147\" \/><strong data-start=\"2147\" data-end=\"2160\">ATENCI\u00d3N:<\/strong> los electores que <strong data-start=\"2179\" data-end=\"2211\">ANTES DEL 8 DE MARZO DE 2026<\/strong> a\u00fan no hayan recibido el sobre electoral podr\u00e1n ponerse en contacto con su oficina consular para obtener un <strong data-start=\"2320\" data-end=\"2333\">DUPLICADO<\/strong>.<\/p>\n<\/div>\n<\/div>\n<\/div>\n<\/div>\n","protected":false},"excerpt":{"rendered":"Refer\u00e9ndum confirmatorio 22-23 de marzo de 2026 \u00bfQu\u00e9 se vota? Mediante el Decreto del Presidente de la Rep\u00fablica de 13\/01\/2026, publicado en la Gaceta Oficial, Serie General, n.\u00ba 10 de 14\/01\/2026, se ha convocado un refer\u00e9ndum confirmatorio de conformidad con el art. 138 de la Constituci\u00f3n, relativo a: \u00abNormas en materia de ordenamiento jurisdiccional y [&hellip;]","protected":false},"author":10,"featured_media":0,"parent":11532,"menu_order":0,"comment_status":"closed","ping_status":"closed","template":"","meta":{"footnotes":""},"class_list":["post-11549","page","type-page","status-publish","hentry"],"_links":{"self":[{"href":"https:\/\/consrosario.esteri.it\/es\/wp-json\/wp\/v2\/pages\/11549","targetHints":{"allow":["GET"]}}],"collection":[{"href":"https:\/\/consrosario.esteri.it\/es\/wp-json\/wp\/v2\/pages"}],"about":[{"href":"https:\/\/consrosario.esteri.it\/es\/wp-json\/wp\/v2\/types\/page"}],"author":[{"embeddable":true,"href":"https:\/\/consrosario.esteri.it\/es\/wp-json\/wp\/v2\/users\/10"}],"replies":[{"embeddable":true,"href":"https:\/\/consrosario.esteri.it\/es\/wp-json\/wp\/v2\/comments?post=11549"}],"version-history":[{"count":2,"href":"https:\/\/consrosario.esteri.it\/es\/wp-json\/wp\/v2\/pages\/11549\/revisions"}],"predecessor-version":[{"id":11557,"href":"https:\/\/consrosario.esteri.it\/es\/wp-json\/wp\/v2\/pages\/11549\/revisions\/11557"}],"up":[{"embeddable":true,"href":"https:\/\/consrosario.esteri.it\/es\/wp-json\/wp\/v2\/pages\/11532"}],"wp:attachment":[{"href":"https:\/\/consrosario.esteri.it\/es\/wp-json\/wp\/v2\/media?parent=11549"}],"curies":[{"name":"wp","href":"https:\/\/api.w.org\/{rel}","templated":true}]}}