{"id":11888,"date":"2026-02-05T12:58:11","date_gmt":"2026-02-05T15:58:11","guid":{"rendered":"https:\/\/consrosario.esteri.it\/italia-e-argentina\/diplomazia-culturale\/lingua-e-cultura-italiana\/documentario-oltre-il-parana-storie-italiane-da-rosario-alle-frontiere\/"},"modified":"2026-02-05T13:03:18","modified_gmt":"2026-02-05T16:03:18","slug":"documentario-oltre-il-parana-storie-italiane-da-rosario-alle-frontiere","status":"publish","type":"page","link":"https:\/\/consrosario.esteri.it\/es\/italia-e-argentina\/diplomazia-culturale\/lingua-e-cultura-italiana\/documentario-oltre-il-parana-storie-italiane-da-rosario-alle-frontiere\/","title":{"rendered":"Documental \u00abMas all\u00e1 del Paran\u00e1 &#8211; Historias italianas desde Rosario hasta las fronteras\u00bb"},"content":{"rendered":"<p style=\"text-align: justify;\" data-start=\"669\" data-end=\"1264\"><img loading=\"lazy\" decoding=\"async\" class=\" wp-image-11881 img-fluid aligncenter\" src=\"https:\/\/consrosario.esteri.it\/wp-content\/uploads\/2026\/02\/Oltre-il-Parana_Locandina-240x300.jpg\" alt=\"\" width=\"276\" height=\"346\" srcset=\"https:\/\/consrosario.esteri.it\/wp-content\/uploads\/2026\/02\/Oltre-il-Parana_Locandina-240x300.jpg 240w, https:\/\/consrosario.esteri.it\/wp-content\/uploads\/2026\/02\/Oltre-il-Parana_Locandina-819x1024.jpg 819w, https:\/\/consrosario.esteri.it\/wp-content\/uploads\/2026\/02\/Oltre-il-Parana_Locandina-768x960.jpg 768w, https:\/\/consrosario.esteri.it\/wp-content\/uploads\/2026\/02\/Oltre-il-Parana_Locandina.jpg 1200w\" sizes=\"auto, (max-width: 276px) 100vw, 276px\" \/><\/p>\n<p style=\"text-align: center;\" data-start=\"669\" data-end=\"1264\"><a href=\"https:\/\/www.youtube.com\/watch?v=ZfpYnJPsFlg\">Mas all\u00e1 del Paran\u00e1 &#8211; Historias italianas desde Rosario hasta las fronteras<\/a><\/p>\n<p style=\"text-align: justify;\" data-start=\"669\" data-end=\"1264\">Siguiendo el r\u00edo como met\u00e1fora de una identidad en movimiento, el documental habla de las comunidades italianas del distrito del Consulado General de Italia en Rosario. A trav\u00e9s de rostros, lugares e historias entre Rosario, Santa Fe, Paran\u00e1, Esquina, Resistencia y Corrientes, memoria y futuro se entrelazan, mostrando c\u00f3mo el legado italiano contin\u00faa transform\u00e1ndose e inspira a las nuevas generaciones \u00edtalo-argentinas.<\/p>\n<p data-start=\"669\" data-end=\"1264\">El documental es un homenaje a todos los italo-argentinos bajo la jurisdicci\u00f3n del Consulado General de Italia en Rosario.<\/p>\n<p data-start=\"669\" data-end=\"1264\">Un redescubrimiento de las ra\u00edces de una identidad \u00edtalo-argentina en constante evoluci\u00f3n.<\/p>\n<p style=\"text-align: center;\" data-start=\"669\" data-end=\"1264\">\n","protected":false},"excerpt":{"rendered":"Mas all\u00e1 del Paran\u00e1 &#8211; Historias italianas desde Rosario hasta las fronteras Siguiendo el r\u00edo como met\u00e1fora de una identidad en movimiento, el documental habla de las comunidades italianas del distrito del Consulado General de Italia en Rosario. A trav\u00e9s de rostros, lugares e historias entre Rosario, Santa Fe, Paran\u00e1, Esquina, Resistencia y Corrientes, memoria [&hellip;]","protected":false},"author":10,"featured_media":0,"parent":185,"menu_order":0,"comment_status":"closed","ping_status":"closed","template":"","meta":{"footnotes":""},"class_list":["post-11888","page","type-page","status-publish","hentry"],"_links":{"self":[{"href":"https:\/\/consrosario.esteri.it\/es\/wp-json\/wp\/v2\/pages\/11888","targetHints":{"allow":["GET"]}}],"collection":[{"href":"https:\/\/consrosario.esteri.it\/es\/wp-json\/wp\/v2\/pages"}],"about":[{"href":"https:\/\/consrosario.esteri.it\/es\/wp-json\/wp\/v2\/types\/page"}],"author":[{"embeddable":true,"href":"https:\/\/consrosario.esteri.it\/es\/wp-json\/wp\/v2\/users\/10"}],"replies":[{"embeddable":true,"href":"https:\/\/consrosario.esteri.it\/es\/wp-json\/wp\/v2\/comments?post=11888"}],"version-history":[{"count":2,"href":"https:\/\/consrosario.esteri.it\/es\/wp-json\/wp\/v2\/pages\/11888\/revisions"}],"predecessor-version":[{"id":11892,"href":"https:\/\/consrosario.esteri.it\/es\/wp-json\/wp\/v2\/pages\/11888\/revisions\/11892"}],"up":[{"embeddable":true,"href":"https:\/\/consrosario.esteri.it\/es\/wp-json\/wp\/v2\/pages\/185"}],"wp:attachment":[{"href":"https:\/\/consrosario.esteri.it\/es\/wp-json\/wp\/v2\/media?parent=11888"}],"curies":[{"name":"wp","href":"https:\/\/api.w.org\/{rel}","templated":true}]}}