{"id":161,"date":"2023-04-03T18:24:11","date_gmt":"2023-04-03T21:24:11","guid":{"rendered":"https:\/\/consrosario.esteri.it\/servizi-consolari-e-visti\/"},"modified":"2026-02-20T16:18:54","modified_gmt":"2026-02-20T19:18:54","slug":"servizi-consolari-e-visti","status":"publish","type":"page","link":"https:\/\/consrosario.esteri.it\/es\/servizi-consolari-e-visti\/","title":{"rendered":"Servicios consulares y de Visados"},"content":{"rendered":"<div class=\"ebT7ne iC15Kb sMVRZe\">\n<div class=\"F0pQVc\" style=\"text-align: justify;\">El Consulado General de Italia en Rosario opera para garantizar la protecci\u00f3n de los ciudadanos italianos en el exterior, asegur\u00e1ndoles una amplia gama de servicios consulares. La actividad de la Sede se inspira en los principios de igualdad, imparcialidad, eficiencia y transparencia, con el objetivo prioritario de proteger los derechos fundamentales y las libertades individuales de los connacionales, en el respeto de la normativa vigente y del papel institucional de la representaci\u00f3n consular.<\/div>\n<\/div>\n<ul style=\"text-align: justify;\">\n<li data-order=\"0\"><a class=\"list-item\" title=\"Servicios para el ciudadano italiano\" href=\"https:\/\/consrosario.esteri.it\/es\/servizi-consolari-e-visti\/servizi-per-il-cittadino-italiano\/\">Servicios para el ciudadano italiano<\/a><\/li>\n<li data-order=\"2\"><a class=\"list-item\" title=\"Servicios para el ciudadano extranjero\" href=\"https:\/\/consrosario.esteri.it\/es\/servizi-consolari-e-visti\/servizi-per-il-cittadino-straniero\/\" data-focus-mouse=\"false\">Servicios para el ciudadano extranjero<\/a><\/li>\n<\/ul>\n<p style=\"text-align: justify;\" data-start=\"58\" data-end=\"183\">Para conocer los d\u00edas y horarios de apertura de los turnos para los servicios que se conceden con cita previa, haz <a href=\"https:\/\/consrosario.esteri.it\/es\/chi-siamo\/la-sede\/prenota-lappuntamento\/\">clic aqu\u00ed<\/a>.<\/p>\n<p style=\"text-align: justify;\" data-start=\"185\" data-end=\"300\">En la secci\u00f3n <a href=\"https:\/\/consrosario.esteri.it\/es\/chi-siamo\/la-sede\/modulistica\/\">Formularios<\/a> se pueden descargar los formularios actualmente vigentes requeridos para cada tr\u00e1mite.<\/p>\n<p style=\"text-align: justify;\" data-start=\"302\" data-end=\"552\">Para informaci\u00f3n de car\u00e1cter general, siempre est\u00e1 disponible nuestro servicio gratuito de chatbot <a href=\"https:\/\/consrosario.esteri.it\/es\/chi-siamo\/contatti\/rosita-nuovo-assistente-virtuale-del-consolato-generale-ditalia-a-rosario\/\">RosIta<\/a>.<\/p>\n<p style=\"text-align: justify;\" data-start=\"554\" data-end=\"692\">Para recibir nuestra Newsletter y estar siempre al tanto de las actividades realizadas por este Consulado General, haz <a href=\"https:\/\/consrosario.esteri.it\/es\/chi-siamo\/la-sede\/newsletter-italiarosario\/\">clic aqu\u00ed<\/a>.<\/p>\n<p style=\"text-align: justify;\" data-start=\"428\" data-end=\"753\">En el Consulado General tambi\u00e9n est\u00e1 activa una <a href=\"https:\/\/consrosario.esteri.it\/es\/italia-e-argentina\/diplomazia-culturale\/lingua-e-cultura-italiana\/ufficio-scolastico-e-corsi-di-italiano\/\">Oficina Escolar<\/a>, cuyo objetivo es promover la ense\u00f1anza de la lengua y la cultura italianas en toda la circunscripci\u00f3n consular competente, mediante la colaboraci\u00f3n directa con el sistema escolar local y con los organismos e instituciones que operan en el \u00e1mbito educativo. La direccion de correo electronico es la siguiente: <a href=\"mailto:dirscuola.rosario@esteri.it\">dirscuola.rosario@esteri.it.<\/a><\/p>\n","protected":false},"excerpt":{"rendered":"El Consulado General de Italia en Rosario opera para garantizar la protecci\u00f3n de los ciudadanos italianos en el exterior, asegur\u00e1ndoles una amplia gama de servicios consulares. La actividad de la Sede se inspira en los principios de igualdad, imparcialidad, eficiencia y transparencia, con el objetivo prioritario de proteger los derechos fundamentales y las libertades individuales [&hellip;]","protected":false},"author":1,"featured_media":0,"parent":0,"menu_order":6,"comment_status":"closed","ping_status":"closed","template":"","meta":{"footnotes":""},"class_list":["post-161","page","type-page","status-publish","hentry"],"_links":{"self":[{"href":"https:\/\/consrosario.esteri.it\/es\/wp-json\/wp\/v2\/pages\/161","targetHints":{"allow":["GET"]}}],"collection":[{"href":"https:\/\/consrosario.esteri.it\/es\/wp-json\/wp\/v2\/pages"}],"about":[{"href":"https:\/\/consrosario.esteri.it\/es\/wp-json\/wp\/v2\/types\/page"}],"author":[{"embeddable":true,"href":"https:\/\/consrosario.esteri.it\/es\/wp-json\/wp\/v2\/users\/1"}],"replies":[{"embeddable":true,"href":"https:\/\/consrosario.esteri.it\/es\/wp-json\/wp\/v2\/comments?post=161"}],"version-history":[{"count":6,"href":"https:\/\/consrosario.esteri.it\/es\/wp-json\/wp\/v2\/pages\/161\/revisions"}],"predecessor-version":[{"id":12203,"href":"https:\/\/consrosario.esteri.it\/es\/wp-json\/wp\/v2\/pages\/161\/revisions\/12203"}],"wp:attachment":[{"href":"https:\/\/consrosario.esteri.it\/es\/wp-json\/wp\/v2\/media?parent=161"}],"curies":[{"name":"wp","href":"https:\/\/api.w.org\/{rel}","templated":true}]}}