{"id":163,"date":"2023-04-03T19:15:16","date_gmt":"2023-04-03T22:15:16","guid":{"rendered":"https:\/\/consrosario.esteri.it\/chi-siamo\/il-console-generale\/"},"modified":"2024-11-18T14:43:22","modified_gmt":"2024-11-18T17:43:22","slug":"il-console-generale","status":"publish","type":"page","link":"https:\/\/consrosario.esteri.it\/es\/chi-siamo\/il-console-generale\/","title":{"rendered":"El C\u00f3nsul General"},"content":{"rendered":"<p><img loading=\"lazy\" decoding=\"async\" class=\"alignright\" style=\"border-color: #FFF;\" src=\"https:\/\/consrosario.esteri.it\/wp-content\/uploads\/2024\/11\/bocchi-682x1024.jpeg\" alt=\"Console Generale Marco Bocchi\" width=\"240\" height=\"360\" align=\"right\" border=\"5\" \/><\/p>\n<p style=\"text-align: justify;\"><strong>Marco Bocchi<\/strong> naci\u00f3 en Parma en 1988. Tras graduarse en el bachillerato cl\u00e1sico, se gradu\u00f3 en derecho por la Universidad de Parma y posteriormente obtuvo un doctorado en derecho internacional p\u00fablico en la Universidad Tor Vergata de Roma.<\/p>\n<p style=\"text-align: justify;\">Diplom\u00e1tico de carrera, comenz\u00f3 la misma en el Ministerio de Asuntos Exteriores y de la Cooperaci\u00f3n Internacional trabajando en la Direcci\u00f3n General para Europa y la pol\u00edtica comercial internacional.<\/p>\n<p style=\"text-align: justify;\">Desde el 24 de febrero de 2022 es C\u00f3nsul General de Italia en Rosario.<\/p>\n<p style=\"text-align: justify;\">Antes de iniciar su carrera diplom\u00e1tica, trabaj\u00f3 como investigador y profesor en el sector acad\u00e9mico y fue habilitado al ejercicio de la abogac\u00eda en el Tribunal de Apelaci\u00f3n de Roma.<\/p>\n<p style=\"text-align: justify;\">Es autor de diversas publicaciones cient\u00edficas sobre derecho internacional y de la Uni\u00f3n Europea.<\/p>\n<p><em><a href=\"https:\/\/consrosario.esteri.it\/wp-content\/uploads\/2023\/10\/messaggio_es.pdf\" target=\"_blank\" rel=\"noopener\">Mensaje del C\u00f3nsul General Marco Bocchi<\/a><\/em><\/p>\n<p>&nbsp;<\/p>\n","protected":false},"excerpt":{"rendered":"Marco Bocchi naci\u00f3 en Parma en 1988. Tras graduarse en el bachillerato cl\u00e1sico, se gradu\u00f3 en derecho por la Universidad de Parma y posteriormente obtuvo un doctorado en derecho internacional p\u00fablico en la Universidad Tor Vergata de Roma. Diplom\u00e1tico de carrera, comenz\u00f3 la misma en el Ministerio de Asuntos Exteriores y de la Cooperaci\u00f3n Internacional [&hellip;]","protected":false},"author":1,"featured_media":0,"parent":159,"menu_order":0,"comment_status":"closed","ping_status":"closed","template":"","meta":{"footnotes":""},"class_list":["post-163","page","type-page","status-publish","hentry"],"_links":{"self":[{"href":"https:\/\/consrosario.esteri.it\/es\/wp-json\/wp\/v2\/pages\/163","targetHints":{"allow":["GET"]}}],"collection":[{"href":"https:\/\/consrosario.esteri.it\/es\/wp-json\/wp\/v2\/pages"}],"about":[{"href":"https:\/\/consrosario.esteri.it\/es\/wp-json\/wp\/v2\/types\/page"}],"author":[{"embeddable":true,"href":"https:\/\/consrosario.esteri.it\/es\/wp-json\/wp\/v2\/users\/1"}],"replies":[{"embeddable":true,"href":"https:\/\/consrosario.esteri.it\/es\/wp-json\/wp\/v2\/comments?post=163"}],"version-history":[{"count":2,"href":"https:\/\/consrosario.esteri.it\/es\/wp-json\/wp\/v2\/pages\/163\/revisions"}],"predecessor-version":[{"id":6473,"href":"https:\/\/consrosario.esteri.it\/es\/wp-json\/wp\/v2\/pages\/163\/revisions\/6473"}],"up":[{"embeddable":true,"href":"https:\/\/consrosario.esteri.it\/es\/wp-json\/wp\/v2\/pages\/159"}],"wp:attachment":[{"href":"https:\/\/consrosario.esteri.it\/es\/wp-json\/wp\/v2\/media?parent=163"}],"curies":[{"name":"wp","href":"https:\/\/api.w.org\/{rel}","templated":true}]}}