{"id":165,"date":"2023-04-03T19:15:47","date_gmt":"2023-04-03T22:15:47","guid":{"rendered":"https:\/\/consrosario.esteri.it\/chi-siamo\/gli-uffici\/"},"modified":"2026-01-29T15:16:33","modified_gmt":"2026-01-29T18:16:33","slug":"gli-uffici","status":"publish","type":"page","link":"https:\/\/consrosario.esteri.it\/es\/chi-siamo\/gli-uffici\/","title":{"rendered":"Las oficinas"},"content":{"rendered":"<p><strong>Oficina del C\u00f3nsul General\u00a0<\/strong><br \/>\n<a href=\"mailto:titolare.rosario@esteri.it\">titolare.rosario@esteri.it<\/a><\/p>\n<p><strong>Secretar\u00eda del C\u00f3nsul General<\/strong><br \/>\n<a href=\"mailto:segreteria.rosario@esteri.it\">segreteria.rosario@esteri.it<\/a><\/p>\n<p><strong>Oficina Escolar<\/strong><br \/>\n<a href=\"mailto:dirscuola.rosario@esteri.it\">dirscuola.rosario@esteri.it<\/a><\/p>\n<p><strong>Oficina de Administraci\u00f3n y Contabilidad<\/strong><br \/>\n<a href=\"mailto:amm.rosario@esteri.it\">amm.rosario@esteri.it<br \/>\nc<\/a><a href=\"mailto:ontabile.rosario@esteri.it\">ontabile.rosario@esteri.it<\/a><\/p>\n<p><strong>Servicios consulares:<\/strong><span style=\"text-decoration: underline;\"><br \/>\n<\/span>(<a href=\"https:\/\/consrosario.esteri.it\/es\/servizi-consolari-e-visti\/\">cliquear aqu\u00ed<\/a> para consultar las competencias de cada oficina)<\/p>\n<p style=\"margin-left: 30px;\"><strong>Oficina de Ciudadan\u00eda<\/strong><br \/>\n<a href=\"mailto:cittadinanza.rosario@esteri.it\">cittadinanza.rosario@esteri.it<\/a><\/p>\n<p style=\"margin-left: 30px;\"><strong>Oficina de Registro consular y estado civil<\/strong><br \/>\n<a href=\"mailto:civilrosario.anagrafe1@esteri.it\">rosario.anagrafe1@esteri.it<\/a><\/p>\n<p style=\"margin-left: 30px;\"><strong>Oficina de Pasaportes<\/strong><br \/>\n<a href=\"mailto:passaporti.rosario@esteri.it\">passaporti.rosario@esteri.it<\/a><\/p>\n<p style=\"margin-left: 30px;\"><strong>Oficina de Visas<\/strong><br \/>\n<a href=\"mailto:visti.rosario@esteri.it\">visti.rosario@esteri.it<\/a><\/p>\n<p style=\"margin-left: 30px;\"><strong>Oficina de Asistencia Social<\/strong><br \/>\n<a href=\"mailto:assistenza.rosario@esteri.it\">assistenza.rosario@esteri.it<\/a><\/p>\n<p style=\"margin-left: 30px;\"><strong>Oficina Legal (notarial, pensiones, estudios)<\/strong><br \/>\n<a href=\"mailto:legale.rosario@esteri.it\">legale.rosario@esteri.it<\/a><\/p>\n","protected":false},"excerpt":{"rendered":"Oficina del C\u00f3nsul General\u00a0 titolare.rosario@esteri.it Secretar\u00eda del C\u00f3nsul General segreteria.rosario@esteri.it Oficina Escolar dirscuola.rosario@esteri.it Oficina de Administraci\u00f3n y Contabilidad amm.rosario@esteri.it contabile.rosario@esteri.it Servicios consulares: (cliquear aqu\u00ed para consultar las competencias de cada oficina) Oficina de Ciudadan\u00eda cittadinanza.rosario@esteri.it Oficina de Registro consular y estado civil rosario.anagrafe1@esteri.it Oficina de Pasaportes passaporti.rosario@esteri.it Oficina de Visas visti.rosario@esteri.it Oficina de Asistencia Social [&hellip;]","protected":false},"author":1,"featured_media":0,"parent":159,"menu_order":6,"comment_status":"closed","ping_status":"closed","template":"","meta":{"footnotes":""},"class_list":["post-165","page","type-page","status-publish","hentry"],"_links":{"self":[{"href":"https:\/\/consrosario.esteri.it\/es\/wp-json\/wp\/v2\/pages\/165","targetHints":{"allow":["GET"]}}],"collection":[{"href":"https:\/\/consrosario.esteri.it\/es\/wp-json\/wp\/v2\/pages"}],"about":[{"href":"https:\/\/consrosario.esteri.it\/es\/wp-json\/wp\/v2\/types\/page"}],"author":[{"embeddable":true,"href":"https:\/\/consrosario.esteri.it\/es\/wp-json\/wp\/v2\/users\/1"}],"replies":[{"embeddable":true,"href":"https:\/\/consrosario.esteri.it\/es\/wp-json\/wp\/v2\/comments?post=165"}],"version-history":[{"count":6,"href":"https:\/\/consrosario.esteri.it\/es\/wp-json\/wp\/v2\/pages\/165\/revisions"}],"predecessor-version":[{"id":11690,"href":"https:\/\/consrosario.esteri.it\/es\/wp-json\/wp\/v2\/pages\/165\/revisions\/11690"}],"up":[{"embeddable":true,"href":"https:\/\/consrosario.esteri.it\/es\/wp-json\/wp\/v2\/pages\/159"}],"wp:attachment":[{"href":"https:\/\/consrosario.esteri.it\/es\/wp-json\/wp\/v2\/media?parent=165"}],"curies":[{"name":"wp","href":"https:\/\/api.w.org\/{rel}","templated":true}]}}