{"id":166,"date":"2023-04-03T19:15:59","date_gmt":"2023-04-03T22:15:59","guid":{"rendered":"https:\/\/consrosario.esteri.it\/chi-siamo\/contatti\/"},"modified":"2026-02-03T14:12:45","modified_gmt":"2026-02-03T17:12:45","slug":"contatti","status":"publish","type":"page","link":"https:\/\/consrosario.esteri.it\/es\/chi-siamo\/contatti\/","title":{"rendered":"Contacto"},"content":{"rendered":"<p style=\"text-align: justify;\"><strong>CONSULADO GENERAL DE ITALIA EN ROSARIO<\/strong><\/p>\n<table style=\"width: 277px; height: 58px;\" border=\"0\">\n<tbody>\n<tr>\n<td><a href=\"http:\/\/x.com\/italyinrosario\"><img loading=\"lazy\" decoding=\"async\" class=\"img-fluid alignnone wp-image-3477\" src=\"https:\/\/consrosario.esteri.it\/wp-content\/uploads\/2024\/02\/x.png\" alt=\"\" width=\"50\" height=\"50\" srcset=\"https:\/\/consrosario.esteri.it\/wp-content\/uploads\/2024\/02\/x.png 199w, https:\/\/consrosario.esteri.it\/wp-content\/uploads\/2024\/02\/x-150x150.png 150w\" sizes=\"auto, (max-width: 50px) 100vw, 50px\" \/><\/a><\/td>\n<td><a href=\"https:\/\/www.instagram.com\/italyinrosario\/\" target=\"_blank\" rel=\"noopener\"><img loading=\"lazy\" decoding=\"async\" class=\"alignnone size-full wp-image-291 img-fluid\" src=\"https:\/\/consrosario.esteri.it\/wp-content\/uploads\/2023\/05\/ig.jpg\" alt=\"\" width=\"50\" height=\"50\" srcset=\"https:\/\/consrosario.esteri.it\/wp-content\/uploads\/2023\/05\/ig.jpg 163w, https:\/\/consrosario.esteri.it\/wp-content\/uploads\/2023\/05\/ig-150x150.jpg 150w\" sizes=\"auto, (max-width: 50px) 100vw, 50px\" \/><\/a><\/td>\n<td><a href=\"https:\/\/www.facebook.com\/italyinrosario\" target=\"_blank\" rel=\"noopener\"><img loading=\"lazy\" decoding=\"async\" class=\"alignnone size-full wp-image-289 img-fluid\" src=\"https:\/\/consrosario.esteri.it\/wp-content\/uploads\/2023\/05\/fb.jpg\" alt=\"\" width=\"50\" height=\"50\" srcset=\"https:\/\/consrosario.esteri.it\/wp-content\/uploads\/2023\/05\/fb.jpg 163w, https:\/\/consrosario.esteri.it\/wp-content\/uploads\/2023\/05\/fb-150x150.jpg 150w\" sizes=\"auto, (max-width: 50px) 100vw, 50px\" \/><\/a><\/td>\n<td><a href=\"https:\/\/wa.me\/5493412587798\" target=\"_blank\" rel=\"noopener\"><img loading=\"lazy\" decoding=\"async\" class=\"alignnone size-full wp-image-295 img-fluid\" src=\"https:\/\/consrosario.esteri.it\/wp-content\/uploads\/2023\/05\/wa.jpg\" alt=\"\" width=\"50\" height=\"50\" srcset=\"https:\/\/consrosario.esteri.it\/wp-content\/uploads\/2023\/05\/wa.jpg 163w, https:\/\/consrosario.esteri.it\/wp-content\/uploads\/2023\/05\/wa-150x150.jpg 150w\" sizes=\"auto, (max-width: 50px) 100vw, 50px\" \/><\/a><\/td>\n<td><a href=\"https:\/\/www.threads.net\/@italyinrosario\"><img loading=\"lazy\" decoding=\"async\" class=\"img-fluid alignnone wp-image-3482\" src=\"https:\/\/consrosario.esteri.it\/wp-content\/uploads\/2024\/02\/threads.png\" alt=\"\" width=\"50\" height=\"50\" srcset=\"https:\/\/consrosario.esteri.it\/wp-content\/uploads\/2024\/02\/threads.png 199w, https:\/\/consrosario.esteri.it\/wp-content\/uploads\/2024\/02\/threads-150x150.png 150w\" sizes=\"auto, (max-width: 50px) 100vw, 50px\" \/><\/a><\/td>\n<td><a href=\"https:\/\/www.youtube.com\/@italyinrosario\"><img loading=\"lazy\" decoding=\"async\" class=\"img-fluid alignnone wp-image-3482\" src=\"https:\/\/consrosario.esteri.it\/wp-content\/uploads\/2024\/05\/yt.png\" alt=\"\" width=\"50\" height=\"50\" \/><\/a><\/td>\n<\/tr>\n<\/tbody>\n<\/table>\n<p style=\"text-align: justify;\"><strong><span style=\"text-decoration: underline;\">Direccion:<\/span><\/strong><br \/>\nMontevideo 2182<br \/>\n(S2000BSR) ROSARIO (Santa Fe)<br \/>\nARGENTINA<\/p>\n<p style=\"text-align: justify;\"><strong><span style=\"text-decoration: underline;\">Horario de atenci\u00f3n al publico:<\/span><\/strong><br \/>\nLunes a Viernes de 8:30 a 11:30<\/p>\n<p style=\"text-align: justify;\"><strong><span style=\"text-decoration: underline;\">Contactos:<\/span><\/strong><br \/>\n<strong>Servicio de Call Center:<\/strong> 0800-220-2182 (de lunes a viernes de 08:00 a 14:00 h)<br \/>\n<strong>Servicio de Chatbot \u00abRosIta\u00bb:<\/strong> <a href=\"https:\/\/wa.me\/5493412587798\">https:\/\/wa.me\/5493412587798<\/a><br \/>\n<strong>Tel\u00e9fono:<\/strong> (0054) 0341-4407020 \/ 21 \/ 22<br \/>\n<strong>E-mail:<\/strong> <a href=\"mailto:segreteria.rosario@esteri.it\">segreteria.rosario@esteri.it<\/a><\/p>\n<p>&nbsp;<\/p>\n<p style=\"text-align: justify;\"><span style=\"text-decoration: underline;\"><strong style=\"text-align: justify;\">Se ruega consultar atentamente las distintas secciones del sitio web antes de enviar mensajes de correo electr\u00f3nico con solicitudes de informaci\u00f3n. Este Consulado General solo podr\u00e1 responder a correos electr\u00f3nicos relacionados con asuntos que no est\u00e9n ya explicados en el sitio.<\/strong><\/span><\/p>\n<p>&nbsp;<\/p>\n<p style=\"text-align: justify;\"><strong><span style=\"text-decoration: underline;\">Netiquetas para nuestras redes sociales:<\/span><\/strong><br \/>\nEste Consulado General utiliza las redes sociales con fines institucionales para aumentar la transparencia y el conocimiento de sus actividades: informa, comunica, escucha y publica contenidos de car\u00e1cter institucional. Le\u00e9 las \u00abnetiquetas\u00bb <a href=\"https:\/\/consrosario.esteri.it\/es\/chi-siamo\/contatti\/netiquette-social-media\/\">cliqueando aqu\u00ed<\/a>.<\/p>\n<p style=\"text-align: justify;\"><strong><span style=\"text-decoration: underline;\">Normas de acceso a la sede:<\/span><\/strong><br \/>\n<strong><a href=\"https:\/\/consrosario.esteri.it\/wp-content\/uploads\/2024\/05\/Norme-di-accesso-1.pdf\" target=\"_blank\" rel=\"noopener\"><strong>Cliquear aqu\u00ed<\/strong><\/a><\/strong><\/p>\n<p style=\"text-align: justify;\"><strong><span style=\"text-decoration: underline;\">Se listan a continuaci\u00f3n los feriados de 2025 y de 2026 en los que el Consulado General permanecer\u00e1 cerrado:<\/span><\/strong><\/p>\n<p style=\"text-align: justify;\">25 de diciembre &#8211; Navidad<br \/>\n26 de diciembre &#8211; San Esteban<\/p>\n<p>01 de enero &#8211; A\u00f1o nuevo<br \/>\n03 de abril -Viernes santo<br \/>\n06 de abril &#8211; Lunes del \u00c1ngel<br \/>\n25 de abril &#8211; D\u00eda de la Liberaci\u00f3n<br \/>\n01 de mayo &#8211; D\u00eda del trabajador<br \/>\n25 de mayo &#8211; D\u00eda de la Revoluci\u00f3n de Mayo<br \/>\n02 de junio &#8211; D\u00eda de la Rep\u00fablica<br \/>\n09 de julio &#8211; D\u00eda de la Independencia<br \/>\n04 de octubre &#8211; San Francesco<br \/>\n12 de octubre &#8211; D\u00eda del Respeto a la Diversidad<br \/>\n25 de diciembre &#8211; Navidad<br \/>\n26 de diciembre &#8211; San Esteban<\/p>\n<table style=\"width: 289px; height: 323px;\" border=\"0\">\n<tbody>\n<tr>\n<td style=\"text-align: left;\" colspan=\"3\"><iframe loading=\"lazy\" style=\"border: 0px currentColor; float: right;\" src=\"https:\/\/www.google.com\/maps\/embed?pb=!1m18!1m12!1m3!1d3347.9054664823816!2d-60.65743216915894!3d-32.95350517552513!2m3!1f0!2f0!3f0!3m2!1i1024!2i768!4f13.1!3m3!1m2!1s0x95b7ab6c65959b41%3A0x46fc506030e04cc6!2sMontevideo+2182%2C+Rosario%2C+Santa+Fe%2C+Argentina!5e0!3m2!1ses-419!2sus!4v1460992521598\" width=\"400\" height=\"300\" frameborder=\"0\" align=\"right\" allowfullscreen=\"allowfullscreen\"><\/iframe><\/td>\n<\/tr>\n<\/tbody>\n<\/table>\n","protected":false},"excerpt":{"rendered":"CONSULADO GENERAL DE ITALIA EN ROSARIO Direccion: Montevideo 2182 (S2000BSR) ROSARIO (Santa Fe) ARGENTINA Horario de atenci\u00f3n al publico: Lunes a Viernes de 8:30 a 11:30 Contactos: Servicio de Call Center: 0800-220-2182 (de lunes a viernes de 08:00 a 14:00 h) Servicio de Chatbot \u00abRosIta\u00bb: https:\/\/wa.me\/5493412587798 Tel\u00e9fono: (0054) 0341-4407020 \/ 21 \/ 22 E-mail: segreteria.rosario@esteri.it [&hellip;]","protected":false},"author":1,"featured_media":0,"parent":159,"menu_order":8,"comment_status":"closed","ping_status":"closed","template":"","meta":{"footnotes":""},"class_list":["post-166","page","type-page","status-publish","hentry"],"_links":{"self":[{"href":"https:\/\/consrosario.esteri.it\/es\/wp-json\/wp\/v2\/pages\/166","targetHints":{"allow":["GET"]}}],"collection":[{"href":"https:\/\/consrosario.esteri.it\/es\/wp-json\/wp\/v2\/pages"}],"about":[{"href":"https:\/\/consrosario.esteri.it\/es\/wp-json\/wp\/v2\/types\/page"}],"author":[{"embeddable":true,"href":"https:\/\/consrosario.esteri.it\/es\/wp-json\/wp\/v2\/users\/1"}],"replies":[{"embeddable":true,"href":"https:\/\/consrosario.esteri.it\/es\/wp-json\/wp\/v2\/comments?post=166"}],"version-history":[{"count":6,"href":"https:\/\/consrosario.esteri.it\/es\/wp-json\/wp\/v2\/pages\/166\/revisions"}],"predecessor-version":[{"id":11860,"href":"https:\/\/consrosario.esteri.it\/es\/wp-json\/wp\/v2\/pages\/166\/revisions\/11860"}],"up":[{"embeddable":true,"href":"https:\/\/consrosario.esteri.it\/es\/wp-json\/wp\/v2\/pages\/159"}],"wp:attachment":[{"href":"https:\/\/consrosario.esteri.it\/es\/wp-json\/wp\/v2\/media?parent=166"}],"curies":[{"name":"wp","href":"https:\/\/api.w.org\/{rel}","templated":true}]}}