{"id":168,"date":"2023-04-03T19:16:29","date_gmt":"2023-04-03T22:16:29","guid":{"rendered":"https:\/\/consrosario.esteri.it\/chi-siamo\/la-rete-consolare\/"},"modified":"2025-09-16T09:13:28","modified_gmt":"2025-09-16T12:13:28","slug":"la-rete-consolare","status":"publish","type":"page","link":"https:\/\/consrosario.esteri.it\/es\/chi-siamo\/la-rete-consolare\/","title":{"rendered":"La circunscripci\u00f3n consular"},"content":{"rendered":"<p>La circunscripci\u00f3n consular de Rosario se extiende sobre las siguientes provincias:<\/p>\n<ul>\n<li>Santa Fe<\/li>\n<li>Buenos Aires\u00a0(s\u00f3lo los partidos de Pergamino, Arrecifes, Carmen de Areco, Capit\u00e1n Sarmiento, Col\u00f3n, Ramallo,\u00a0Rojas, Salto y San Nicol\u00e1s)<\/li>\n<li>Entre R\u00edos<\/li>\n<li>Corrientes<\/li>\n<li>Chaco<\/li>\n<li>Formosa<\/li>\n<li>Misiones<\/li>\n<\/ul>\n<p>&nbsp;<\/p>\n<p><strong>Prov. de Santa Fe<\/strong><br \/>\n<img loading=\"lazy\" decoding=\"async\" class=\"alignnone size-full wp-image-344 img-fluid\" src=\"https:\/\/consrosario.esteri.it\/wp-content\/uploads\/2023\/05\/sep.png\" alt=\"\" width=\"150\" height=\"5\" \/><\/p>\n<p>VICECONSULADO HONORARIO EN SANTA FE<br \/>\nDesignaci\u00f3n en curso de oficializaci\u00f3n<\/p>\n<p>AGENCIA CONSULAR HONORARIA EN RAFAELA<br \/>\nDesignaci\u00f3n en curso de oficializaci\u00f3n<\/p>\n<p>AGENCIA CONSULAR HONORARIA EN SAN JORGE<br \/>\nDesignaci\u00f3n en curso de oficializaci\u00f3n<\/p>\n<p>AGENCIA CONSULAR HONORARIA EN VENADO TUERTO<br \/>\nAlejandro Antonellini<br \/>\n<a href=\"https:\/\/consrosario.esteri.it\/wp-content\/uploads\/2024\/06\/DECRETO-ANTONELLINI.pdf\"><strong>Decreto limitazione funzioni<\/strong><\/a><br \/>\nTel. 03462 315321<br \/>\nJos\u00e9 Ismael Iraola 1270 Parque Industrial \u201cLa Victoria\u201d<br \/>\nCP 2600<br \/>\nHorario de atenci\u00f3n: martes y jueves de 14:00 a 18:00<\/p>\n<p>&nbsp;<\/p>\n<p><strong>Prov. de Buenos Aires<br \/>\n<img loading=\"lazy\" decoding=\"async\" class=\"alignnone size-full wp-image-344 img-fluid\" src=\"https:\/\/consrosario.esteri.it\/wp-content\/uploads\/2023\/05\/sep.png\" alt=\"\" width=\"150\" height=\"5\" \/><\/strong><\/p>\n<p>AGENCIA CONSULAR HONORARIA PERGAMINO<br \/>\nVacante<\/p>\n<p>&nbsp;<\/p>\n<p><strong>Prov. de Entre R\u00edos<\/strong><br \/>\n<strong><img loading=\"lazy\" decoding=\"async\" class=\"alignnone size-full wp-image-344 img-fluid\" src=\"https:\/\/consrosario.esteri.it\/wp-content\/uploads\/2023\/05\/sep.png\" alt=\"\" width=\"150\" height=\"5\" \/><\/strong><\/p>\n<p>VICECONSULADO HONORARIO EN PARAN\u00c1<br \/>\nDesignaci\u00f3n en curso de oficializaci\u00f3n<\/p>\n<p>AGENCIA CONSULAR HONORARIA en CONCORDIA<br \/>\nDesignaci\u00f3n en curso de oficializaci\u00f3n<\/p>\n<p>&nbsp;<\/p>\n<p><strong>Prov. de Corrientes<br \/>\n<img loading=\"lazy\" decoding=\"async\" class=\"alignnone size-full wp-image-344 img-fluid\" src=\"https:\/\/consrosario.esteri.it\/wp-content\/uploads\/2023\/05\/sep.png\" alt=\"\" width=\"150\" height=\"5\" \/><\/strong><\/p>\n<p>VICECONSULADO HONORARIO EN CORRIENTES<br \/>\nDesignaci\u00f3n en curso de oficializaci\u00f3n<\/p>\n<p>&nbsp;<\/p>\n<p><strong>Prov. de Chaco<br \/>\n<img loading=\"lazy\" decoding=\"async\" class=\"alignnone size-full wp-image-344 img-fluid\" src=\"https:\/\/consrosario.esteri.it\/wp-content\/uploads\/2023\/05\/sep.png\" alt=\"\" width=\"150\" height=\"5\" \/><\/strong><\/p>\n<p>VICECONSULADO HONORARIO EN RESISTENCIA<br \/>\nAldo Rub\u00e9n CRACOGNA<br \/>\n<a href=\"https:\/\/www.esteri.it\/mae\/ministero\/retediplomatica\/2601908.pdf\" target=\"_blank\" rel=\"noopener\"><strong>Decreto limitazione funzioni<\/strong><\/a><br \/>\n<a href=\"mailto:resistencia.onorario@esteri.it\">resistencia.onorario@esteri.it<\/a><br \/>\nTel 0362-4465432<br \/>\nJulio Argentino Roca 1799<br \/>\nCP: 3500<\/p>\n<p>&nbsp;<\/p>\n<p><strong>Prov. de Formosa<br \/>\n<img loading=\"lazy\" decoding=\"async\" class=\"alignnone size-full wp-image-344 img-fluid\" src=\"https:\/\/consrosario.esteri.it\/wp-content\/uploads\/2023\/05\/sep.png\" alt=\"\" width=\"150\" height=\"5\" \/><\/strong><\/p>\n<p>VICECONSULADO HONORARIO EN FORMOSA<br \/>\nAlfredo Maglietti<br \/>\n<a href=\"https:\/\/www.esteri.it\/mae\/ministero\/retediplomatica\/2601108.pdf\" target=\"_blank\" rel=\"noopener\"><strong>Decreto limitazione funzioni<\/strong><\/a><br \/>\n<a href=\"mailto:formosa.onorario@esteri.it\">formosa.onorario@esteri.it<\/a><br \/>\nTel. 0370-4427561<br \/>\nAv. 25 de Mayo 353<br \/>\nCP 3600<\/p>\n<p>&nbsp;<\/p>\n<p><strong>Prov. de Misiones<br \/>\n<img loading=\"lazy\" decoding=\"async\" class=\"alignnone size-full wp-image-344 img-fluid\" src=\"https:\/\/consrosario.esteri.it\/wp-content\/uploads\/2023\/05\/sep.png\" alt=\"\" width=\"150\" height=\"5\" \/><\/strong><\/p>\n<p>VICECONSULADO HONORARIO EN POSADAS<br \/>\nJulieta M\u00f3nica RACCA<br \/>\n<strong><a href=\"https:\/\/www.gazzettaufficiale.it\/atto\/serie_generale\/caricaDettaglioAtto\/originario?atto.dataPubblicazioneGazzetta=2019-08-24&amp;atto.codiceRedazionale=19A05395&amp;elenco30giorni=false\">Decreto limitazione funzioni<\/a><\/strong><br \/>\n<a href=\"mailto:posadas.onorario@esteri.it\">posadas.onorario@esteri.it<\/a><br \/>\nTel.: (03765) 376386<br \/>\nF\u00e9lix de Azara 2175<br \/>\nCAP 3300<\/p>\n<p>AGENCIA CONSULAR HONORARIA en ELDORADO<br \/>\nRicardo Jos\u00e9 Ram\u00f3n LUBARY<br \/>\n<a href=\"https:\/\/www.esteri.it\/mae\/ministero\/retediplomatica\/260A409.pdf\" target=\"_self\" rel=\"noopener\"><strong>Decreto limitazione funzioni<\/strong><\/a><br \/>\n<a href=\"mailto:eldorado.onorario@esteri.it\">eldorado.onorario@esteri.it<\/a><br \/>\nMalvinas 1533\u00a0&#8211; Local 2<br \/>\nHorario: martes y jueves de 17:00 a 20:00 horas<br \/>\nTel.\/fax: (011) 1561071369<br \/>\nCP 3380<\/p>\n","protected":false},"excerpt":{"rendered":"La circunscripci\u00f3n consular de Rosario se extiende sobre las siguientes provincias: Santa Fe Buenos Aires\u00a0(s\u00f3lo los partidos de Pergamino, Arrecifes, Carmen de Areco, Capit\u00e1n Sarmiento, Col\u00f3n, Ramallo,\u00a0Rojas, Salto y San Nicol\u00e1s) Entre R\u00edos Corrientes Chaco Formosa Misiones &nbsp; Prov. de Santa Fe VICECONSULADO HONORARIO EN SANTA FE Designaci\u00f3n en curso de oficializaci\u00f3n AGENCIA CONSULAR HONORARIA [&hellip;]","protected":false},"author":1,"featured_media":0,"parent":159,"menu_order":12,"comment_status":"closed","ping_status":"closed","template":"","meta":{"footnotes":""},"class_list":["post-168","page","type-page","status-publish","hentry"],"_links":{"self":[{"href":"https:\/\/consrosario.esteri.it\/es\/wp-json\/wp\/v2\/pages\/168","targetHints":{"allow":["GET"]}}],"collection":[{"href":"https:\/\/consrosario.esteri.it\/es\/wp-json\/wp\/v2\/pages"}],"about":[{"href":"https:\/\/consrosario.esteri.it\/es\/wp-json\/wp\/v2\/types\/page"}],"author":[{"embeddable":true,"href":"https:\/\/consrosario.esteri.it\/es\/wp-json\/wp\/v2\/users\/1"}],"replies":[{"embeddable":true,"href":"https:\/\/consrosario.esteri.it\/es\/wp-json\/wp\/v2\/comments?post=168"}],"version-history":[{"count":6,"href":"https:\/\/consrosario.esteri.it\/es\/wp-json\/wp\/v2\/pages\/168\/revisions"}],"predecessor-version":[{"id":9831,"href":"https:\/\/consrosario.esteri.it\/es\/wp-json\/wp\/v2\/pages\/168\/revisions\/9831"}],"up":[{"embeddable":true,"href":"https:\/\/consrosario.esteri.it\/es\/wp-json\/wp\/v2\/pages\/159"}],"wp:attachment":[{"href":"https:\/\/consrosario.esteri.it\/es\/wp-json\/wp\/v2\/media?parent=168"}],"curies":[{"name":"wp","href":"https:\/\/api.w.org\/{rel}","templated":true}]}}