{"id":183,"date":"2023-04-03T19:17:04","date_gmt":"2023-04-03T22:17:04","guid":{"rendered":"https:\/\/consrosario.esteri.it\/italia-e-argentina\/diplomazia-culturale\/"},"modified":"2025-07-28T11:47:42","modified_gmt":"2025-07-28T14:47:42","slug":"diplomazia-culturale","status":"publish","type":"page","link":"https:\/\/consrosario.esteri.it\/es\/italia-e-argentina\/diplomazia-culturale\/","title":{"rendered":"Diplomacia cultural"},"content":{"rendered":"<p style=\"text-align: justify;\">Para conocer las acciones de promoci\u00f3n y difusi\u00f3n de la lengua y la cultura italianas desarrolladas por este Consulado General, <a href=\"https:\/\/consrosario.esteri.it\/es\/italia-e-argentina\/diplomazia-culturale\/lingua-e-cultura-italiana\/\">haz clic aqu\u00ed<\/a>.<\/p>\n<p style=\"text-align: justify;\">Para saber m\u00e1s, visit\u00e1 tambien la <a href=\"https:\/\/ambbuenosaires.esteri.it\/es\/italia-e-argentina\/diplomazia-culturale\/\">seccion dedicada a la diplomacia cultural<\/a> en el sitio web de la Embajada de Italia en Buenos Aires.<\/p>\n","protected":false},"excerpt":{"rendered":"Para conocer las acciones de promoci\u00f3n y difusi\u00f3n de la lengua y la cultura italianas desarrolladas por este Consulado General, haz clic aqu\u00ed. Para saber m\u00e1s, visit\u00e1 tambien la seccion dedicada a la diplomacia cultural en el sitio web de la Embajada de Italia en Buenos Aires.","protected":false},"author":1,"featured_media":0,"parent":160,"menu_order":2,"comment_status":"closed","ping_status":"closed","template":"","meta":{"footnotes":""},"class_list":["post-183","page","type-page","status-publish","hentry"],"_links":{"self":[{"href":"https:\/\/consrosario.esteri.it\/es\/wp-json\/wp\/v2\/pages\/183","targetHints":{"allow":["GET"]}}],"collection":[{"href":"https:\/\/consrosario.esteri.it\/es\/wp-json\/wp\/v2\/pages"}],"about":[{"href":"https:\/\/consrosario.esteri.it\/es\/wp-json\/wp\/v2\/types\/page"}],"author":[{"embeddable":true,"href":"https:\/\/consrosario.esteri.it\/es\/wp-json\/wp\/v2\/users\/1"}],"replies":[{"embeddable":true,"href":"https:\/\/consrosario.esteri.it\/es\/wp-json\/wp\/v2\/comments?post=183"}],"version-history":[{"count":3,"href":"https:\/\/consrosario.esteri.it\/es\/wp-json\/wp\/v2\/pages\/183\/revisions"}],"predecessor-version":[{"id":9220,"href":"https:\/\/consrosario.esteri.it\/es\/wp-json\/wp\/v2\/pages\/183\/revisions\/9220"}],"up":[{"embeddable":true,"href":"https:\/\/consrosario.esteri.it\/es\/wp-json\/wp\/v2\/pages\/160"}],"wp:attachment":[{"href":"https:\/\/consrosario.esteri.it\/es\/wp-json\/wp\/v2\/media?parent=183"}],"curies":[{"name":"wp","href":"https:\/\/api.w.org\/{rel}","templated":true}]}}