{"id":186,"date":"2023-04-03T19:17:18","date_gmt":"2023-04-03T22:17:18","guid":{"rendered":"https:\/\/consrosario.esteri.it\/italia-e-argentina\/diplomazia-scientifica\/"},"modified":"2025-07-28T11:07:26","modified_gmt":"2025-07-28T14:07:26","slug":"diplomazia-scientifica","status":"publish","type":"page","link":"https:\/\/consrosario.esteri.it\/es\/italia-e-argentina\/diplomazia-scientifica\/","title":{"rendered":"Diplomacia cient\u00edfica"},"content":{"rendered":"<p>Para saber m\u00e1s, visit\u00e1 la <a href=\"https:\/\/ambbuenosaires.esteri.it\/es\/italia-e-argentina\/diplomazia-scientifica\/\">seccion dedicada a la diplomacia cienti<\/a><a href=\"https:\/\/ambbuenosaires.esteri.it\/es\/italia-e-argentina\/diplomazia-scientifica\/\">fica<\/a> en el sitio web de la Embajada de Italia en Buenos Aires.<\/p>\n","protected":false},"excerpt":{"rendered":"Para saber m\u00e1s, visit\u00e1 la seccion dedicada a la diplomacia cientifica en el sitio web de la Embajada de Italia en Buenos Aires.","protected":false},"author":1,"featured_media":0,"parent":160,"menu_order":4,"comment_status":"closed","ping_status":"closed","template":"","meta":{"footnotes":""},"class_list":["post-186","page","type-page","status-publish","hentry"],"_links":{"self":[{"href":"https:\/\/consrosario.esteri.it\/es\/wp-json\/wp\/v2\/pages\/186","targetHints":{"allow":["GET"]}}],"collection":[{"href":"https:\/\/consrosario.esteri.it\/es\/wp-json\/wp\/v2\/pages"}],"about":[{"href":"https:\/\/consrosario.esteri.it\/es\/wp-json\/wp\/v2\/types\/page"}],"author":[{"embeddable":true,"href":"https:\/\/consrosario.esteri.it\/es\/wp-json\/wp\/v2\/users\/1"}],"replies":[{"embeddable":true,"href":"https:\/\/consrosario.esteri.it\/es\/wp-json\/wp\/v2\/comments?post=186"}],"version-history":[{"count":2,"href":"https:\/\/consrosario.esteri.it\/es\/wp-json\/wp\/v2\/pages\/186\/revisions"}],"predecessor-version":[{"id":9206,"href":"https:\/\/consrosario.esteri.it\/es\/wp-json\/wp\/v2\/pages\/186\/revisions\/9206"}],"up":[{"embeddable":true,"href":"https:\/\/consrosario.esteri.it\/es\/wp-json\/wp\/v2\/pages\/160"}],"wp:attachment":[{"href":"https:\/\/consrosario.esteri.it\/es\/wp-json\/wp\/v2\/media?parent=186"}],"curies":[{"name":"wp","href":"https:\/\/api.w.org\/{rel}","templated":true}]}}