{"id":187,"date":"2023-04-03T19:17:35","date_gmt":"2023-04-03T22:17:35","guid":{"rendered":"https:\/\/consrosario.esteri.it\/italia-e-argentina\/cooperazione-allo-sviluppo\/"},"modified":"2025-07-28T11:11:39","modified_gmt":"2025-07-28T14:11:39","slug":"cooperazione-allo-sviluppo","status":"publish","type":"page","link":"https:\/\/consrosario.esteri.it\/es\/italia-e-argentina\/cooperazione-allo-sviluppo\/","title":{"rendered":"Cooperaci\u00f3n para el desarrollo"},"content":{"rendered":"<p>Para saber m\u00e1s, visit\u00e1 la <a href=\"https:\/\/ambbuenosaires.esteri.it\/es\/italia-e-argentina\/cooperazione-allo-sviluppo\/\">seccion dedicada a la cooperacion para el desarrollo<\/a> en el sitio web de la Embajada de Italia en Buenos Aires.<\/p>\n","protected":false},"excerpt":{"rendered":"Para saber m\u00e1s, visit\u00e1 la seccion dedicada a la cooperacion para el desarrollo en el sitio web de la Embajada de Italia en Buenos Aires.","protected":false},"author":1,"featured_media":0,"parent":160,"menu_order":6,"comment_status":"closed","ping_status":"closed","template":"","meta":{"footnotes":""},"class_list":["post-187","page","type-page","status-publish","hentry"],"_links":{"self":[{"href":"https:\/\/consrosario.esteri.it\/es\/wp-json\/wp\/v2\/pages\/187","targetHints":{"allow":["GET"]}}],"collection":[{"href":"https:\/\/consrosario.esteri.it\/es\/wp-json\/wp\/v2\/pages"}],"about":[{"href":"https:\/\/consrosario.esteri.it\/es\/wp-json\/wp\/v2\/types\/page"}],"author":[{"embeddable":true,"href":"https:\/\/consrosario.esteri.it\/es\/wp-json\/wp\/v2\/users\/1"}],"replies":[{"embeddable":true,"href":"https:\/\/consrosario.esteri.it\/es\/wp-json\/wp\/v2\/comments?post=187"}],"version-history":[{"count":1,"href":"https:\/\/consrosario.esteri.it\/es\/wp-json\/wp\/v2\/pages\/187\/revisions"}],"predecessor-version":[{"id":9210,"href":"https:\/\/consrosario.esteri.it\/es\/wp-json\/wp\/v2\/pages\/187\/revisions\/9210"}],"up":[{"embeddable":true,"href":"https:\/\/consrosario.esteri.it\/es\/wp-json\/wp\/v2\/pages\/160"}],"wp:attachment":[{"href":"https:\/\/consrosario.esteri.it\/es\/wp-json\/wp\/v2\/media?parent=187"}],"curies":[{"name":"wp","href":"https:\/\/api.w.org\/{rel}","templated":true}]}}