{"id":195,"date":"2023-04-03T19:25:07","date_gmt":"2023-04-03T22:25:07","guid":{"rendered":"https:\/\/consrosario.esteri.it\/servizi-consolari-e-visti\/servizi-per-il-cittadino-italiano\/"},"modified":"2025-07-25T16:47:46","modified_gmt":"2025-07-25T19:47:46","slug":"servizi-per-il-cittadino-italiano","status":"publish","type":"page","link":"https:\/\/consrosario.esteri.it\/es\/servizi-consolari-e-visti\/servizi-per-il-cittadino-italiano\/","title":{"rendered":"Servicios para el ciudadano italiano"},"content":{"rendered":"<ul>\n<li><a href=\"https:\/\/consrosario.esteri.it\/es\/servizi-consolari-e-visti\/servizi-per-il-cittadino-italiano\/assistenza-ai-cittadini-allestero\/\">Asistencia a ciudadanos en el extranjero<\/a><\/li>\n<li><a href=\"https:\/\/consrosario.esteri.it\/es\/servizi-consolari-e-visti\/servizi-per-il-cittadino-italiano\/carta-didentita-elettronica-cie\/\">Carta d&#8217;Identit\u00e0 Elettronica (CIE)<\/a><\/li>\n<li><a href=\"https:\/\/consrosario.esteri.it\/es\/italia-e-argentina\/diplomazia-culturale\/lingua-e-cultura-italiana\/dichiarazione-di-valore\/\">Declaraciones de valor, legalizaciones y equipolencia de t\u00edtulos<\/a><\/li>\n<li><a href=\"https:\/\/consrosario.esteri.it\/es\/servizi-consolari-e-visti\/servizi-per-il-cittadino-italiano\/emergency-travel-documents-etd\/\">Emergency Travel Documents (ETD)<\/a><\/li>\n<li><a href=\"https:\/\/consrosario.esteri.it\/es\/servizi-consolari-e-visti\/servizi-per-il-cittadino-italiano\/stato-civile\/\">Estado civil<\/a><\/li>\n<li><a href=\"https:\/\/consrosario.esteri.it\/es\/servizi-consolari-e-visti\/servizi-per-il-cittadino-italiano\/passaporti-e-carte-didentita\/\">Pasaportes<\/a><\/li>\n<li><a href=\"https:\/\/consrosario.esteri.it\/es\/servizi-consolari-e-visti\/servizi-per-il-cittadino-italiano\/pensioni-e-sicurezza-sociale\/\">Pensiones y seguridad social<\/a><\/li>\n<li><a href=\"https:\/\/consrosario.esteri.it\/es\/servizi-consolari-e-visti\/servizi-per-il-cittadino-italiano\/anagrafe-degli-italiani-residenti-allestero-aire\/\">Registro de italianos residentes en el extranjero (AIRE)<\/a><\/li>\n<li><a href=\"https:\/\/consrosario.esteri.it\/es\/servizi-consolari-e-visti\/servizi-per-il-cittadino-italiano\/servizi-elettorali\/\">Servicios electorales<\/a><\/li>\n<li><a href=\"https:\/\/consrosario.esteri.it\/es\/servizi-consolari-e-visti\/servizi-per-il-cittadino-italiano\/servizi-notarili\/\">Servicios notariales<\/a><\/li>\n<li><a href=\"https:\/\/consrosario.esteri.it\/es\/servizi-consolari-e-visti\/servizi-per-il-cittadino-italiano\/codice-fiscale\/\">Solicitud de c\u00f3digo fiscal<\/a><\/li>\n<li><a href=\"https:\/\/consrosario.esteri.it\/es\/servizi-consolari-e-visti\/servizi-per-il-cittadino-italiano\/spid-sistema-pubblico-di-identita-digitale\/\">SPID &#8211; Sistema P\u00fablico de Identidad Digital<\/a><\/li>\n<li><a class=\"list-item\" title=\"Otros servicios\" href=\"https:\/\/consrosario.esteri.it\/es\/servizi-consolari-e-visti\/servizi-per-il-cittadino-italiano\/altri-servizi\/\">Otros servicios<\/a><\/li>\n<\/ul>\n<p>&nbsp;<\/p>\n<p>_______________________________________________<\/p>\n<p style=\"text-align: justify;\">Informaci\u00f3n sobre la protecci\u00f3n de las personas f\u00edsicas con respecto al procesamiento de datos personales con el fin de proporcionar servicios consulares (excluyendo la emisi\u00f3n de visas y tr\u00e0amites de ciudadan\u00eda), ver <a href=\"https:\/\/consrosario.esteri.it\/wp-content\/uploads\/2023\/09\/RPD_Informativa_TDP_per_servizi_consolari_ex_visti_e_cittadinanza__all.3__Rev._feb.2023.pdf\">Regolamento Generale sulla Protezione dei Dati (UE) 2016\/679, art. 13 e 14<\/a>.<\/p>\n","protected":false},"excerpt":{"rendered":"Asistencia a ciudadanos en el extranjero Carta d&#8217;Identit\u00e0 Elettronica (CIE) Declaraciones de valor, legalizaciones y equipolencia de t\u00edtulos Emergency Travel Documents (ETD) Estado civil Pasaportes Pensiones y seguridad social Registro de italianos residentes en el extranjero (AIRE) Servicios electorales Servicios notariales Solicitud de c\u00f3digo fiscal SPID &#8211; Sistema P\u00fablico de Identidad Digital Otros servicios &nbsp; [&hellip;]","protected":false},"author":1,"featured_media":0,"parent":161,"menu_order":0,"comment_status":"closed","ping_status":"closed","template":"","meta":{"footnotes":""},"class_list":["post-195","page","type-page","status-publish","hentry"],"_links":{"self":[{"href":"https:\/\/consrosario.esteri.it\/es\/wp-json\/wp\/v2\/pages\/195","targetHints":{"allow":["GET"]}}],"collection":[{"href":"https:\/\/consrosario.esteri.it\/es\/wp-json\/wp\/v2\/pages"}],"about":[{"href":"https:\/\/consrosario.esteri.it\/es\/wp-json\/wp\/v2\/types\/page"}],"author":[{"embeddable":true,"href":"https:\/\/consrosario.esteri.it\/es\/wp-json\/wp\/v2\/users\/1"}],"replies":[{"embeddable":true,"href":"https:\/\/consrosario.esteri.it\/es\/wp-json\/wp\/v2\/comments?post=195"}],"version-history":[{"count":6,"href":"https:\/\/consrosario.esteri.it\/es\/wp-json\/wp\/v2\/pages\/195\/revisions"}],"predecessor-version":[{"id":9151,"href":"https:\/\/consrosario.esteri.it\/es\/wp-json\/wp\/v2\/pages\/195\/revisions\/9151"}],"up":[{"embeddable":true,"href":"https:\/\/consrosario.esteri.it\/es\/wp-json\/wp\/v2\/pages\/161"}],"wp:attachment":[{"href":"https:\/\/consrosario.esteri.it\/es\/wp-json\/wp\/v2\/media?parent=195"}],"curies":[{"name":"wp","href":"https:\/\/api.w.org\/{rel}","templated":true}]}}