{"id":196,"date":"2023-04-03T19:27:59","date_gmt":"2023-04-03T22:27:59","guid":{"rendered":"https:\/\/consrosario.esteri.it\/servizi-consolari-e-visti\/servizi-per-il-cittadino-italiano\/passaporti-e-carte-didentita\/"},"modified":"2026-03-06T11:31:21","modified_gmt":"2026-03-06T14:31:21","slug":"passaporti-e-carte-didentita","status":"publish","type":"page","link":"https:\/\/consrosario.esteri.it\/es\/servizi-consolari-e-visti\/servizi-per-il-cittadino-italiano\/passaporti-e-carte-didentita\/","title":{"rendered":"Pasaportes"},"content":{"rendered":"<p style=\"text-align: justify;\" data-start=\"0\" data-end=\"302\">El pasaporte es un <strong data-start=\"19\" data-end=\"56\">documento de viaje y de identidad<\/strong> que se expide a los <strong data-start=\"77\" data-end=\"178\">ciudadanos italianos que residen de forma estable en la circunscripci\u00f3n de este Consulado General<\/strong> y que est\u00e1n <strong data-start=\"191\" data-end=\"240\">debidamente inscritos en el registro consular<\/strong>, con sus <strong data-start=\"250\" data-end=\"301\">datos personales y de estado civil actualizados<\/strong>.<\/p>\n<p style=\"text-align: justify;\" data-start=\"304\" data-end=\"763\">Tambi\u00e9n es posible expedir el pasaporte a <strong>conciudadanos\u00a0que no residen en esta circunscripci\u00f3n consular<\/strong>. En este caso, sin embargo, <strong data-start=\"468\" data-end=\"508\">los tiempos de espera son m\u00e1s largos<\/strong>, ya que es necesario obtener una <strong data-start=\"542\" data-end=\"588\">delegaci\u00f3n o una autorizaci\u00f3n (nulla osta)<\/strong> de la oficina territorialmente competente (Questura para los residentes en Italia u otra oficina de la red <strong data-start=\"700\" data-end=\"724\">diplom\u00e1tica\/consular<\/strong> para los residentes en el extranjero).<\/p>\n<p data-start=\"765\" data-end=\"827\">Los pasaportes tienen una <strong data-start=\"791\" data-end=\"826\">validez diferente seg\u00fan la edad<\/strong>:<\/p>\n<ul>\n<li data-start=\"831\" data-end=\"882\"><strong data-start=\"831\" data-end=\"844\">tres a\u00f1os<\/strong> para los menores de <strong data-start=\"865\" data-end=\"879\">0 a 3 a\u00f1os<\/strong>;<\/li>\n<li data-start=\"885\" data-end=\"938\"><strong data-start=\"885\" data-end=\"899\">cinco a\u00f1os<\/strong> para los menores de <strong data-start=\"920\" data-end=\"935\">3 a 18 a\u00f1os<\/strong>;<\/li>\n<li data-start=\"941\" data-end=\"984\"><strong data-start=\"941\" data-end=\"954\">diez a\u00f1os<\/strong> para los <strong data-start=\"964\" data-end=\"983\">mayores de edad<\/strong>.<\/li>\n<\/ul>\n<div class=\"sidebar-linklist-wrapper side-scrool\">\n<div class=\"link-list-wrapper\">\n<p>&nbsp;<\/p>\n<p><a class=\"list-item\" title=\"Como solicitar el pasaporte\" href=\"https:\/\/consrosario.esteri.it\/es\/servizi-consolari-e-visti\/servizi-per-il-cittadino-italiano\/passaporti-e-carte-didentita\/come-richiedere-il-passaporto\/\">Como solicitar el pasaporte<\/a><\/p>\n<p><a class=\"list-item\" title=\"Documentaci\u00f3n necesaria para la solicitud del pasaporte\" href=\"https:\/\/consrosario.esteri.it\/es\/servizi-consolari-e-visti\/servizi-per-il-cittadino-italiano\/passaporti-e-carte-didentita\/documentazione-necessaria-per-il-rilascio-del-passaporto\/\">Documentaci\u00f3n necesaria para la solicitud del pasaporte<\/a><\/p>\n<p><a class=\"list-item\" title=\"Costo del pasaporte\" href=\"https:\/\/consrosario.esteri.it\/es\/servizi-consolari-e-visti\/servizi-per-il-cittadino-italiano\/passaporti-e-carte-didentita\/costo-del-passaporto\/\">Costo del pasaporte<\/a><\/p>\n<p><a class=\"list-item\" title=\"El d\u00eda de la cita\" href=\"https:\/\/consrosario.esteri.it\/es\/servizi-consolari-e-visti\/servizi-per-il-cittadino-italiano\/passaporti-e-carte-didentita\/ll-giorno-dellappuntamento\/\">El d\u00eda de la cita<\/a><\/p>\n<p><a class=\"list-item\" title=\"P\u00e9rdida o robo del pasaporte\" href=\"https:\/\/consrosario.esteri.it\/es\/servizi-consolari-e-visti\/servizi-per-il-cittadino-italiano\/passaporti-e-carte-didentita\/smarrimento-o-furto-del-passaporto\/\">P\u00e9rdida o robo del pasaporte<\/a><\/p>\n<p><a class=\"list-item\" title=\"Pasaporte para menores de edad\" href=\"https:\/\/consrosario.esteri.it\/es\/servizi-consolari-e-visti\/servizi-per-il-cittadino-italiano\/passaporti-e-carte-didentita\/passaporto-per-i-minori\/\">Pasaporte para menores de edad<\/a><\/p>\n<p><a class=\"list-item\" title=\"Consentimiento para la emisi\u00f3n del pasaporte\" href=\"https:\/\/consrosario.esteri.it\/es\/servizi-consolari-e-visti\/servizi-per-il-cittadino-italiano\/passaporti-e-carte-didentita\/assenso-allemissione-del-passaporto\/\">Consentimiento para la emisi\u00f3n del pasaporte<\/a><\/p>\n<p><a href=\"https:\/\/consrosario.esteri.it\/es\/servizi-consolari-e-visti\/servizi-per-il-cittadino-italiano\/passaporti-e-carte-didentita\/passaporti-agevolazioni-e-priorita\/\">Canales reservados y prioridades<\/a><\/p>\n<\/div>\n<\/div>\n","protected":false},"excerpt":{"rendered":"El pasaporte es un documento de viaje y de identidad que se expide a los ciudadanos italianos que residen de forma estable en la circunscripci\u00f3n de este Consulado General y que est\u00e1n debidamente inscritos en el registro consular, con sus datos personales y de estado civil actualizados. Tambi\u00e9n es posible expedir el pasaporte a conciudadanos\u00a0que [&hellip;]","protected":false},"author":1,"featured_media":0,"parent":195,"menu_order":0,"comment_status":"closed","ping_status":"closed","template":"","meta":{"footnotes":""},"class_list":["post-196","page","type-page","status-publish","hentry"],"_links":{"self":[{"href":"https:\/\/consrosario.esteri.it\/es\/wp-json\/wp\/v2\/pages\/196","targetHints":{"allow":["GET"]}}],"collection":[{"href":"https:\/\/consrosario.esteri.it\/es\/wp-json\/wp\/v2\/pages"}],"about":[{"href":"https:\/\/consrosario.esteri.it\/es\/wp-json\/wp\/v2\/types\/page"}],"author":[{"embeddable":true,"href":"https:\/\/consrosario.esteri.it\/es\/wp-json\/wp\/v2\/users\/1"}],"replies":[{"embeddable":true,"href":"https:\/\/consrosario.esteri.it\/es\/wp-json\/wp\/v2\/comments?post=196"}],"version-history":[{"count":5,"href":"https:\/\/consrosario.esteri.it\/es\/wp-json\/wp\/v2\/pages\/196\/revisions"}],"predecessor-version":[{"id":12380,"href":"https:\/\/consrosario.esteri.it\/es\/wp-json\/wp\/v2\/pages\/196\/revisions\/12380"}],"up":[{"embeddable":true,"href":"https:\/\/consrosario.esteri.it\/es\/wp-json\/wp\/v2\/pages\/195"}],"wp:attachment":[{"href":"https:\/\/consrosario.esteri.it\/es\/wp-json\/wp\/v2\/media?parent=196"}],"curies":[{"name":"wp","href":"https:\/\/api.w.org\/{rel}","templated":true}]}}