{"id":200,"date":"2023-04-03T19:28:33","date_gmt":"2023-04-03T22:28:33","guid":{"rendered":"https:\/\/consrosario.esteri.it\/servizi-consolari-e-visti\/servizi-per-il-cittadino-italiano\/emergency-travel-documents-etd\/"},"modified":"2025-12-12T17:27:10","modified_gmt":"2025-12-12T20:27:10","slug":"emergency-travel-documents-etd","status":"publish","type":"page","link":"https:\/\/consrosario.esteri.it\/es\/servizi-consolari-e-visti\/servizi-per-il-cittadino-italiano\/emergency-travel-documents-etd\/","title":{"rendered":"Emergency Travel Documents (ETD)"},"content":{"rendered":"<p style=\"text-align: justify;\" data-start=\"51\" data-end=\"108\"><strong data-start=\"51\" data-end=\"108\">Emisi\u00f3n de Documento de Viaje Provisional (EU E.T.D.)<\/strong><\/p>\n<p style=\"text-align: justify;\" data-start=\"110\" data-end=\"609\">En caso de que un ciudadano italiano se encuentre en una situaci\u00f3n de emergencia y no haya tiempo suficiente para llevar a cabo la instrucci\u00f3n necesaria para la emisi\u00f3n de un nuevo pasaporte, este Consulado General puede expedir un <a href=\"https:\/\/www.esteri.it\/it\/servizi-consolari-e-visti\/italiani-all-estero\/documenti_di_viaggio\/etd\/\">Documento de Viaje Provisional, tambi\u00e9n llamado EU E.T.D. (European Union Emergency Travel Document)<\/a>, v\u00e1lido (validez m\u00e1xima de 15 d\u00edas) \u00fanicamente para el viaje de regreso a Italia o al pa\u00eds de residencia estable en el exterior (solo si no es ciudadano de ese pa\u00eds).<\/p>\n<p style=\"text-align: justify;\" data-start=\"611\" data-end=\"836\">Para obtenerlo, contacte a la Oficina Pasaportes a la direcci\u00f3n <strong data-start=\"675\" data-end=\"707\"><a class=\"decorated-link cursor-pointer\" href=\"mailto:passaporti.rosario@esteri.it\" rel=\"noopener\" data-start=\"677\" data-end=\"705\">passaporti.rosario@esteri.it<\/a><\/strong> para fijar un turno. El d\u00eda de la convocatoria (de lunes a viernes de 9:00 a 10:30) deber\u00e1 presentar la siguiente documentaci\u00f3n:<\/p>\n<ul style=\"text-align: justify;\" data-start=\"838\" data-end=\"1390\">\n<li data-start=\"838\" data-end=\"950\">\n<p data-start=\"840\" data-end=\"950\">En caso de robo\/p\u00e9rdida del pasaporte: constancia de denuncia de robo\/p\u00e9rdida realizada ante la polic\u00eda local;<\/p>\n<\/li>\n<li data-start=\"838\" data-end=\"950\">\n<p data-start=\"840\" data-end=\"950\"><a href=\"https:\/\/consrosario.esteri.it\/wp-content\/uploads\/2025\/12\/ETD-Domanda-di-Richiesta-NUOVO-2025.pdf\"><strong>Formulario de solicitud EU ETD<\/strong><\/a>;<\/p>\n<\/li>\n<li data-start=\"985\" data-end=\"1012\">\n<p data-start=\"987\" data-end=\"1012\"><strong><a href=\"https:\/\/consrosario.esteri.it\/wp-content\/uploads\/2025\/12\/foto_esempio-1.pdf\">2 fotos carnet recientes<\/a><\/strong>;<\/p>\n<\/li>\n<li data-start=\"1013\" data-end=\"1056\">\n<p data-start=\"1015\" data-end=\"1056\">Copia del pasaporte (si est\u00e1 disponible);<\/p>\n<\/li>\n<li data-start=\"1057\" data-end=\"1269\">\n<p data-start=\"1059\" data-end=\"1269\">Copia de otro documento de identidad DNI \/ documento de identidad o licencia de conducir, original y fotocopia. En ausencia de estos, la Oficina deber\u00e1 realizar las verificaciones de identidad correspondientes;<\/p>\n<\/li>\n<li data-start=\"1270\" data-end=\"1390\">\n<p data-start=\"1272\" data-end=\"1390\">T\u00edtulo de viaje (pasaje a\u00e9reo), con llegada a destino no m\u00e1s all\u00e1 de siete d\u00edas desde la presentaci\u00f3n en el Consulado.<\/p>\n<\/li>\n<\/ul>\n<p style=\"text-align: justify;\" data-start=\"1392\" data-end=\"1479\">La solicitud de emisi\u00f3n de un EU ETD para un menor debe estar firmada por ambos padres.<\/p>\n<hr data-start=\"1481\" data-end=\"1484\" \/>\n<h3 style=\"text-align: justify;\" data-start=\"1486\" data-end=\"1542\"><strong data-start=\"1490\" data-end=\"1542\">ATENCI\u00d3N: obligaci\u00f3n de devoluci\u00f3n del documento<\/strong><\/h3>\n<p style=\"text-align: justify;\" data-start=\"1544\" data-end=\"1909\">Se informa que el beneficiario del EU ETD, una vez llegado a destino, tiene la obligaci\u00f3n de entregar el documento a la polic\u00eda fronteriza o a otra autoridad policial. En caso de que la llegada sea a un pa\u00eds fuera de Italia, el beneficiario tiene la obligaci\u00f3n de devolver el documento a la oficina consular territorialmente competente para la localidad de destino.<\/p>\n","protected":false},"excerpt":{"rendered":"Emisi\u00f3n de Documento de Viaje Provisional (EU E.T.D.) En caso de que un ciudadano italiano se encuentre en una situaci\u00f3n de emergencia y no haya tiempo suficiente para llevar a cabo la instrucci\u00f3n necesaria para la emisi\u00f3n de un nuevo pasaporte, este Consulado General puede expedir un Documento de Viaje Provisional, tambi\u00e9n llamado EU E.T.D. [&hellip;]","protected":false},"author":1,"featured_media":0,"parent":195,"menu_order":2,"comment_status":"closed","ping_status":"closed","template":"","meta":{"footnotes":""},"class_list":["post-200","page","type-page","status-publish","hentry"],"_links":{"self":[{"href":"https:\/\/consrosario.esteri.it\/es\/wp-json\/wp\/v2\/pages\/200","targetHints":{"allow":["GET"]}}],"collection":[{"href":"https:\/\/consrosario.esteri.it\/es\/wp-json\/wp\/v2\/pages"}],"about":[{"href":"https:\/\/consrosario.esteri.it\/es\/wp-json\/wp\/v2\/types\/page"}],"author":[{"embeddable":true,"href":"https:\/\/consrosario.esteri.it\/es\/wp-json\/wp\/v2\/users\/1"}],"replies":[{"embeddable":true,"href":"https:\/\/consrosario.esteri.it\/es\/wp-json\/wp\/v2\/comments?post=200"}],"version-history":[{"count":2,"href":"https:\/\/consrosario.esteri.it\/es\/wp-json\/wp\/v2\/pages\/200\/revisions"}],"predecessor-version":[{"id":11348,"href":"https:\/\/consrosario.esteri.it\/es\/wp-json\/wp\/v2\/pages\/200\/revisions\/11348"}],"up":[{"embeddable":true,"href":"https:\/\/consrosario.esteri.it\/es\/wp-json\/wp\/v2\/pages\/195"}],"wp:attachment":[{"href":"https:\/\/consrosario.esteri.it\/es\/wp-json\/wp\/v2\/media?parent=200"}],"curies":[{"name":"wp","href":"https:\/\/api.w.org\/{rel}","templated":true}]}}