{"id":201,"date":"2023-04-03T19:28:49","date_gmt":"2023-04-03T22:28:49","guid":{"rendered":"https:\/\/consrosario.esteri.it\/servizi-consolari-e-visti\/servizi-per-il-cittadino-italiano\/anagrafe-degli-italiani-residenti-allestero-aire\/"},"modified":"2025-07-28T13:59:48","modified_gmt":"2025-07-28T16:59:48","slug":"anagrafe-degli-italiani-residenti-allestero-aire","status":"publish","type":"page","link":"https:\/\/consrosario.esteri.it\/es\/servizi-consolari-e-visti\/servizi-per-il-cittadino-italiano\/anagrafe-degli-italiani-residenti-allestero-aire\/","title":{"rendered":"Registro de los Italianos Residentes en el Extranjero (AIRE)"},"content":{"rendered":"<p style=\"text-align: justify;\" data-start=\"67\" data-end=\"509\"><strong data-start=\"67\" data-end=\"138\">El Registro de los Italianos Residentes en el Extranjero (A.I.R.E.)<\/strong> fue establecido por la ley del 27 de octubre de 1988, n. 470 (LEY del 27 de octubre de 1988, n. 470 \u2013 Normattiva). El A.I.R.E. es el registro de los ciudadanos italianos residentes en el extranjero y est\u00e1 gestionado por los municipios italianos, en base a los datos e informaci\u00f3n proporcionados por las Representaciones diplom\u00e1tico-consulares italianas en el extranjero.<br \/>\nEl ejercicio efectivo de muchos derechos fundamentales previstos por nuestra Constituci\u00f3n depende de la inscripci\u00f3n registral, que, si no se realiza correctamente, puede tener consecuencias negativas en relaci\u00f3n con, por ejemplo, los derechos electorales, sanitarios, sociales y fiscales, civiles y personales.<br \/>\nTodos los ciudadanos italianos residentes en el extranjero, adem\u00e1s de estar inscritos en el A.I.R.E., deben estar inscritos tambi\u00e9n en el Registro Consular de residencia, para poder acceder a los servicios consulares proporcionados por el mismo (llamado Registro Consular).<\/p>\n<p style=\"text-align: justify;\"><strong>Inscripci\u00f3n en el A.I.R.E. &#8211; Derechos y obligaciones<br \/>\n<\/strong>La inscripci\u00f3n en el A.I.R.E. es un derecho-deber del ciudadano (art. 6, L. 470\/1988) y constituye el requisito para acceder a los servicios consulares proporcionados por las Representaciones en el extranjero, as\u00ed como para el ejercicio de importantes derechos, tales como:<br \/>\n&#8211; La posibilidad de votar por correspondencia en elecciones pol\u00edticas y referendos, de acuerdo con los art\u00edculos 75 y 138 de la Constituci\u00f3n, seg\u00fan lo establecido por la ley 459\/2001;<br \/>\n&#8211; La posibilidad de obtener la emisi\u00f3n de documentos de identidad y de viaje;<br \/>\n&#8211; La posibilidad de solicitar la emisi\u00f3n de certificaciones de competencia de las Representaciones en el extranjero.<\/p>\n<p style=\"text-align: justify;\"><strong>Qui\u00e9n debe registrarse en AIRE?<br \/>\n<\/strong>&#8211; los ciudadanos que trasladan su residencia al extranjero por un per\u00edodo superior a doce meses;<br \/>\n&#8211; los ciudadanos que siempre han residido fuera del territorio italiano, ya sea porque nacieron en el extranjero o porque posteriormente adquirieron la ciudadan\u00eda por cualquier motivo (reconstrucci\u00f3n, matrimonio, <strong><a href=\"https:\/\/consrosario.esteri.it\/wp-content\/uploads\/2025\/03\/anagrafe-airexsentenza_n.pdf\">sentencia (cliquear aqu\u00ed)<\/a><\/strong>, etc.)<\/p>\n<p style=\"text-align: justify;\"><strong>Qui\u00e9n no debe registrarse en AIRE?<br \/>\n<\/strong>&#8211; los ciudadanos que viajan al extranjero por un per\u00edodo inferior a un a\u00f1o;<br \/>\n&#8211; los trabajadores estacionales;<br \/>\n&#8211; los empleados estatales permanentes que prestan servicios en el extranjero, notificados de conformidad con las Convenciones de Viena sobre relaciones diplom\u00e1ticas y relaciones consulares de 1961 y 1963 respectivamente;<br \/>\n&#8211; Soldados italianos que sirven en oficinas e instalaciones de la OTAN ubicadas en el extranjero.<\/p>\n<p style=\"text-align: justify;\"><strong>C\u00f3mo solicitar el registro en el A.I.R.E.:<br \/>\n<\/strong>Todos los usuarios residentes en la circunscripci\u00f3n consular de Rosario que deban realizar una inscripci\u00f3n en el A.I.R.E. y\/o comunicar un cambio de residencia, solo pueden hacerlo en l\u00ednea a trav\u00e9s del portal <strong data-start=\"2906\" data-end=\"2917\">FAST IT<\/strong> (Servicios Consulares en l\u00ednea), previa registraci\u00f3n del usuario en el sistema (<a class=\"\" href=\"https:\/\/serviziconsolarionline.esteri.it\" target=\"_new\" rel=\"noopener\" data-start=\"2998\" data-end=\"3082\">https:\/\/serviziconsolarionline.esteri.it<\/a>).<br \/>\nLa inscripci\u00f3n en el A.I.R.E. y cualquier otra modificaci\u00f3n relativa a la situaci\u00f3n registral y de estado civil a trav\u00e9s de la aplicaci\u00f3n <strong data-start=\"3224\" data-end=\"3235\">FAST IT<\/strong> es <strong data-start=\"3239\" data-end=\"3265\">COMPLETAMENTE GRATUITA<\/strong> y se recomienda que siempre sea realizada por los interesados directamente.<br \/>\nSe recuerda a todos los connacionales que la inscripci\u00f3n del ciudadano residente en el extranjero tambi\u00e9n puede realizarse de oficio, en base a la informaci\u00f3n que la Oficina Consular tenga conocimiento, seg\u00fan los datos en su posesi\u00f3n (art. 6, p\u00e1rrafo 6, L. 470\/1988). En cuestiones de naturaleza fiscal, se recomienda consultar lo dispuesto por el Decreto del Presidente de la Rep\u00fablica del 22 de diciembre de 1986, n. 917 (TEXTO \u00daNICO DE IMPUESTOS SOBRE LA RENTA) y las circulares de la Agenzia delle Entrate.<\/p>\n<p style=\"text-align: justify;\"><strong>Qu\u00e9 sucede si no se registra en el A.I.R.E.<\/strong>:<br \/>\nLa inscripci\u00f3n en el A.I.R.E. se realiza tras la declaraci\u00f3n que el interesado debe presentar en la Oficina Consular competente dentro de los 90 d\u00edas posteriores al traslado de residencia, y conlleva la cancelaci\u00f3n simult\u00e1nea del Registro de la Poblaci\u00f3n Residente (A.P.R.) del municipio de origen.<br \/>\n<strong>Para los connacionales que siempre han residido en el extranjero y se han convertido en ciudadanos italianos como resultado de procedimientos de reconstrucci\u00f3n de la ciudadan\u00eda realizados en este Consulado General, no es necesario hacer ninguna declaraci\u00f3n, ya que la inscripci\u00f3n en el A.I.R.E. ya ha sido solicitada por el Consulado al Municipio.<br \/>\n<\/strong><strong>La declaraci\u00f3n debe ser realizada por todos los connacionales que se hayan trasladado al extranjero desde Italia, incluidos aquellos que se hayan convertido en ciudadanos italianos como resultado de procedimientos de reconstrucci\u00f3n de la ciudadan\u00eda realizados en Italia y que luego se trasladaron al extranjero.<br \/>\n<\/strong>Cualquier persona que, teniendo obligaciones registrales, contravenga las disposiciones de la Ley 24 de diciembre de 1954, n. 1228, de la Ley 27 de octubre de 1988, n. 470, y de los reglamentos de ejecuci\u00f3n de dichas leyes, est\u00e1 sujeta a sanciones pecuniarias administrativas, seg\u00fan lo establecido por la Ley 30 de diciembre de 2023, n. 213. <strong>La autoridad competente para la comprobaci\u00f3n y la imposici\u00f3n de la sanci\u00f3n es el municipio en cuyo registro est\u00e1 inscrito el infractor. <\/strong>El procedimiento de comprobaci\u00f3n y sancionador por parte de los municipios est\u00e1 regulado por la Ley 24 de noviembre de 1981, n. 689, cuyo art\u00edculo 1 establece que \u201cNadie puede ser sometido a sanciones administrativas salvo en virtud de una ley que haya entrado en vigor antes de la comisi\u00f3n de la infracci\u00f3n\u201d.<\/p>\n<p style=\"text-align: justify;\"><strong>C\u00f3mo saber si ya est\u00e1 registrado en A.I.R.E. o no?<br \/>\n<\/strong>Como se indic\u00f3 anteriormente, la inscripci\u00f3n en el A.I.R.E. debe ser solicitada por el ciudadano utilizando la aplicaci\u00f3n <strong data-start=\"5830\" data-end=\"5841\">FAST IT<\/strong>. El deber del ciudadano es solicitar la inscripci\u00f3n en el A.I.R.E. si traslada su residencia desde Italia al extranjero. La competencia para la finalizaci\u00f3n del procedimiento de inscripci\u00f3n en el A.I.R.E. recae, sin embargo, en el municipio italiano competente y no en el Consulado, que solo se encarga de asegurar la correcta transmisi\u00f3n de la solicitud presentada por el interesado. Por lo tanto, cualquier solicitud relativa al estado del tr\u00e1mite de inscripci\u00f3n en el A.I.R.E. debe ser dirigida directamente al municipio italiano competente.<\/p>\n<h3 data-start=\"6388\" data-end=\"6447\">Para registrarse en el FAST IT, siga las instrucciones:<\/h3>\n<p data-start=\"6449\" data-end=\"6560\"><strong data-start=\"6449\" data-end=\"6469\">Nota importante:<\/strong> Ingrese el <strong data-start=\"6481\" data-end=\"6512\">apellido y nombre COMPLETOS<\/strong> tal como aparecen en la documentaci\u00f3n italiana.<\/p>\n<p style=\"text-align: center;\"><iframe loading=\"lazy\" src=\"https:\/\/www.youtube.com\/embed\/sgPkmQJS_3E\" width=\"560\" height=\"315\" frameborder=\"0\" allowfullscreen=\"allowfullscreen\"><\/iframe><\/p>\n<p data-start=\"6562\" data-end=\"6604\">A trav\u00e9s de <strong data-start=\"6574\" data-end=\"6585\">FAST IT<\/strong>, el usuario puede:<\/p>\n<ul data-start=\"6606\" data-end=\"6700\">\n<li data-start=\"6606\" data-end=\"6700\">\n<p data-start=\"6608\" data-end=\"6700\">Solicitar la inscripci\u00f3n en el Registro de Italianos Residentes en el Extranjero (A.I.R.E.).<\/p>\n<\/li>\n<\/ul>\n<p style=\"text-align: center;\"><iframe loading=\"lazy\" src=\"https:\/\/www.youtube.com\/embed\/WjiH5U8hohE\" width=\"560\" height=\"315\" frameborder=\"0\" allowfullscreen=\"allowfullscreen\"><\/iframe><\/p>\n<p>&nbsp;<\/p>\n<ul>\n<li>Visualizar la propia ficha consular:<\/li>\n<\/ul>\n<p style=\"text-align: center;\"><iframe loading=\"lazy\" src=\"https:\/\/www.youtube.com\/embed\/IL1pwGrHouE\" width=\"560\" height=\"315\" frameborder=\"0\" allowfullscreen=\"allowfullscreen\"><\/iframe><\/p>\n<ul>\n<li>Comunicar el cambio de domicilio:<\/li>\n<\/ul>\n<p style=\"text-align: center;\"><iframe loading=\"lazy\" src=\"https:\/\/www.youtube.com\/embed\/icfnmziQsfk\" width=\"560\" height=\"315\" frameborder=\"0\" allowfullscreen=\"allowfullscreen\"><\/iframe><\/p>\n<p>&nbsp;<\/p>\n<h3 style=\"text-align: justify;\" data-start=\"143\" data-end=\"279\"><\/h3>\n<p style=\"text-align: justify;\" data-start=\"281\" data-end=\"550\"><strong>PARA LOS CONNACIONALES QUE HAN OBTENIDO EL RECONOCIMIENTO DE LA CIUDADANIA ITALIANA EN UN MUNICIPIO DE ITALIA &#8211; CIRCULAR K.28.1\/1991<br \/>\n<\/strong>Los connacionales que hayan obtenido el reconocimiento de la ciudadan\u00eda italiana en un municipio de Italia, seg\u00fan lo estipulado en la Circular K28.1 del 8.4.1991, y deseen inscribirse en el A.I.R.E. por primera vez a trav\u00e9s de este Consulado General, deber\u00e1n presentar:<\/p>\n<ul style=\"text-align: justify;\" data-start=\"552\" data-end=\"1660\">\n<li data-start=\"552\" data-end=\"784\">\n<p data-start=\"554\" data-end=\"784\">Formulario de Inscripci\u00f3n AIRE impreso desde FAST IT, debidamente completado, fechado y firmado por el interesado y el otro progenitor de sus hijos menores, en el que SE DEBER\u00c1 DECLARAR EL PER\u00cdODO DE RESIDENCIA EFECTIVA EN ITALIA.<\/p>\n<\/li>\n<li data-start=\"785\" data-end=\"880\">\n<p data-start=\"787\" data-end=\"880\">Copia del DNI (anverso y reverso) de todo el n\u00facleo familiar (si aparece la misma direcci\u00f3n).<\/p>\n<\/li>\n<li data-start=\"881\" data-end=\"1352\">\n<p data-start=\"883\" data-end=\"1352\">Documentaci\u00f3n que acredite la residencia en la circunscripci\u00f3n consular de Rosario: recibo de sueldo, recibo de asistencia sanitaria, contrato de trabajo o de alquiler registrado en la AFIP, certificado de asistencia escolar, recibo de pensi\u00f3n, inscripci\u00f3n en la AFIP. No se aceptar\u00e1n: Licencia de conducir, certificados de domicilio emitidos por la Polic\u00eda o por la Oficina del Registro Civil, impuestos provinciales o municipales, incluidos los relativos a veh\u00edculos.<\/p>\n<\/li>\n<li data-start=\"1353\" data-end=\"1660\">\n<p data-start=\"1355\" data-end=\"1660\">Copia de la Carta de Identidad italiana. En caso de no poseer la Carta de Identidad, se puede presentar la copia del pasaporte italiano (o certificado de ciudadan\u00eda emitido por el municipio) y la transcripci\u00f3n del acta de nacimiento emitida por el municipio donde consten los detalles de la transcripci\u00f3n.<\/p>\n<\/li>\n<\/ul>\n<h3 style=\"text-align: justify;\" data-start=\"1667\" data-end=\"1797\"><\/h3>\n<p style=\"text-align: justify;\" data-start=\"1799\" data-end=\"2117\"><strong>PARA LOS CONNACIONALES QUE HAN OBTENIDO EL RECONOCIMENTO DE LA CIUDADANIA ITALIANA MEDIANTE SENTENCIA DE UN TRIBUNAL ITALIANO<br \/>\n<\/strong>Aquellos que hayan obtenido el reconocimiento de la ciudadan\u00eda italiana por Sentencia\/Resoluci\u00f3n de un tribunal italiano deber\u00e1n presentar las solicitudes de inscripci\u00f3n en el AIRE para s\u00ed mismos y para sus hijos menores que hayan obtenido el reconocimiento por la sentencia. Se deber\u00e1n presentar para cada interesado:<\/p>\n<ul style=\"text-align: justify;\" data-start=\"2119\" data-end=\"3229\">\n<li data-start=\"2119\" data-end=\"2277\">\n<p data-start=\"2121\" data-end=\"2277\">Formulario de Inscripci\u00f3n AIRE impreso desde FAST IT, debidamente completado, fechado y firmado por el interesado y el otro progenitor de sus hijos menores.<\/p>\n<\/li>\n<li data-start=\"2278\" data-end=\"2373\">\n<p data-start=\"2280\" data-end=\"2373\">Copia del DNI (anverso y reverso) de todo el n\u00facleo familiar (si aparece la misma direcci\u00f3n).<\/p>\n<\/li>\n<li data-start=\"2374\" data-end=\"2845\">\n<p data-start=\"2376\" data-end=\"2845\">Documentaci\u00f3n que acredite la residencia en la circunscripci\u00f3n consular de Rosario: recibo de sueldo, recibo de asistencia sanitaria, contrato de trabajo o de alquiler registrado en la AFIP, certificado de asistencia escolar, recibo de pensi\u00f3n, inscripci\u00f3n en la AFIP. No se aceptar\u00e1n: Licencia de conducir, certificados de domicilio emitidos por la Polic\u00eda o por la Oficina del Registro Civil, impuestos provinciales o municipales, incluidos los relativos a veh\u00edculos.<\/p>\n<\/li>\n<li data-start=\"2846\" data-end=\"2913\">\n<p data-start=\"2848\" data-end=\"2913\">Copia de la Sentencia del Tribunal y certificado de cosa juzgada.<\/p>\n<\/li>\n<li data-start=\"2914\" data-end=\"3156\">\n<p data-start=\"2916\" data-end=\"3156\">Acta de nacimiento INTEGRAL emitida por el municipio italiano con anotaci\u00f3n de la sentencia o, en su defecto, certificado emitido por el municipio italiano del que pueda desprenderse la transcripci\u00f3n de la sentencia del tribunal competente.<\/p>\n<\/li>\n<li data-start=\"3157\" data-end=\"3229\">\n<p data-start=\"3159\" data-end=\"3229\">Acta de matrimonio (si corresponde) emitida por el municipio italiano.<\/p>\n<\/li>\n<\/ul>\n<h3 style=\"text-align: justify;\" data-start=\"3236\" data-end=\"3360\"><\/h3>\n<p style=\"text-align: justify;\" data-start=\"3362\" data-end=\"3608\"><strong>PARA LOS CONNACIONALES YA INSCRITOS EN EL REGISTRO CONSULAR DE ESTE CONSULADO GENERAL QUE DEBAN REGULARIZAR SU SITUACION<br \/>\n<\/strong>Para los connacionales que ya est\u00e9n inscritos en el registro consular de este Consulado General pero deban regularizar su situaci\u00f3n a ra\u00edz de la cancelaci\u00f3n del A.I.R.E. comunicada por el municipio o por este Consulado General, deber\u00e1n presentar:<\/p>\n<ul style=\"text-align: justify;\" data-start=\"3610\" data-end=\"4393\">\n<li data-start=\"3610\" data-end=\"3768\">\n<p data-start=\"3612\" data-end=\"3768\">Formulario de Inscripci\u00f3n AIRE impreso desde FAST IT, debidamente completado, fechado y firmado por el interesado y el otro progenitor de sus hijos menores.<\/p>\n<\/li>\n<li data-start=\"3769\" data-end=\"3864\">\n<p data-start=\"3771\" data-end=\"3864\">Copia del DNI (anverso y reverso) de todo el n\u00facleo familiar (si aparece la misma direcci\u00f3n).<\/p>\n<\/li>\n<li data-start=\"3865\" data-end=\"3921\">\n<p data-start=\"3867\" data-end=\"3921\">Copia de la carta de identidad italiana (si se posee).<\/p>\n<\/li>\n<li data-start=\"3922\" data-end=\"4393\">\n<p data-start=\"3924\" data-end=\"4393\">Documentaci\u00f3n que acredite la residencia en la circunscripci\u00f3n consular de Rosario: recibo de sueldo, recibo de asistencia sanitaria, contrato de trabajo o de alquiler registrado en la AFIP, certificado de asistencia escolar, recibo de pensi\u00f3n, inscripci\u00f3n en la AFIP. No se aceptar\u00e1n: Licencia de conducir, certificados de domicilio emitidos por la Polic\u00eda o por la Oficina del Registro Civil, impuestos provinciales o municipales, incluidos los relativos a veh\u00edculos.<\/p>\n<\/li>\n<\/ul>\n<p style=\"text-align: justify;\" data-start=\"4491\" data-end=\"4929\"><strong>ATENCION: PARA LOS INSCRITOS EN EL AIRE PROCEDENTES DE OTRA CIRCUNSCRIPCION CONSULAR<\/strong><\/p>\n<p style=\"text-align: justify;\" data-start=\"4491\" data-end=\"4929\">Los ciudadanos italianos ya inscritos correctamente en otra circunscripci\u00f3n consular que deseen notificar su nueva residencia en la circunscripci\u00f3n de este Consulado General, NO DEBER\u00c1N SOLICITAR LA INSCRIPCI\u00d3N EN EL AIRE. Deber\u00e1n primero solicitar la asociaci\u00f3n de identidad en l\u00ednea en su propio Consulado\/Embajada de origen, ingresando en FAST IT y seleccionando dicha Representaci\u00f3n, solicitando la visualizaci\u00f3n de su ficha consular.<\/p>\n<p style=\"text-align: justify;\" data-start=\"4931\" data-end=\"5043\"><strong data-start=\"4931\" data-end=\"4951\">NOTA IMPORTANTE:<\/strong> El nombre y apellido deber\u00e1n ser declarados tal como aparecen en la documentaci\u00f3n italiana.<\/p>\n<p style=\"text-align: justify;\" data-start=\"5045\" data-end=\"5265\">Una vez completado el tr\u00e1mite de asociaci\u00f3n del usuario con la ficha consular, se deber\u00e1 acceder a FAST IT, seleccionar la opci\u00f3n \u00abComunicar el cambio de residencia\u00bb y proceder seg\u00fan las indicaciones que se proporcionen.<\/p>\n<p style=\"text-align: justify;\" data-start=\"5045\" data-end=\"5265\"><span style=\"text-decoration: underline;\"><strong>Con el fin de facilitar a todos los usuarios interesados la correcta presentaci\u00f3n de su tr\u00e1mite, hemos preparado un <a href=\"https:\/\/consrosario.esteri.it\/wp-content\/uploads\/2025\/07\/Vademecum-presentazione-atti-stato-civile.pdf\">recordatorio descargable<\/a>.<\/strong><\/span><\/p>\n<p style=\"text-align: justify;\" data-start=\"5272\" data-end=\"5322\"><span style=\"text-decoration: underline;\"><strong>Las solicitudes incompletas no ser\u00e1n consideradas<\/strong><\/span>.<\/p>\n","protected":false},"excerpt":{"rendered":"El Registro de los Italianos Residentes en el Extranjero (A.I.R.E.) fue establecido por la ley del 27 de octubre de 1988, n. 470 (LEY del 27 de octubre de 1988, n. 470 \u2013 Normattiva). El A.I.R.E. es el registro de los ciudadanos italianos residentes en el extranjero y est\u00e1 gestionado por los municipios italianos, en [&hellip;]","protected":false},"author":1,"featured_media":0,"parent":195,"menu_order":4,"comment_status":"closed","ping_status":"closed","template":"","meta":{"footnotes":""},"class_list":["post-201","page","type-page","status-publish","hentry"],"_links":{"self":[{"href":"https:\/\/consrosario.esteri.it\/es\/wp-json\/wp\/v2\/pages\/201","targetHints":{"allow":["GET"]}}],"collection":[{"href":"https:\/\/consrosario.esteri.it\/es\/wp-json\/wp\/v2\/pages"}],"about":[{"href":"https:\/\/consrosario.esteri.it\/es\/wp-json\/wp\/v2\/types\/page"}],"author":[{"embeddable":true,"href":"https:\/\/consrosario.esteri.it\/es\/wp-json\/wp\/v2\/users\/1"}],"replies":[{"embeddable":true,"href":"https:\/\/consrosario.esteri.it\/es\/wp-json\/wp\/v2\/comments?post=201"}],"version-history":[{"count":6,"href":"https:\/\/consrosario.esteri.it\/es\/wp-json\/wp\/v2\/pages\/201\/revisions"}],"predecessor-version":[{"id":9325,"href":"https:\/\/consrosario.esteri.it\/es\/wp-json\/wp\/v2\/pages\/201\/revisions\/9325"}],"up":[{"embeddable":true,"href":"https:\/\/consrosario.esteri.it\/es\/wp-json\/wp\/v2\/pages\/195"}],"wp:attachment":[{"href":"https:\/\/consrosario.esteri.it\/es\/wp-json\/wp\/v2\/media?parent=201"}],"curies":[{"name":"wp","href":"https:\/\/api.w.org\/{rel}","templated":true}]}}