{"id":202,"date":"2023-04-03T19:29:02","date_gmt":"2023-04-03T22:29:02","guid":{"rendered":"https:\/\/consrosario.esteri.it\/servizi-consolari-e-visti\/servizi-per-il-cittadino-italiano\/stato-civile\/"},"modified":"2025-07-17T10:50:00","modified_gmt":"2025-07-17T13:50:00","slug":"stato-civile","status":"publish","type":"page","link":"https:\/\/consrosario.esteri.it\/es\/servizi-consolari-e-visti\/servizi-per-il-cittadino-italiano\/stato-civile\/","title":{"rendered":"Estado civil"},"content":{"rendered":"<p style=\"text-align: justify;\">El Estado Civil constata y registra los eventos esenciales del ciudadano italiano: matrimonio, defunci\u00f3n, divorcio.<\/p>\n<p style=\"text-align: justify;\"><strong>Todos los ciudadanos italianos tienen la obligaci\u00f3n de comunicar a la Administraci\u00f3n P\u00fablica, a la brevedad posible, toda variaci\u00f3n del propio estado civil y a la composici\u00f3n del propio n\u00facleo familiar.<\/strong><\/p>\n<ul>\n<li style=\"text-align: justify;\">Transmisi\u00f3n de actas de estado civil: matrimonio, uni\u00f3n civil, divorcio y defunci\u00f3n: <a href=\"https:\/\/consrosario.esteri.it\/es\/servizi-consolari-e-visti\/servizi-per-il-cittadino-italiano\/stato-civile\/iscrizione-figli-minori-del-cittadino-italiano-trasmissione-di-atti-di-nascita-matrimonio-unione-civile-decesso-divorzio\/\"><strong>cliquear aqu\u00ed<\/strong><\/a><\/li>\n<li>Uniones convivenciales: <a href=\"https:\/\/consrosario.esteri.it\/es\/servizi-consolari-e-visti\/servizi-per-il-cittadino-italiano\/stato-civile\/convivenze-di-fatto\/\"><strong>cliquear aqu\u00ed<\/strong><\/a><\/li>\n<li>Sentencias de adopci\u00f3n: <a href=\"https:\/\/consrosario.esteri.it\/es\/servizi-consolari-e-visti\/servizi-per-il-cittadino-italiano\/stato-civile\/sentenze-di-adozione\/\"><strong>cliquear aqu\u00ed<\/strong><\/a><\/li>\n<li>Publicaciones de matrimonio: <strong><a href=\"https:\/\/consrosario.esteri.it\/es\/servizi-consolari-e-visti\/servizi-per-il-cittadino-italiano\/stato-civile\/pubblicazioni-di-matrimonio\/\">cliquear aqu\u00ed<\/a><\/strong><\/li>\n<li>Modificaciones del nombre, del apellido o del g\u00e9nero: <a href=\"https:\/\/consrosario.esteri.it\/es\/servizi-consolari-e-visti\/servizi-per-il-cittadino-italiano\/stato-civile\/modificazioni-del-nome-o-del-cognome\/\"><strong>cliquear aqu\u00ed<\/strong><\/a>.<\/li>\n<li>Hijos menores de edad de ciudadanos italianos por nacimiento que transmiten autom\u00e1ticamente la ciudadan\u00eda (art. 3-bis L. 91\/1992): <a href=\"https:\/\/consrosario.esteri.it\/es\/servizi-consolari-e-visti\/servizi-per-il-cittadino-italiano\/passaporti-e-carte-didentita\/passaporti-agevolazioni-e-priorita\/atti-di-nascita-di-figli-minorenni-art-3-bis-l-91-1992-iure-sanguinis\/\"><strong>cliquear aqu\u00ed<\/strong><\/a>.<\/li>\n<\/ul>\n","protected":false},"excerpt":{"rendered":"El Estado Civil constata y registra los eventos esenciales del ciudadano italiano: matrimonio, defunci\u00f3n, divorcio. Todos los ciudadanos italianos tienen la obligaci\u00f3n de comunicar a la Administraci\u00f3n P\u00fablica, a la brevedad posible, toda variaci\u00f3n del propio estado civil y a la composici\u00f3n del propio n\u00facleo familiar. Transmisi\u00f3n de actas de estado civil: matrimonio, uni\u00f3n civil, [&hellip;]","protected":false},"author":1,"featured_media":0,"parent":195,"menu_order":6,"comment_status":"closed","ping_status":"closed","template":"","meta":{"footnotes":""},"class_list":["post-202","page","type-page","status-publish","hentry"],"_links":{"self":[{"href":"https:\/\/consrosario.esteri.it\/es\/wp-json\/wp\/v2\/pages\/202","targetHints":{"allow":["GET"]}}],"collection":[{"href":"https:\/\/consrosario.esteri.it\/es\/wp-json\/wp\/v2\/pages"}],"about":[{"href":"https:\/\/consrosario.esteri.it\/es\/wp-json\/wp\/v2\/types\/page"}],"author":[{"embeddable":true,"href":"https:\/\/consrosario.esteri.it\/es\/wp-json\/wp\/v2\/users\/1"}],"replies":[{"embeddable":true,"href":"https:\/\/consrosario.esteri.it\/es\/wp-json\/wp\/v2\/comments?post=202"}],"version-history":[{"count":6,"href":"https:\/\/consrosario.esteri.it\/es\/wp-json\/wp\/v2\/pages\/202\/revisions"}],"predecessor-version":[{"id":8549,"href":"https:\/\/consrosario.esteri.it\/es\/wp-json\/wp\/v2\/pages\/202\/revisions\/8549"}],"up":[{"embeddable":true,"href":"https:\/\/consrosario.esteri.it\/es\/wp-json\/wp\/v2\/pages\/195"}],"wp:attachment":[{"href":"https:\/\/consrosario.esteri.it\/es\/wp-json\/wp\/v2\/media?parent=202"}],"curies":[{"name":"wp","href":"https:\/\/api.w.org\/{rel}","templated":true}]}}