{"id":204,"date":"2023-04-03T19:29:28","date_gmt":"2023-04-03T22:29:28","guid":{"rendered":"https:\/\/consrosario.esteri.it\/servizi-consolari-e-visti\/servizi-per-il-cittadino-italiano\/servizi-elettorali\/"},"modified":"2025-04-01T16:53:57","modified_gmt":"2025-04-01T19:53:57","slug":"servizi-elettorali","status":"publish","type":"page","link":"https:\/\/consrosario.esteri.it\/es\/servizi-consolari-e-visti\/servizi-per-il-cittadino-italiano\/servizi-elettorali\/","title":{"rendered":"Servicios electorales"},"content":{"rendered":"<p>Los ciudadanos italianos residentes en el exterior e inscriptos regularmente en el AIRE puede ejercer el derecho de voto en el exterior en el lugar de residencia para las elecciones pol\u00edticas nacionales, para los refer\u00e9ndums abrogativos y constitucionales ex art\u00edculos 75 y 138 de la Constituci\u00f3n y para las elecciones del Parlamento europeo.<\/p>\n<p>El voto en el exterior para las elecciones pol\u00edticas y los refer\u00e9ndums est\u00e1 regulado por la Ley n. 459 del 27 de diciembre de 2001 y por el Reglamento de Ejecuci\u00f3n (Decreto del Presidente de la Rep\u00fablica n. 104 del 2 de abril de 2003), art\u00edculos 48, 56 y 57 de la Constituci\u00f3n, que instituyeron la Circunscripci\u00f3n Exterior.<\/p>\n<p>El voto en el exterior para la elecci\u00f3n de los representantes italianos en el Parlamento europeo se encuentra en cambio regulado por la ley n. 18 del 24 de enero de 1979 y por el Decreto ley n. 408 del 24 de junio (convertido en ley n. 483 del 3 de agosto de 1994).<\/p>\n<p>Los electores italianos residentes en el exterior y regularmente inscriptos en el AIRE pueden adem\u00e1s votar para las elecciones de los representantes de los Comites \u2013 Comitatos de los italianos en el exterior (ley n. 283 del 23 de octubre de 2003).<\/p>\n<ul>\n<li><a href=\"https:\/\/consrosario.esteri.it\/es\/servizi-consolari-e-visti\/servizi-per-il-cittadino-italiano\/servizi-elettorali\/referendum-abrogativi-2025\/\">REFER\u00c9NDUMS DEROGATORIOS 2025<\/a><\/li>\n<li>ELECCIONES POL\u00cdTICAS 2022<\/li>\n<li>REFER\u00c9NDUMS DEROGATORIOS 2022<\/li>\n<li>ELECCIONES COM.IT.ES. 2021<\/li>\n<\/ul>\n","protected":false},"excerpt":{"rendered":"Los ciudadanos italianos residentes en el exterior e inscriptos regularmente en el AIRE puede ejercer el derecho de voto en el exterior en el lugar de residencia para las elecciones pol\u00edticas nacionales, para los refer\u00e9ndums abrogativos y constitucionales ex art\u00edculos 75 y 138 de la Constituci\u00f3n y para las elecciones del Parlamento europeo. El voto [&hellip;]","protected":false},"author":1,"featured_media":0,"parent":195,"menu_order":10,"comment_status":"closed","ping_status":"closed","template":"","meta":{"footnotes":""},"class_list":["post-204","page","type-page","status-publish","hentry"],"_links":{"self":[{"href":"https:\/\/consrosario.esteri.it\/es\/wp-json\/wp\/v2\/pages\/204","targetHints":{"allow":["GET"]}}],"collection":[{"href":"https:\/\/consrosario.esteri.it\/es\/wp-json\/wp\/v2\/pages"}],"about":[{"href":"https:\/\/consrosario.esteri.it\/es\/wp-json\/wp\/v2\/types\/page"}],"author":[{"embeddable":true,"href":"https:\/\/consrosario.esteri.it\/es\/wp-json\/wp\/v2\/users\/1"}],"replies":[{"embeddable":true,"href":"https:\/\/consrosario.esteri.it\/es\/wp-json\/wp\/v2\/comments?post=204"}],"version-history":[{"count":2,"href":"https:\/\/consrosario.esteri.it\/es\/wp-json\/wp\/v2\/pages\/204\/revisions"}],"predecessor-version":[{"id":7630,"href":"https:\/\/consrosario.esteri.it\/es\/wp-json\/wp\/v2\/pages\/204\/revisions\/7630"}],"up":[{"embeddable":true,"href":"https:\/\/consrosario.esteri.it\/es\/wp-json\/wp\/v2\/pages\/195"}],"wp:attachment":[{"href":"https:\/\/consrosario.esteri.it\/es\/wp-json\/wp\/v2\/media?parent=204"}],"curies":[{"name":"wp","href":"https:\/\/api.w.org\/{rel}","templated":true}]}}