{"id":210,"date":"2023-04-03T19:29:38","date_gmt":"2023-04-03T22:29:38","guid":{"rendered":"https:\/\/consrosario.esteri.it\/servizi-consolari-e-visti\/servizi-per-il-cittadino-italiano\/servizi-notarili\/"},"modified":"2024-10-02T11:03:10","modified_gmt":"2024-10-02T14:03:10","slug":"servizi-notarili","status":"publish","type":"page","link":"https:\/\/consrosario.esteri.it\/es\/servizi-consolari-e-visti\/servizi-per-il-cittadino-italiano\/servizi-notarili\/","title":{"rendered":"Servicios notariales"},"content":{"rendered":"<p style=\"text-align: justify;\">El Consulado General se ocupa de cuestiones legales, incluyendo adopciones, divorcios, sustracci\u00f3n de menores, detenidos, repatriaci\u00f3n de restos mortales. Brinda el servicio notarial. Se ocupa de cuestiones inherentes a la conscripci\u00f3n, las pensiones, la navegaci\u00f3n, la recopilaci\u00f3n de datos comerciales. Recibe las solicitudes de c\u00f3digos fiscales.<br \/>\nA continuaci\u00f3n se detallan algunos de los servicios notariales del Consulado.<\/p>\n<p style=\"text-align: justify;\"><strong>1. Poderes<br \/>\n<\/strong>Mediante el poder (\u201c<strong>procura<\/strong>\u201d) una persona (fisica o jur\u00eddica) habilita a otra persona actuar en su lugar y en su representaci\u00f3n. El poder puede ser general o especial.<br \/>\nCon el\u00a0<strong>poder general<\/strong>\u00a0el interesado asigna al representante la gesti\u00f3n de todos sus negocios, actuales y futuros, con facultades de administrar y disponer de los bienes. El poder general se otorga por tiempo indeterminado, pero se puede revocar.<br \/>\nCon el\u00a0<strong>poder especial<\/strong>\u00a0el interesado asigna al representante la gesti\u00f3n de una parte de sus negocios. El poder especial deja de tener vigencia en cuanto se finalice el encargo particular por el cual fue otorgado.<\/p>\n<p style=\"text-align: justify;\"><strong>2. Testamento<\/strong><br \/>\nEl\u00a0<strong>testamento p\u00fablico<\/strong>\u00a0es una declaraci\u00f3n escrita de \u00faltima voluntad que el testador presta ante dos testigos y un funcionario habilitado a ejercer las funciones notariales.<br \/>\nEl testamento secreto es tambi\u00e9n una declaraci\u00f3n escrita de \u00faltima voluntad; en este caso, la Oficina Notarial \u00fanicamente recibe el documento (cuyo contenido se mantiene secreto) y lo deposita en sus archivios.<br \/>\nEl\u00a0<strong>testamento ol\u00f3grafo<\/strong>\u00a0debe ser escrito integralmente de pu\u00f1o y letra del interesado. Puede ser depositado en la Oficina Notarial para evitar su extrav\u00edo y asegurar la inmediata publicaci\u00f3n al fallecimiento del testador.<\/p>\n<p style=\"text-align: justify;\"><strong>3. Actas p\u00fablicas<\/strong><br \/>\nSe trata de actos jur\u00eddicos (como, por ejemplo, la donaci\u00f3n) que conforme la ley italiana se deben realizar por escribano p\u00fablico para tener validez en Italia.<\/p>\n<p style=\"text-align: justify;\"><strong>4. Certificaciones<\/strong><\/p>\n<ul style=\"text-align: justify;\">\n<li><strong>Certificaci\u00f3n de firma:<\/strong>\u00a0el Consulado puede certificar que un documento procede de una persona certificando la firma de la misma (sin entrar en m\u00e9rito al contenido del documento). Para certificar la firma, es necesario presentarse personalmente ante la Oficina Notarial del Consulado con un documento de identidad y el documento que se quiere certificar.<\/li>\n<li><strong>Certificaci\u00f3n de fotograf\u00eda:<\/strong>\u00a0es necesario presentarse personalmente ante la Oficina Notarial con un documento de identidad y tres fotograf\u00edas iguales.<\/li>\n<li><strong>Certificaci\u00f3n de traducci\u00f3n:<\/strong>\u00a0el Consulado puede certificar la fidelidad de una traducci\u00f3n al italiano respecto al texto original en espa\u00f1ol.<\/li>\n<li>Estas certificaciones pueden ser utilizadas \u00fanicamente en Italia o ante la Administraci\u00f3n italiana.<\/li>\n<\/ul>\n<p style=\"text-align: justify;\"><strong>5. Legalizaci\u00f3n de traducciones de documentaci\u00f3n para presentar en Italia\u00a0<\/strong><\/p>\n<p style=\"text-align: justify;\">Existen dos modalides para legalizar las traducciones de documentaci\u00f3n para presentar en Italia:<\/p>\n<p style=\"padding-left: 40px; text-align: justify;\">a) Con Apostilla de La Haya<\/p>\n<p style=\"padding-left: 40px; text-align: justify;\">La certificaci\u00f3n de conformidad de la traducci\u00f3n de los documentos puede ser sustituida por la Apostilla de La Haya colocada por el Ministerio de Relaciones Exteriores argentino o por el Colegio de Escribanos competente sobre la firma del funcionario del Colegio de Traductores (llamada \u201cdoble apostilla\u201d).<\/p>\n<p style=\"padding-left: 40px; text-align: justify;\">b) Legalizaci\u00f3n en el Consulado<\/p>\n<p style=\"padding-left: 40px; text-align: justify;\">Es necesario solicitar un turno a trav\u00e9s del sistema Prenot@Mi (<a href=\"https:\/\/consrosario.esteri.it\/es\/chi-siamo\/la-sede\/prenota-lappuntamento\/\">cliquear aqu\u00ed<\/a>). El turno prev\u00e9 <strong>el env\u00edo de la documentaci\u00f3n por correo certificado<\/strong>.<br \/>\nEl d\u00eda del turno establecido por el portal (ni antes ni despu\u00e9s) enviar un sobre que contenga:<\/p>\n<ul style=\"text-align: justify;\">\n<li style=\"list-style-type: none;\">\n<ul>\n<li>la documentaci\u00f3n necesaria;<\/li>\n<li>giros postales (ver costo de las legalizaciones en <a href=\"https:\/\/consrosario.esteri.it\/es\/chi-siamo\/la-sede\/modulistica\/\">https:\/\/consrosario.esteri.it\/es\/chi-siamo\/la-sede\/modulistica\/<\/a>\u00a0(art. 69);<\/li>\n<li>copia del DNI del interesado;<\/li>\n<li>copia del correo electr\u00f3nico con la confirmaci\u00f3n del turno.<\/li>\n<\/ul>\n<\/li>\n<\/ul>\n<p style=\"padding-left: 40px; text-align: justify;\">La documentaci\u00f3n debe enviarse por correo certificado a:<\/p>\n<p style=\"padding-left: 40px; text-align: justify;\"><strong><em>Consolato Generale d\u2019Italia Rosario<\/em><\/strong><br \/>\n<strong><em>Ufficio Notarile<\/em><\/strong><br \/>\n<strong><em>Legalizzazione di atti<\/em><\/strong><br \/>\n<strong><em>Montevideo 2182<\/em><\/strong><br \/>\n<strong><em>(2000) ROSARIO (Santa Fe)<\/em><\/strong><\/p>\n<p style=\"padding-left: 40px; text-align: justify;\">Alternativamente, el d\u00eda del turno, los interesados \u200b\u200bpodr\u00e1n entregar personalmente el sobre que contiene la documentaci\u00f3n en mesa de entrada del Consulado, de 08.30 a 11.30 hs.<\/p>\n<p style=\"padding-left: 40px; text-align: justify;\">Los documentos\/actas deben contar con la Apostilla de La Haya y estar traducidos por un traductor autorizado por este Consulado General (<a href=\"https:\/\/consrosario.esteri.it\/it\/chi-siamo\/la-sede\/modulistica\/\">cliquear aqu\u00ed<\/a>).<\/p>\n<p style=\"padding-left: 40px; text-align: justify;\"><strong>El\/la solicitante deber\u00e1 ser residente en esta Circunscripcion Consular<\/strong>.<\/p>\n<p style=\"padding-left: 40px; text-align: justify;\">La documentaci\u00f3n legalizada podr\u00e1 ser retirada del Consulado General 10 (diez) d\u00edas duespu\u00e9s del env\u00edo, de lunes a viernes de 08:30 a 11:30hs.<\/p>\n<p style=\"text-align: justify;\"><strong>6. Legalizaci\u00f3n de documentos para la ciudadan\u00eda por matrimonio<\/strong><br \/>\nPara las legalizaciones de los documentos para la ciudadan\u00eda por matrimonio se debe solicitar turno escribiendo a <a href=\"mailto:cittadinanza.rosario@esteri.it\">cittadinanza.rosario@esteri.it<\/a>.<\/p>\n<p style=\"text-align: justify;\"><strong>7. Detenidos en el exterior<\/strong><\/p>\n<p style=\"text-align: justify;\"><a href=\"https:\/\/www.esteri.it\/mae\/resource\/doc\/2019\/11\/detenuti_italiani_allestero_-_guida_pratica_allassistenza_consolare.pdf\">Cliquear aqui<\/a>\u00a0para descargar la \u00ab<em>Guida pratica all&#8217;assistenza consolare<\/em>\u00bb para los italianos detenidos en el exterior.<\/p>\n<p style=\"text-align: justify;\"><strong>8. Certificaci\u00f3n de fotocopias<\/strong><\/p>\n<p style=\"text-align: justify;\">El servicio permite la certificaci\u00f3n de fotocopias de documentos a presentar en Italia.<\/p>\n<p style=\"text-align: justify;\">Los interesados \u200b\u200bdeben solicitar turno a trav\u00e9s del sistema Prenot@mi (seleccionar el servicio \u00abCertificaci\u00f3n de fotocopias\u00bb) y presentarse el d\u00eda del turno con los documentos originales y las relativas fotocopias a certificar.<\/p>\n<p style=\"text-align: justify;\">Costo del servicio:\u00a0<a href=\"https:\/\/consrosario.esteri.it\/es\/chi-siamo\/la-sede\/modulistica\/\">Cliquear aqu\u00ed<\/a>\u00a0(ver \u00abAutenticaci\u00f3n de fotocopias\u00bb). El pago es solo con giro postal.<\/p>\n","protected":false},"excerpt":{"rendered":"El Consulado General se ocupa de cuestiones legales, incluyendo adopciones, divorcios, sustracci\u00f3n de menores, detenidos, repatriaci\u00f3n de restos mortales. Brinda el servicio notarial. Se ocupa de cuestiones inherentes a la conscripci\u00f3n, las pensiones, la navegaci\u00f3n, la recopilaci\u00f3n de datos comerciales. Recibe las solicitudes de c\u00f3digos fiscales. A continuaci\u00f3n se detallan algunos de los servicios notariales [&hellip;]","protected":false},"author":1,"featured_media":0,"parent":195,"menu_order":12,"comment_status":"closed","ping_status":"closed","template":"","meta":{"footnotes":""},"class_list":["post-210","page","type-page","status-publish","hentry"],"_links":{"self":[{"href":"https:\/\/consrosario.esteri.it\/es\/wp-json\/wp\/v2\/pages\/210","targetHints":{"allow":["GET"]}}],"collection":[{"href":"https:\/\/consrosario.esteri.it\/es\/wp-json\/wp\/v2\/pages"}],"about":[{"href":"https:\/\/consrosario.esteri.it\/es\/wp-json\/wp\/v2\/types\/page"}],"author":[{"embeddable":true,"href":"https:\/\/consrosario.esteri.it\/es\/wp-json\/wp\/v2\/users\/1"}],"replies":[{"embeddable":true,"href":"https:\/\/consrosario.esteri.it\/es\/wp-json\/wp\/v2\/comments?post=210"}],"version-history":[{"count":6,"href":"https:\/\/consrosario.esteri.it\/es\/wp-json\/wp\/v2\/pages\/210\/revisions"}],"predecessor-version":[{"id":5527,"href":"https:\/\/consrosario.esteri.it\/es\/wp-json\/wp\/v2\/pages\/210\/revisions\/5527"}],"up":[{"embeddable":true,"href":"https:\/\/consrosario.esteri.it\/es\/wp-json\/wp\/v2\/pages\/195"}],"wp:attachment":[{"href":"https:\/\/consrosario.esteri.it\/es\/wp-json\/wp\/v2\/media?parent=210"}],"curies":[{"name":"wp","href":"https:\/\/api.w.org\/{rel}","templated":true}]}}