{"id":212,"date":"2023-04-03T19:29:59","date_gmt":"2023-04-03T22:29:59","guid":{"rendered":"https:\/\/consrosario.esteri.it\/servizi-consolari-e-visti\/servizi-per-il-cittadino-italiano\/autoveicoli-e-patenti-di-guida\/"},"modified":"2025-07-17T17:05:40","modified_gmt":"2025-07-17T20:05:40","slug":"autoveicoli-e-patenti-di-guida","status":"publish","type":"page","link":"https:\/\/consrosario.esteri.it\/es\/servizi-consolari-e-visti\/servizi-per-il-cittadino-italiano\/autoveicoli-e-patenti-di-guida\/","title":{"rendered":"Renovacion de licencias de conducir"},"content":{"rendered":"<p><span class=\"jCAhz ChMk0b\"><span class=\"ryNqvb\">El solicitante debe estar registrado en este Consulado General y la licencia debe haber caducado por no m\u00e1s de cinco a\u00f1os.<\/span><\/span> <span class=\"jCAhz ChMk0b\"><span class=\"ryNqvb\">Deber\u00e1 presentar original y copia de la licencia de conducir, as\u00ed como el certificado m\u00e9dico emitido por el m\u00e9dico de confianza del consulado.<\/span><\/span><\/p>\n<p>Solicitar turno a <a href=\"mailto:legale.rosario@esteri.it\">legale.rosario@esteri.it<\/a>.<\/p>\n<p>&nbsp;<\/p>\n","protected":false},"excerpt":{"rendered":"El solicitante debe estar registrado en este Consulado General y la licencia debe haber caducado por no m\u00e1s de cinco a\u00f1os. Deber\u00e1 presentar original y copia de la licencia de conducir, as\u00ed como el certificado m\u00e9dico emitido por el m\u00e9dico de confianza del consulado. Solicitar turno a legale.rosario@esteri.it. &nbsp;","protected":false},"author":1,"featured_media":0,"parent":195,"menu_order":16,"comment_status":"closed","ping_status":"closed","template":"","meta":{"footnotes":""},"class_list":["post-212","page","type-page","status-publish","hentry"],"_links":{"self":[{"href":"https:\/\/consrosario.esteri.it\/es\/wp-json\/wp\/v2\/pages\/212","targetHints":{"allow":["GET"]}}],"collection":[{"href":"https:\/\/consrosario.esteri.it\/es\/wp-json\/wp\/v2\/pages"}],"about":[{"href":"https:\/\/consrosario.esteri.it\/es\/wp-json\/wp\/v2\/types\/page"}],"author":[{"embeddable":true,"href":"https:\/\/consrosario.esteri.it\/es\/wp-json\/wp\/v2\/users\/1"}],"replies":[{"embeddable":true,"href":"https:\/\/consrosario.esteri.it\/es\/wp-json\/wp\/v2\/comments?post=212"}],"version-history":[{"count":2,"href":"https:\/\/consrosario.esteri.it\/es\/wp-json\/wp\/v2\/pages\/212\/revisions"}],"predecessor-version":[{"id":8715,"href":"https:\/\/consrosario.esteri.it\/es\/wp-json\/wp\/v2\/pages\/212\/revisions\/8715"}],"up":[{"embeddable":true,"href":"https:\/\/consrosario.esteri.it\/es\/wp-json\/wp\/v2\/pages\/195"}],"wp:attachment":[{"href":"https:\/\/consrosario.esteri.it\/es\/wp-json\/wp\/v2\/media?parent=212"}],"curies":[{"name":"wp","href":"https:\/\/api.w.org\/{rel}","templated":true}]}}