{"id":213,"date":"2023-04-03T19:30:10","date_gmt":"2023-04-03T22:30:10","guid":{"rendered":"https:\/\/consrosario.esteri.it\/servizi-consolari-e-visti\/servizi-per-il-cittadino-italiano\/codice-fiscale\/"},"modified":"2025-07-17T17:04:09","modified_gmt":"2025-07-17T20:04:09","slug":"codice-fiscale","status":"publish","type":"page","link":"https:\/\/consrosario.esteri.it\/es\/servizi-consolari-e-visti\/servizi-per-il-cittadino-italiano\/codice-fiscale\/","title":{"rendered":"Solicitud de c\u00f3digo fiscal"},"content":{"rendered":"<p><strong>C\u00f3digo Fiscal<\/strong><\/p>\n<ol>\n<li style=\"text-align: justify;\" data-start=\"20\" data-end=\"93\"><strong data-start=\"20\" data-end=\"32\">\u00bfQu\u00e9 es?<\/strong><\/li>\n<li style=\"text-align: justify;\" data-start=\"20\" data-end=\"93\"><strong data-start=\"35\" data-end=\"55\">\u00bfPara qu\u00e9 sirve?<\/strong><\/li>\n<li style=\"text-align: justify;\" data-start=\"20\" data-end=\"93\"><strong data-start=\"58\" data-end=\"91\">\u00bfC\u00f3mo presentar la solicitud?<\/strong><\/li>\n<\/ol>\n<p><strong>1. \u00bfQu\u00e9 es?<\/strong><\/p>\n<p>El c\u00f3digo fiscal es un c\u00f3digo alfanum\u00e9rico emitido por la Agencia Tributaria para identificar a los ciudadanos (italianos o extranjeros) en sus relaciones con las administraciones p\u00fablicas, entidades privadas y organismos italianos. Para las personas f\u00edsicas, el c\u00f3digo fiscal se asigna en funci\u00f3n de los datos personales.<\/p>\n<p style=\"text-align: justify;\" data-start=\"440\" data-end=\"463\"><strong>2. \u00bfPara qu\u00e9 sirve?<\/strong><\/p>\n<p>Cualquier tr\u00e1mite administrativo (pago de impuestos, tasas, c\u00e1nones, etc.) o actividad contractual (aceptaci\u00f3n de herencias, firma de contratos con entidades p\u00fablicas o privadas, solicitud de financiamiento, patrocinios, alquileres o cesi\u00f3n de bienes inmuebles, entre otros) requiere la indicaci\u00f3n del c\u00f3digo fiscal de la persona que lo realiza.<\/p>\n<p style=\"text-align: justify;\" data-start=\"813\" data-end=\"849\"><strong>3. \u00bfC\u00f3mo presentar la solicitud?<\/strong><\/p>\n<p>Los ciudadanos italianos residentes en el extranjero pueden solicitar el c\u00f3digo fiscal a trav\u00e9s de la Oficina Consular, adem\u00e1s de poder hacerlo directamente en las oficinas de la Agenzia delle Entrate situadas en territorio italiano, conforme al art\u00edculo 1 del Decreto Ministerial de aplicaci\u00f3n del 17 de mayo de 2001, n.\u00ba 281, teniendo en cuenta la amplia organizaci\u00f3n y la capilar presencia de oficinas de la Agenzia delle Entrate en Italia.<\/p>\n<p style=\"text-align: justify;\" data-start=\"0\" data-end=\"72\"><strong><span style=\"text-decoration: underline;\">CIUDADANOS ITALIANOS RESIDENTES EN EL EXTRANJERO INSCRITOS EN AIRE<\/span><\/strong><\/p>\n<p>Los ciudadanos italianos mayores de edad inscritos en el AIRE pueden solicitar el c\u00f3digo fiscal para s\u00ed mismos y para sus hijos menores de edad a trav\u00e9s del portal telem\u00e1tico <strong data-start=\"249\" data-end=\"260\">Fast-It<\/strong>, accediendo al servicio correspondiente y siguiendo las instrucciones. A trav\u00e9s del mismo portal, ser\u00e1 posible descargar el <strong data-start=\"385\" data-end=\"432\">certificado de atribuci\u00f3n del c\u00f3digo fiscal<\/strong> una vez finalizado el tr\u00e1mite.<\/p>\n<p style=\"text-align: justify;\" data-start=\"467\" data-end=\"492\"><strong data-start=\"472\" data-end=\"490\">\u00bfC\u00f3mo hacerlo?<\/strong><\/p>\n<ol style=\"text-align: justify;\" data-start=\"494\" data-end=\"830\">\n<li class=\"\" data-start=\"494\" data-end=\"528\">Acced\u00e9 al portal <strong data-start=\"514\" data-end=\"525\">Fast-It<\/strong>.<\/li>\n<li class=\"\" data-start=\"529\" data-end=\"623\">Hac\u00e9 clic en <strong data-start=\"544\" data-end=\"575\">\u00abAnagrafe Consolare e AIRE\u00bb<\/strong> y luego en <strong data-start=\"587\" data-end=\"620\">\u00abAttribuzione Codice Fiscale\u00bb<\/strong>.<\/li>\n<li class=\"\" data-start=\"624\" data-end=\"669\">Confirm\u00e1 los datos y envi\u00e1 la solicitud.<\/li>\n<li class=\"\" data-start=\"670\" data-end=\"830\">Una vez que el Consulado haya procesado la solicitud, podr\u00e1s descargar el <strong data-start=\"747\" data-end=\"794\">certificado de atribuci\u00f3n del c\u00f3digo fiscal<\/strong> directamente (descarga en l\u00ednea).<\/li>\n<\/ol>\n<p style=\"text-align: justify;\" data-start=\"832\" data-end=\"913\"><strong data-start=\"837\" data-end=\"911\">Si no puedes descargar el certificado de atribuci\u00f3n del c\u00f3digo fiscal:<\/strong><\/p>\n<ol style=\"text-align: justify;\" data-start=\"915\" data-end=\"1271\">\n<li class=\"\" data-start=\"915\" data-end=\"997\">Registrate en el portal <strong data-start=\"942\" data-end=\"953\">Fast-It<\/strong>, o acced\u00e9 si ya tienes una cuenta activa.<\/li>\n<li class=\"\" data-start=\"998\" data-end=\"1148\">Solicit\u00e1 la <strong data-start=\"1013\" data-end=\"1036\">\u00abAsociaci\u00f3n Online\u00bb<\/strong>, haciendo clic en <strong data-start=\"1055\" data-end=\"1086\">\u00abAnagrafe Consolare e AIRE\u00bb<\/strong> y luego en <strong data-start=\"1098\" data-end=\"1145\">\u00abVisualizzare la propria scheda anagrafica\u00bb<\/strong>.<\/li>\n<li class=\"\" data-start=\"1149\" data-end=\"1212\">Recibir\u00e1s un correo electr\u00f3nico confirmando la asociaci\u00f3n.<\/li>\n<li class=\"\" data-start=\"1213\" data-end=\"1271\">Volv\u00e9 a acceder al portal y descarg\u00e1 el certificado.<\/li>\n<\/ol>\n<p>Los ciudadanos mayores de edad inscritos en el AIRE que <strong data-start=\"1329\" data-end=\"1359\">ya poseen un c\u00f3digo fiscal<\/strong> pueden descargar directamente el <strong data-start=\"1393\" data-end=\"1440\">certificado de atribuci\u00f3n del c\u00f3digo fiscal<\/strong> a trav\u00e9s del portal <strong data-start=\"1461\" data-end=\"1472\">Fast-It<\/strong>, sin necesidad de intervenci\u00f3n del Consulado.<\/p>\n<p>Quienes deseen recibir tambi\u00e9n la <strong data-start=\"1610\" data-end=\"1646\">tarjeta f\u00edsica del c\u00f3digo fiscal<\/strong>, deber\u00e1n presentar la solicitud correspondiente junto con una copia de un documento de identidad.<\/p>\n<p>En caso de <strong data-start=\"1825\" data-end=\"1850\">p\u00e9rdida o destrucci\u00f3n<\/strong> del certificado en papel o de la tarjeta plastificada, se puede solicitar un <strong data-start=\"1928\" data-end=\"1941\">duplicado<\/strong> siguiendo el mismo procedimiento que para la asignaci\u00f3n inicial.<\/p>\n<p>Para m\u00e1s informaci\u00f3n se sugiere visitar el sitio web de la Oficina Consular competente.<\/p>\n","protected":false},"excerpt":{"rendered":"C\u00f3digo Fiscal \u00bfQu\u00e9 es? \u00bfPara qu\u00e9 sirve? \u00bfC\u00f3mo presentar la solicitud? 1. \u00bfQu\u00e9 es? El c\u00f3digo fiscal es un c\u00f3digo alfanum\u00e9rico emitido por la Agencia Tributaria para identificar a los ciudadanos (italianos o extranjeros) en sus relaciones con las administraciones p\u00fablicas, entidades privadas y organismos italianos. Para las personas f\u00edsicas, el c\u00f3digo fiscal se asigna [&hellip;]","protected":false},"author":1,"featured_media":0,"parent":195,"menu_order":18,"comment_status":"closed","ping_status":"closed","template":"","meta":{"footnotes":""},"class_list":["post-213","page","type-page","status-publish","hentry"],"_links":{"self":[{"href":"https:\/\/consrosario.esteri.it\/es\/wp-json\/wp\/v2\/pages\/213","targetHints":{"allow":["GET"]}}],"collection":[{"href":"https:\/\/consrosario.esteri.it\/es\/wp-json\/wp\/v2\/pages"}],"about":[{"href":"https:\/\/consrosario.esteri.it\/es\/wp-json\/wp\/v2\/types\/page"}],"author":[{"embeddable":true,"href":"https:\/\/consrosario.esteri.it\/es\/wp-json\/wp\/v2\/users\/1"}],"replies":[{"embeddable":true,"href":"https:\/\/consrosario.esteri.it\/es\/wp-json\/wp\/v2\/comments?post=213"}],"version-history":[{"count":6,"href":"https:\/\/consrosario.esteri.it\/es\/wp-json\/wp\/v2\/pages\/213\/revisions"}],"predecessor-version":[{"id":8127,"href":"https:\/\/consrosario.esteri.it\/es\/wp-json\/wp\/v2\/pages\/213\/revisions\/8127"}],"up":[{"embeddable":true,"href":"https:\/\/consrosario.esteri.it\/es\/wp-json\/wp\/v2\/pages\/195"}],"wp:attachment":[{"href":"https:\/\/consrosario.esteri.it\/es\/wp-json\/wp\/v2\/media?parent=213"}],"curies":[{"name":"wp","href":"https:\/\/api.w.org\/{rel}","templated":true}]}}