{"id":214,"date":"2023-04-03T19:30:19","date_gmt":"2023-04-03T22:30:19","guid":{"rendered":"https:\/\/consrosario.esteri.it\/servizi-consolari-e-visti\/servizi-per-il-cittadino-italiano\/pensioni-e-sicurezza-sociale\/"},"modified":"2026-03-27T10:58:11","modified_gmt":"2026-03-27T13:58:11","slug":"pensioni-e-sicurezza-sociale","status":"publish","type":"page","link":"https:\/\/consrosario.esteri.it\/es\/servizi-consolari-e-visti\/servizi-per-il-cittadino-italiano\/pensioni-e-sicurezza-sociale\/","title":{"rendered":"Pensiones y seguridad social"},"content":{"rendered":"<p style=\"text-align: justify;\"><strong>Informaci\u00f3n general<\/strong><br \/>\nLa modalidad para el perfeccionamiento de los tr\u00e1mites de pensiones y jubilaciones del convenio \u00edtalo-argentino (Portal INPS) se realiza gratuitamente a trav\u00e9s de los Entes de Patronato reconocidos por la Ley italiana y, por consiguiente, no es necesaria la intervenci\u00f3n de abogados, apoderados o intermediarios, que resulta onerosa y no reduce el lapso de tiempo para obtener dicho beneficio.<\/p>\n<p style=\"text-align: justify;\"><strong>Certificado de supervivencia 2026<br \/>\n<\/strong><\/p>\n<p style=\"text-align: justify;\">Se informa que el INPS ha comunicado el inicio de la campa\u00f1a de verificaci\u00f3n de la existencia en vida de los pensionados italianos residentes en el extranjero.<br \/>\nLa campa\u00f1a se llevar\u00e1 a cabo\u00a0<strong>desde el 20 de marzo hasta el 18 de julio de 2026<\/strong>. El Consulado pone a disposici\u00f3n un sistema de videollamada cuyo turno deber\u00e1 solicitarse al mail\u00a0<a href=\"mailto:rosario.pensioni@esteri.it\">rosario.pensioni@esteri.it<\/a>, adjuntando el formulario enviado por Citibank (completo y firmado) y DNI del interesado. Deber\u00e1 indicarse asimismo un n\u00famero de celular que ser\u00e1 utilizado por el personal del Consulado para realizar la videollamada.<br \/>\nSe recuerda que est\u00e1 siempre prevista la posibilidad de realizar la verificaci\u00f3n de manera\u00a0presencial en el Consulado, de lunes a viernes de 8:30 a 11:30 horas. En este caso, el\u00a0interesado deber\u00e1 concurrir con el formulario enviado por Citibank y el DNI.<\/p>\n<p style=\"text-align: justify;\"><strong>Jubilaci\u00f3n por vejez \u2013 por ancianidad \u2013 por invalidez<\/strong><br \/>\nM\u00e1s informaci\u00f3n en el sitio web del I.N.P.S. [<a href=\"http:\/\/www.inps.it\/portale\/default.aspx?sID=0%3b5773%3b5902%3b6004%3b6021%3b6028%3b&amp;lastMenu=6028&amp;iMenu=1\" target=\"_blank\" rel=\"noopener\"><strong>cliquear aqu\u00ed<\/strong><\/a>]<\/p>\n<p style=\"text-align: justify;\"><strong>Pensi\u00f3n social<\/strong><br \/>\nNo tienen derecho a la pensi\u00f3n social ni a la pensi\u00f3n por invalidez los ciudadanos italianos que residen en el exterior, y es ilegal percibirla a trav\u00e9s de un apoderado en Italia.<br \/>\nLa Oficina de Pensiones controla la existencia de dichas pensiones que son reportadas oportunamente a la oficina I.N.P.S. de competencia territorial para la suspensi\u00f3n y para una posterior recuperaci\u00f3n de las sumas percibidas indebidamente.<br \/>\nM\u00e1s informaci\u00f3n en el sitio web del I.N.P.S. [<a href=\"http:\/\/www.inps.it\/portale\/default.aspx?sID=0%3B5773%3B5902%3B6004%3B6011%3B&amp;lastMenu=6011&amp;iMenu=1\" target=\"_blank\" rel=\"noopener\"><strong>cliquear aqu\u00ed<\/strong><\/a>]<\/p>\n","protected":false},"excerpt":{"rendered":"Informaci\u00f3n general La modalidad para el perfeccionamiento de los tr\u00e1mites de pensiones y jubilaciones del convenio \u00edtalo-argentino (Portal INPS) se realiza gratuitamente a trav\u00e9s de los Entes de Patronato reconocidos por la Ley italiana y, por consiguiente, no es necesaria la intervenci\u00f3n de abogados, apoderados o intermediarios, que resulta onerosa y no reduce el lapso [&hellip;]","protected":false},"author":1,"featured_media":0,"parent":195,"menu_order":20,"comment_status":"closed","ping_status":"closed","template":"","meta":{"footnotes":""},"class_list":["post-214","page","type-page","status-publish","hentry"],"_links":{"self":[{"href":"https:\/\/consrosario.esteri.it\/es\/wp-json\/wp\/v2\/pages\/214","targetHints":{"allow":["GET"]}}],"collection":[{"href":"https:\/\/consrosario.esteri.it\/es\/wp-json\/wp\/v2\/pages"}],"about":[{"href":"https:\/\/consrosario.esteri.it\/es\/wp-json\/wp\/v2\/types\/page"}],"author":[{"embeddable":true,"href":"https:\/\/consrosario.esteri.it\/es\/wp-json\/wp\/v2\/users\/1"}],"replies":[{"embeddable":true,"href":"https:\/\/consrosario.esteri.it\/es\/wp-json\/wp\/v2\/comments?post=214"}],"version-history":[{"count":4,"href":"https:\/\/consrosario.esteri.it\/es\/wp-json\/wp\/v2\/pages\/214\/revisions"}],"predecessor-version":[{"id":12650,"href":"https:\/\/consrosario.esteri.it\/es\/wp-json\/wp\/v2\/pages\/214\/revisions\/12650"}],"up":[{"embeddable":true,"href":"https:\/\/consrosario.esteri.it\/es\/wp-json\/wp\/v2\/pages\/195"}],"wp:attachment":[{"href":"https:\/\/consrosario.esteri.it\/es\/wp-json\/wp\/v2\/media?parent=214"}],"curies":[{"name":"wp","href":"https:\/\/api.w.org\/{rel}","templated":true}]}}