{"id":222,"date":"2023-04-03T19:25:23","date_gmt":"2023-04-03T22:25:23","guid":{"rendered":"https:\/\/consrosario.esteri.it\/servizi-consolari-e-visti\/servizi-per-il-cittadino-straniero\/"},"modified":"2025-07-25T16:48:32","modified_gmt":"2025-07-25T19:48:32","slug":"servizi-per-il-cittadino-straniero","status":"publish","type":"page","link":"https:\/\/consrosario.esteri.it\/es\/servizi-consolari-e-visti\/servizi-per-il-cittadino-straniero\/","title":{"rendered":"Servicios para el ciudadano extranjero"},"content":{"rendered":"<ul>\n<li data-order=\"0\"><a class=\"list-item\" title=\"Ciudadan\u00eda\" href=\"https:\/\/consrosario.esteri.it\/es\/servizi-consolari-e-visti\/servizi-per-il-cittadino-straniero\/cittadinanza_n\/\">Ciudadan\u00eda<\/a><\/li>\n<li><a href=\"https:\/\/consrosario.esteri.it\/es\/italia-e-argentina\/diplomazia-culturale\/lingua-e-cultura-italiana\/dichiarazione-di-valore\/\">Declaraciones de valor, legalizaciones y equipolencia de t\u00edtulos<\/a><\/li>\n<li data-order=\"0\"><a href=\"https:\/\/consrosario.esteri.it\/es\/servizi-consolari-e-visti\/servizi-per-il-cittadino-italiano\/servizi-notarili\/\">Servicios notariales<\/a><\/li>\n<li data-order=\"0\"><a href=\"https:\/\/consrosario.esteri.it\/es\/servizi-consolari-e-visti\/servizi-per-il-cittadino-straniero\/codice-fiscale-per-cittadini-stranieri\/\">Solicitud de c\u00f3digo fiscal para ciudadanos extranjeros<\/a><\/li>\n<li data-order=\"0\"><a class=\"list-item\" title=\"Visas\" href=\"https:\/\/consrosario.esteri.it\/es\/servizi-consolari-e-visti\/servizi-per-il-cittadino-straniero\/visti\/\">Visas<\/a><\/li>\n<li><a class=\"list-item\" title=\"Otros servicios\" href=\"https:\/\/consrosario.esteri.it\/es\/servizi-consolari-e-visti\/servizi-per-il-cittadino-italiano\/altri-servizi\/\">Otros servicios<\/a><\/li>\n<\/ul>\n","protected":false},"excerpt":{"rendered":"Ciudadan\u00eda Declaraciones de valor, legalizaciones y equipolencia de t\u00edtulos Servicios notariales Solicitud de c\u00f3digo fiscal para ciudadanos extranjeros Visas Otros servicios","protected":false},"author":1,"featured_media":0,"parent":161,"menu_order":2,"comment_status":"closed","ping_status":"closed","template":"","meta":{"footnotes":""},"class_list":["post-222","page","type-page","status-publish","hentry"],"_links":{"self":[{"href":"https:\/\/consrosario.esteri.it\/es\/wp-json\/wp\/v2\/pages\/222","targetHints":{"allow":["GET"]}}],"collection":[{"href":"https:\/\/consrosario.esteri.it\/es\/wp-json\/wp\/v2\/pages"}],"about":[{"href":"https:\/\/consrosario.esteri.it\/es\/wp-json\/wp\/v2\/types\/page"}],"author":[{"embeddable":true,"href":"https:\/\/consrosario.esteri.it\/es\/wp-json\/wp\/v2\/users\/1"}],"replies":[{"embeddable":true,"href":"https:\/\/consrosario.esteri.it\/es\/wp-json\/wp\/v2\/comments?post=222"}],"version-history":[{"count":6,"href":"https:\/\/consrosario.esteri.it\/es\/wp-json\/wp\/v2\/pages\/222\/revisions"}],"predecessor-version":[{"id":9153,"href":"https:\/\/consrosario.esteri.it\/es\/wp-json\/wp\/v2\/pages\/222\/revisions\/9153"}],"up":[{"embeddable":true,"href":"https:\/\/consrosario.esteri.it\/es\/wp-json\/wp\/v2\/pages\/161"}],"wp:attachment":[{"href":"https:\/\/consrosario.esteri.it\/es\/wp-json\/wp\/v2\/media?parent=222"}],"curies":[{"name":"wp","href":"https:\/\/api.w.org\/{rel}","templated":true}]}}