{"id":223,"date":"2023-04-03T19:30:48","date_gmt":"2023-04-03T22:30:48","guid":{"rendered":"https:\/\/consrosario.esteri.it\/servizi-consolari-e-visti\/servizi-per-il-cittadino-straniero\/visti\/"},"modified":"2023-10-12T07:05:34","modified_gmt":"2023-10-12T10:05:34","slug":"visti","status":"publish","type":"page","link":"https:\/\/consrosario.esteri.it\/es\/servizi-consolari-e-visti\/servizi-per-il-cittadino-straniero\/visti\/","title":{"rendered":"Visas"},"content":{"rendered":"<p>Los usuarios que deseen solicitar una visa para Italia deben visitar los siguientes sitios web:<\/p>\n<p><a href=\"https:\/\/vistoperitalia.esteri.it\/\">https:\/\/vistoperitalia.esteri.it\/<\/a> para conocer los requisitos necesarios para la expedici\u00f3n de una visa.<\/p>\n<p><a href=\"https:\/\/consbuenosaires.esteri.it\/it\/servizi-consolari-e-visti\/servizi-per-il-cittadino-straniero\/visti\/\">https:\/\/consbuenosaires.esteri.it\/it\/servizi-consolari-e-visti\/servizi-per-il-cittadino-straniero\/visti\/<\/a><\/p>\n<p>&nbsp;<\/p>\n<p><strong>Importante<\/strong><strong>\u00a0<\/strong><\/p>\n<p>Las solicitudes de visa para Italia en Argentina son procesadas por el Consulado General de Italia en Buenos Aires. Las solicitudes de visa se solicitan a trav\u00e9s de la plataforma Prenot@mi, el sitio web del Consulado General de Italia en Buenos Aires.<\/p>\n<p>Sin embargo, para evitar largos trayectos a los usuarios, las solicitudes de visa para residentes en esta circunscripci\u00f3n consular (provincias de Santa Fe, Chaco, Formosa, Entre R\u00edos, Corrientes, Misiones y Norte de la provincia de Buenos Aires) podr\u00e1n presentarse en el Consulado General de Rosario, quien luego las reenviar\u00e1 a Buenos Aires. En este caso los plazos son mucho mayores y los gastos de env\u00edo corren a cargo del solicitante.<\/p>\n<p>El tiempo necesario para completar el tr\u00e1mite de visa es particularmente largo, por lo que, en casos de especial urgencia, se recomienda contactar directamente con el Consulado General de Italia en Buenos Aires (<a href=\"mailto:visti.buenosaires@esteri.it\">visti.buenosaires@esteri.it<\/a>). Se recuerda que los ciudadanos italianos, italo-argentinos e incluso argentinos que vayan a Italia por motivos de turismo o negocios por per\u00edodos inferiores a 90 d\u00edas NO necesitan solicitar visa.<\/p>\n<p>Todos los solicitantes de VSU (Visa Schengen Uniforme (tipo \u201cC\u201d), v\u00e1lida para tr\u00e1nsito y estad\u00eda en el territorio de todos los estados miembros, con una duraci\u00f3n m\u00e1xima de 90 d\u00edas cada 180 d\u00edas, independientemente del lugar de residencia, deben dirigirse directamente a la Consulado General en Buenos Aires, ya que ser\u00e1 necesario tomar las huellas dactilares pertinentes.<\/p>\n<p>Para obtener informaci\u00f3n puede escribir un correo electr\u00f3nico a <a href=\"mailto:visa.rosario@esteri.it\">visa.rosario@esteri.it<\/a> especificando<\/p>\n<ol>\n<li>motivo del viaje,<\/li>\n<li>duraci\u00f3n de la estancia en Italia,<\/li>\n<li>fecha prevista de salida,<\/li>\n<li>ciudadan\u00eda y fecha de nacimiento del solicitante<\/li>\n<li>Lugar de residencia (tal como figura en el DNI).<\/li>\n<\/ol>\n","protected":false},"excerpt":{"rendered":"Los usuarios que deseen solicitar una visa para Italia deben visitar los siguientes sitios web: https:\/\/vistoperitalia.esteri.it\/ para conocer los requisitos necesarios para la expedici\u00f3n de una visa. https:\/\/consbuenosaires.esteri.it\/it\/servizi-consolari-e-visti\/servizi-per-il-cittadino-straniero\/visti\/ &nbsp; Importante\u00a0 Las solicitudes de visa para Italia en Argentina son procesadas por el Consulado General de Italia en Buenos Aires. Las solicitudes de visa se solicitan [&hellip;]","protected":false},"author":1,"featured_media":0,"parent":222,"menu_order":0,"comment_status":"closed","ping_status":"closed","template":"","meta":{"footnotes":""},"class_list":["post-223","page","type-page","status-publish","hentry"],"_links":{"self":[{"href":"https:\/\/consrosario.esteri.it\/es\/wp-json\/wp\/v2\/pages\/223","targetHints":{"allow":["GET"]}}],"collection":[{"href":"https:\/\/consrosario.esteri.it\/es\/wp-json\/wp\/v2\/pages"}],"about":[{"href":"https:\/\/consrosario.esteri.it\/es\/wp-json\/wp\/v2\/types\/page"}],"author":[{"embeddable":true,"href":"https:\/\/consrosario.esteri.it\/es\/wp-json\/wp\/v2\/users\/1"}],"replies":[{"embeddable":true,"href":"https:\/\/consrosario.esteri.it\/es\/wp-json\/wp\/v2\/comments?post=223"}],"version-history":[{"count":1,"href":"https:\/\/consrosario.esteri.it\/es\/wp-json\/wp\/v2\/pages\/223\/revisions"}],"predecessor-version":[{"id":2605,"href":"https:\/\/consrosario.esteri.it\/es\/wp-json\/wp\/v2\/pages\/223\/revisions\/2605"}],"up":[{"embeddable":true,"href":"https:\/\/consrosario.esteri.it\/es\/wp-json\/wp\/v2\/pages\/222"}],"wp:attachment":[{"href":"https:\/\/consrosario.esteri.it\/es\/wp-json\/wp\/v2\/media?parent=223"}],"curies":[{"name":"wp","href":"https:\/\/api.w.org\/{rel}","templated":true}]}}