{"id":355,"date":"2023-05-23T20:58:11","date_gmt":"2023-05-23T23:58:11","guid":{"rendered":"https:\/\/consrosario.esteri.it\/servizi-consolari-e-visti\/servizi-per-il-cittadino-italiano\/passaporti-e-carte-didentita\/come-richiedere-il-passaporto\/"},"modified":"2026-02-20T15:30:37","modified_gmt":"2026-02-20T18:30:37","slug":"come-richiedere-il-passaporto","status":"publish","type":"page","link":"https:\/\/consrosario.esteri.it\/es\/servizi-consolari-e-visti\/servizi-per-il-cittadino-italiano\/passaporti-e-carte-didentita\/come-richiedere-il-passaporto\/","title":{"rendered":"Como solicitar el pasaporte"},"content":{"rendered":"<p style=\"text-align: justify;\"><strong>La Oficina Pasaportes recibe solamente a trav\u00e9s de turnos<\/strong>.\u00a0<strong>Los mismos se asignan exclusivamente a trav\u00e9s del sistema Prenot@Mi<\/strong>. No es posible solicitar por correo electr\u00f3nico o en la ventanilla de atenci\u00f3n al p\u00fablico la emisi\u00f3n o la modificaci\u00f3n de un turno. <strong>Las personas sin cita previa no podr\u00e1n ser recibidas<\/strong>.<\/p>\n<p style=\"text-align: justify;\">Para reservar una cita para la emision o renovaci\u00f3n del pasaporte (o de los pasaportes en caso de familiares) se deber\u00e1 utilizar el siguiente link: <strong><a href=\"https:\/\/prenotami.esteri.it\/\">https:\/\/prenotami.esteri.it\/<\/a><br \/>\n<\/strong><\/p>\n<p style=\"text-align: justify;\">Debido a la gran demanda de solicitudes de emisi\u00f3n y renovaci\u00f3n de pasaportes, se informa que<strong>\u00a0los turnos disponibles se agotan r\u00e1pidamente y puede ocurrir que muchas fechas est\u00e9n reservadas<\/strong>\u00a0y no sea posible completar la reserva.<\/p>\n<p style=\"text-align: justify;\">Para conocer d\u00edas y horarios de apertura de los turnos,\u00a0<a href=\"https:\/\/consrosario.esteri.it\/es\/chi-siamo\/la-sede\/prenota-lappuntamento\/\"><strong>cliquear aqu\u00ed<\/strong><\/a>.<\/p>\n<p style=\"text-align: justify;\"><span style=\"text-decoration: underline;\"><strong>La cita es gratuita y no puede ser cedida a terceros (la solicitud de cita es personal no estando autorizados a tal fin ni agencias ni gestores).<\/strong><\/span><\/p>\n<p style=\"text-align: justify;\"><span lang=\"es-419\">En caso de que un ciudadano, despu\u00e9s de obtener un turno, no pueda presentarse a la cita en el d\u00eda indicado en el turno,\u00a0<b>deber\u00e1 comunicar la cancelaci\u00f3n de la cita, dentro de las 24 horas previas, enviando un correo electr\u00f3nico a la direcci\u00f3n\u00a0<a href=\"mailto:passaporti.rosario@esteri.it\" data-linkindex=\"4\" data-ogsc=\"\">passaporti.rosario@esteri.it<\/a><\/b>\u00a0con el asunto \u00abCANCELACI\u00d3N DE TURNO PARA PASAPORTE \u2013 NOMBRE Y APELLIDO DEL INTERESADO\u00bb utilizando la misma direcci\u00f3n de correo electr\u00f3nico con la que se obtuvo el turno en Prenot@mi.<\/span><\/p>\n<p style=\"text-align: justify;\"><span lang=\"es-419\"><br \/>\n<\/span><b><span lang=\"es-419\">A quienes que no se presenten el d\u00eda de la cita y no hayan comunicado previamente a la Oficina la no asistencia al turno, se les bloquear\u00e1 el acceso al sistema Prenot@mi de manera cautelar, durante el tiempo necesario para llevar a cabo los controles adecuados para verificar que la direcci\u00f3n de correo electr\u00f3nico utilizada para solicitar el turno est\u00e9 efectivamente asociada a un usuario real<\/span><\/b><span lang=\"es-419\">.<\/span><\/p>\n","protected":false},"excerpt":{"rendered":"La Oficina Pasaportes recibe solamente a trav\u00e9s de turnos.\u00a0Los mismos se asignan exclusivamente a trav\u00e9s del sistema Prenot@Mi. No es posible solicitar por correo electr\u00f3nico o en la ventanilla de atenci\u00f3n al p\u00fablico la emisi\u00f3n o la modificaci\u00f3n de un turno. Las personas sin cita previa no podr\u00e1n ser recibidas. Para reservar una cita para [&hellip;]","protected":false},"author":5,"featured_media":0,"parent":196,"menu_order":0,"comment_status":"closed","ping_status":"closed","template":"","meta":{"footnotes":""},"class_list":["post-355","page","type-page","status-publish","hentry"],"_links":{"self":[{"href":"https:\/\/consrosario.esteri.it\/es\/wp-json\/wp\/v2\/pages\/355","targetHints":{"allow":["GET"]}}],"collection":[{"href":"https:\/\/consrosario.esteri.it\/es\/wp-json\/wp\/v2\/pages"}],"about":[{"href":"https:\/\/consrosario.esteri.it\/es\/wp-json\/wp\/v2\/types\/page"}],"author":[{"embeddable":true,"href":"https:\/\/consrosario.esteri.it\/es\/wp-json\/wp\/v2\/users\/5"}],"replies":[{"embeddable":true,"href":"https:\/\/consrosario.esteri.it\/es\/wp-json\/wp\/v2\/comments?post=355"}],"version-history":[{"count":3,"href":"https:\/\/consrosario.esteri.it\/es\/wp-json\/wp\/v2\/pages\/355\/revisions"}],"predecessor-version":[{"id":12171,"href":"https:\/\/consrosario.esteri.it\/es\/wp-json\/wp\/v2\/pages\/355\/revisions\/12171"}],"up":[{"embeddable":true,"href":"https:\/\/consrosario.esteri.it\/es\/wp-json\/wp\/v2\/pages\/196"}],"wp:attachment":[{"href":"https:\/\/consrosario.esteri.it\/es\/wp-json\/wp\/v2\/media?parent=355"}],"curies":[{"name":"wp","href":"https:\/\/api.w.org\/{rel}","templated":true}]}}