{"id":376,"date":"2023-05-24T16:49:32","date_gmt":"2023-05-24T19:49:32","guid":{"rendered":"https:\/\/consrosario.esteri.it\/servizi-consolari-e-visti\/servizi-per-il-cittadino-italiano\/altri-servizi\/albo-consolare\/documentazione-necessaria-per-il-rilascio-del-passaporto\/"},"modified":"2024-02-21T11:36:32","modified_gmt":"2024-02-21T14:36:32","slug":"documentazione-necessaria-per-il-rilascio-del-passaporto","status":"publish","type":"page","link":"https:\/\/consrosario.esteri.it\/es\/servizi-consolari-e-visti\/servizi-per-il-cittadino-italiano\/passaporti-e-carte-didentita\/documentazione-necessaria-per-il-rilascio-del-passaporto\/","title":{"rendered":"Documentaci\u00f3n necesaria para la solicitud del pasaporte"},"content":{"rendered":"<ol>\n<li style=\"text-align: justify;\"><a href=\"https:\/\/consrosario.esteri.it\/wp-content\/uploads\/2023\/10\/DomandaRilascioMaggiorenni2023.pdf\"><strong><span lang=\"ES\">Solicitud del pasaporte<\/span><\/strong><\/a><span lang=\"ES\">\u00a0<\/span><span lang=\"ES\">(o\u00a0<\/span><a href=\"https:\/\/consrosario.esteri.it\/wp-content\/uploads\/2023\/05\/formulario_passaporto_minorenni.pdf\"><span lang=\"ES\"><strong>formulario de solicitud de pasaporte para menores de edad<\/strong><\/span><\/a><span lang=\"ES\">), completo en todas sus partes;<\/span><\/li>\n<li style=\"text-align: justify;\"><span lang=\"ES\">DNI en curso de validez de todas las personas que deben firmar (ver m\u00e1s abajo) a presentar en original y fotocopia;<\/span><\/li>\n<li style=\"text-align: justify;\"><span lang=\"ES\">2 (dos) fotograf\u00edas 4&#215;4 cm., fondo blanco, de buena calidad. Atenci\u00f3n: se aconseja verificar que las fotograf\u00edas sean reglamentarias (<\/span><span lang=\"ES\"><a href=\"https:\/\/consrosario.esteri.it\/es\/servizi-consolari-e-visti\/servizi-per-il-cittadino-italiano\/passaporti-e-carte-didentita\/documentazione-necessaria-per-il-rilascio-del-passaporto\/qualita-delle-fotografie\/\"><strong>m\u00e1s detalles sobre las fotograf\u00edas<\/strong><\/a>).<\/span><span lang=\"ES\"> Las fotos que no cumplan con estos requisitos no podr\u00e1n ser aceptadas;<\/span><\/li>\n<li style=\"text-align: justify;\"><span lang=\"ES\">Pasaporte italiano anterior (en caso de poseerlo);<\/span><\/li>\n<li style=\"text-align: justify;\"><span lang=\"ES\">Pago del pasaporte (el costo es equivalente al valor en pesos de 116 euros; <\/span><a href=\"https:\/\/consrosario.esteri.it\/es\/servizi-consolari-e-visti\/servizi-per-il-cittadino-italiano\/passaporti-e-carte-didentita\/costo-del-passaporto\/\"><strong><span lang=\"ES\">hacer click\u00a0para conocer el\u00a0valor en pesos y la modalidad de pago<\/span><\/strong><\/a><span lang=\"ES\">).\u00a0<\/span><\/li>\n<\/ol>\n<p style=\"text-align: justify;\"><span lang=\"ES\">Al solicitar el pasaporte para un menor de edad, es necesario el consentimiento de ambos progenitores.\u00a0<\/span><\/p>\n<p style=\"text-align: justify;\"><strong><span lang=\"ES\">Por cada solicitud de pasaporte es necesario presentar DNI y fotocopias tanto del menor como de los padres.<\/span><\/strong><\/p>\n","protected":false},"excerpt":{"rendered":"Solicitud del pasaporte\u00a0(o\u00a0formulario de solicitud de pasaporte para menores de edad), completo en todas sus partes; DNI en curso de validez de todas las personas que deben firmar (ver m\u00e1s abajo) a presentar en original y fotocopia; 2 (dos) fotograf\u00edas 4&#215;4 cm., fondo blanco, de buena calidad. Atenci\u00f3n: se aconseja verificar que las fotograf\u00edas sean [&hellip;]","protected":false},"author":5,"featured_media":0,"parent":196,"menu_order":0,"comment_status":"closed","ping_status":"closed","template":"","meta":{"footnotes":""},"class_list":["post-376","page","type-page","status-publish","hentry"],"_links":{"self":[{"href":"https:\/\/consrosario.esteri.it\/es\/wp-json\/wp\/v2\/pages\/376","targetHints":{"allow":["GET"]}}],"collection":[{"href":"https:\/\/consrosario.esteri.it\/es\/wp-json\/wp\/v2\/pages"}],"about":[{"href":"https:\/\/consrosario.esteri.it\/es\/wp-json\/wp\/v2\/types\/page"}],"author":[{"embeddable":true,"href":"https:\/\/consrosario.esteri.it\/es\/wp-json\/wp\/v2\/users\/5"}],"replies":[{"embeddable":true,"href":"https:\/\/consrosario.esteri.it\/es\/wp-json\/wp\/v2\/comments?post=376"}],"version-history":[{"count":2,"href":"https:\/\/consrosario.esteri.it\/es\/wp-json\/wp\/v2\/pages\/376\/revisions"}],"predecessor-version":[{"id":3654,"href":"https:\/\/consrosario.esteri.it\/es\/wp-json\/wp\/v2\/pages\/376\/revisions\/3654"}],"up":[{"embeddable":true,"href":"https:\/\/consrosario.esteri.it\/es\/wp-json\/wp\/v2\/pages\/196"}],"wp:attachment":[{"href":"https:\/\/consrosario.esteri.it\/es\/wp-json\/wp\/v2\/media?parent=376"}],"curies":[{"name":"wp","href":"https:\/\/api.w.org\/{rel}","templated":true}]}}