{"id":389,"date":"2023-05-24T18:25:24","date_gmt":"2023-05-24T21:25:24","guid":{"rendered":"https:\/\/consrosario.esteri.it\/servizi-consolari-e-visti\/servizi-per-il-cittadino-italiano\/passaporti-e-carte-didentita\/ll-giorno-dellappuntamento\/"},"modified":"2026-02-20T15:39:04","modified_gmt":"2026-02-20T18:39:04","slug":"ll-giorno-dellappuntamento","status":"publish","type":"page","link":"https:\/\/consrosario.esteri.it\/es\/servizi-consolari-e-visti\/servizi-per-il-cittadino-italiano\/passaporti-e-carte-didentita\/ll-giorno-dellappuntamento\/","title":{"rendered":"El d\u00eda de la cita"},"content":{"rendered":"<p style=\"text-align: justify;\">La emisi\u00f3n del pasaporte electr\u00f3nico con las huellas digitales y la firma digitalizada\u00a0<strong>requiere de la presencia del connacional en el Consulado<\/strong>.<br \/>\nLas personas ser\u00e1n recibidas respetando\u00a0<strong>el horario del turno asignado por el sistema Prenot@Mi<\/strong>.<br \/>\n<strong>La Oficina de Pasaportes atiende al p\u00fablico todos los d\u00edas de 8.30 a 11.30 hs.,<\/strong> <strong>solamente con turno<\/strong>.<\/p>\n<p><span style=\"text-decoration: underline;\"><strong>Para la emisi\u00f3n del pasaporte a menores de 18 a\u00f1os es necesaria la presencia de ambos progenitores<\/strong><\/span>.<br \/>\nEs necesario solicitar un pasaporte individual para cada menor de edad.<\/p>\n<p><strong>Los pasaportes no son renovables y tienen una vigencia temporal diferenciada en funci\u00f3n de la edad.<\/strong><\/p>\n<p>La\u00a0<strong>validez temporal<\/strong>\u00a0del pasaporte difiere en base a la edad del titular:<br \/>\n\u2022 para menores de 3 a\u00f1os la validez es de 3 a\u00f1os;<br \/>\n\u2022 para menores de 3 a 18 a\u00f1os la validez es de 5 a\u00f1os;<br \/>\n\u2022 para mayores de edad la validez es de 10 a\u00f1os.<\/p>\n<p>El pasaporte podr\u00e1 ser retirado por el interesado o por persona por \u00e9l autorizada a tal fin.<\/p>\n","protected":false},"excerpt":{"rendered":"La emisi\u00f3n del pasaporte electr\u00f3nico con las huellas digitales y la firma digitalizada\u00a0requiere de la presencia del connacional en el Consulado. Las personas ser\u00e1n recibidas respetando\u00a0el horario del turno asignado por el sistema Prenot@Mi. La Oficina de Pasaportes atiende al p\u00fablico todos los d\u00edas de 8.30 a 11.30 hs., solamente con turno. Para la emisi\u00f3n [&hellip;]","protected":false},"author":5,"featured_media":0,"parent":196,"menu_order":3,"comment_status":"closed","ping_status":"closed","template":"","meta":{"footnotes":""},"class_list":["post-389","page","type-page","status-publish","hentry"],"_links":{"self":[{"href":"https:\/\/consrosario.esteri.it\/es\/wp-json\/wp\/v2\/pages\/389","targetHints":{"allow":["GET"]}}],"collection":[{"href":"https:\/\/consrosario.esteri.it\/es\/wp-json\/wp\/v2\/pages"}],"about":[{"href":"https:\/\/consrosario.esteri.it\/es\/wp-json\/wp\/v2\/types\/page"}],"author":[{"embeddable":true,"href":"https:\/\/consrosario.esteri.it\/es\/wp-json\/wp\/v2\/users\/5"}],"replies":[{"embeddable":true,"href":"https:\/\/consrosario.esteri.it\/es\/wp-json\/wp\/v2\/comments?post=389"}],"version-history":[{"count":2,"href":"https:\/\/consrosario.esteri.it\/es\/wp-json\/wp\/v2\/pages\/389\/revisions"}],"predecessor-version":[{"id":12178,"href":"https:\/\/consrosario.esteri.it\/es\/wp-json\/wp\/v2\/pages\/389\/revisions\/12178"}],"up":[{"embeddable":true,"href":"https:\/\/consrosario.esteri.it\/es\/wp-json\/wp\/v2\/pages\/196"}],"wp:attachment":[{"href":"https:\/\/consrosario.esteri.it\/es\/wp-json\/wp\/v2\/media?parent=389"}],"curies":[{"name":"wp","href":"https:\/\/api.w.org\/{rel}","templated":true}]}}