{"id":395,"date":"2023-05-24T18:58:12","date_gmt":"2023-05-24T21:58:12","guid":{"rendered":"https:\/\/consrosario.esteri.it\/servizi-consolari-e-visti\/servizi-per-il-cittadino-italiano\/passaporti-e-carte-didentita\/smarrimento-o-furto-del-passaporto\/"},"modified":"2026-02-20T16:05:44","modified_gmt":"2026-02-20T19:05:44","slug":"smarrimento-o-furto-del-passaporto","status":"publish","type":"page","link":"https:\/\/consrosario.esteri.it\/es\/servizi-consolari-e-visti\/servizi-per-il-cittadino-italiano\/passaporti-e-carte-didentita\/smarrimento-o-furto-del-passaporto\/","title":{"rendered":"P\u00e9rdida o robo del pasaporte"},"content":{"rendered":"<p>Salvo en casos de urgencia (ver la pagina <a href=\"https:\/\/consrosario.esteri.it\/es\/servizi-consolari-e-visti\/servizi-per-il-cittadino-italiano\/passaporti-e-carte-didentita\/passaporti-agevolazioni-e-priorita\/\">canales reservados y prioridades<\/a>), para solicitar un nuevo pasaporte en sustituci\u00f3n de otro extraviado o robado <strong>es necesario reservar turno<\/strong> a trav\u00e9s del sistema Prenot@mi y presentar la siguiente documentaci\u00f3n:<\/p>\n<p>1) denuncia de extrav\u00edo o robo del pasaporte;<br \/>\n2)\u00a0formulario de solicitud de pasaporte (o formulario solicitud para menores de edad);<br \/>\n3) DNI vigente, en original y fotocopia;<br \/>\n4) 2 fotograf\u00edas del interesado 4&#215;4 cm, de frente, fondo blanco;<br \/>\n3) giro postal correspondiente al pago del pasaporte.<\/p>\n<p>Para presentar denuncia de robo o extrav\u00edo (sin emisi\u00f3n de nuevo pasaporte) no es necesario reservar turno.<\/p>\n","protected":false},"excerpt":{"rendered":"Salvo en casos de urgencia (ver la pagina canales reservados y prioridades), para solicitar un nuevo pasaporte en sustituci\u00f3n de otro extraviado o robado es necesario reservar turno a trav\u00e9s del sistema Prenot@mi y presentar la siguiente documentaci\u00f3n: 1) denuncia de extrav\u00edo o robo del pasaporte; 2)\u00a0formulario de solicitud de pasaporte (o formulario solicitud para [&hellip;]","protected":false},"author":5,"featured_media":0,"parent":196,"menu_order":4,"comment_status":"closed","ping_status":"closed","template":"","meta":{"footnotes":""},"class_list":["post-395","page","type-page","status-publish","hentry"],"_links":{"self":[{"href":"https:\/\/consrosario.esteri.it\/es\/wp-json\/wp\/v2\/pages\/395","targetHints":{"allow":["GET"]}}],"collection":[{"href":"https:\/\/consrosario.esteri.it\/es\/wp-json\/wp\/v2\/pages"}],"about":[{"href":"https:\/\/consrosario.esteri.it\/es\/wp-json\/wp\/v2\/types\/page"}],"author":[{"embeddable":true,"href":"https:\/\/consrosario.esteri.it\/es\/wp-json\/wp\/v2\/users\/5"}],"replies":[{"embeddable":true,"href":"https:\/\/consrosario.esteri.it\/es\/wp-json\/wp\/v2\/comments?post=395"}],"version-history":[{"count":1,"href":"https:\/\/consrosario.esteri.it\/es\/wp-json\/wp\/v2\/pages\/395\/revisions"}],"predecessor-version":[{"id":12187,"href":"https:\/\/consrosario.esteri.it\/es\/wp-json\/wp\/v2\/pages\/395\/revisions\/12187"}],"up":[{"embeddable":true,"href":"https:\/\/consrosario.esteri.it\/es\/wp-json\/wp\/v2\/pages\/196"}],"wp:attachment":[{"href":"https:\/\/consrosario.esteri.it\/es\/wp-json\/wp\/v2\/media?parent=395"}],"curies":[{"name":"wp","href":"https:\/\/api.w.org\/{rel}","templated":true}]}}