{"id":403,"date":"2023-05-24T19:32:12","date_gmt":"2023-05-24T22:32:12","guid":{"rendered":"https:\/\/consrosario.esteri.it\/servizi-consolari-e-visti\/servizi-per-il-cittadino-italiano\/passaporti-e-carte-didentita\/passaporto-per-i-minori\/"},"modified":"2026-02-20T16:11:00","modified_gmt":"2026-02-20T19:11:00","slug":"passaporto-per-i-minori","status":"publish","type":"page","link":"https:\/\/consrosario.esteri.it\/es\/servizi-consolari-e-visti\/servizi-per-il-cittadino-italiano\/passaporti-e-carte-didentita\/passaporto-per-i-minori\/","title":{"rendered":"Pasaporte para menores de edad"},"content":{"rendered":"<p style=\"text-align: justify;\"><strong>Todos los menores deben poseer un pasaporte individual; a los fines de su emisi\u00f2n, es necesario el consentimiento de ambos padres<\/strong>\u00a0(ver\u00a0<a href=\"https:\/\/consrosario.esteri.it\/es\/servizi-consolari-e-visti\/servizi-per-il-cittadino-italiano\/passaporti-e-carte-didentita\/assenso-allemissione-del-passaporto\/\"><strong>c\u00f3mo se otorga el consentimiento<\/strong><\/a>).<br \/>\nEl pasaporte es emitido con validez de tres a\u00f1os para los menores de 0 a 3 a\u00f1os, con validez de cinco a\u00f1os para los menores de 3 a 18 a\u00f1os. <strong>Desde el cumplimiento de los 12 a\u00f1os en adelante, es necesario tomar las huellas digitales y la firma digitalizada de los menores<\/strong>.<br \/>\n<strong>Nota: Antes de emprender un viaje, se sugiere contactar siempre las Representaciones Diplom\u00e1ticas de los Pa\u00edses de destino<\/strong>, a fin de verificar las formalidades requeridas para el ingreso.<br \/>\nPara el otorgamiento de pasaportes a menores de 18 a\u00f1os\u00a0<strong>es siempre necesaria la presencia del menor<\/strong>\u00a0para qui\u00e9n se solicita el pasaporte.<\/p>\n<p style=\"text-align: justify;\"><strong>Declaraci\u00f3n de acompa\u00f1amiento del menor<\/strong><\/p>\n<p style=\"text-align: justify;\">Hasta el cumplimiento de los 14 a\u00f1os, los menores italianos pueden expatriar con la condici\u00f3n de que viajen acompa\u00f1ados por lo menos por uno de los padres o de quien ejerza la tutor\u00eda, o tambi\u00e9n que se mencione en el pasaporte, o en una declaraci\u00f3n de acompa\u00f1amiento &#8211; emitida por quien puede dar la autorizaci\u00f3n en base al articulo 3 letra a de la Ley n. 1185 del 21 de noviembre de 1967, legalizada por la autoridad competente (Questura en Italia, Oficina Consular en el exterior) \u2013 el nombre de la persona, del ente o de la compa\u00f1\u00eda de transporte a los cuales los menores hayan sido dejados bajo su cuidado.<\/p>\n<ul style=\"text-align: justify;\">\n<li><strong>la declaraci\u00f3n de acompa\u00f1amiento puede ser emitida para un solo viaje<\/strong> (debe entenderse para egreso y\/o ingreso) del pa\u00eds de residencia del menor con un destino determinado y no puede exceder, por norma, el termino m\u00e1ximo de seis meses;<\/li>\n<li>se precisa entregar copia del pasaje a\u00e9reo con itinerario;<\/li>\n<li>los que tuviesen la responsabilidad como padres o tutores pueden indicar hasta un m\u00e1ximo de dos acompa\u00f1antes que se alternaran entre ellos;<\/li>\n<li>al realizar la declaraci\u00f3n de acompa\u00f1amiento, los que ejerzan la responsabilidad de padres o de tutor\u00eda, pueden solicitar que los nombres de los acompa\u00f1antes, la duraci\u00f3n del viaje y la destinaci\u00f3n sean impresos en el pasaporte del menor o en alternativa que dichos datos figuren en una constancia por separado que ser\u00e1 emitida por la Oficina competente;<\/li>\n<li>en el caso en que el menor sea dejado bajo el cuidado de un ente o de una compa\u00f1\u00eda de transporte, para garantizar de forma completa y legitima los datos relativos al viaje, ser\u00e1 emitida \u00fanicamente la constancia. Se sugiere que, antes de comprar el pasaje de la compa\u00f1\u00eda de transporte, se verifique si la misma permite que el menor sea dejado bajo su cuidado.<\/li>\n<\/ul>\n<p style=\"text-align: justify;\"><a href=\"https:\/\/consrosario.esteri.it\/wp-content\/uploads\/2023\/05\/passaporti-modello_dichiarazione_di_accompagnamento.doc\">Hacer click para imprimir la declaraci\u00f3n de acompa\u00f1amiento<\/a> para presentar en el Consulado General a los fines de la emisi\u00f3n de la constancia de acompa\u00f1amiento o de la impresi\u00f3n del pasaporte.<\/p>\n","protected":false},"excerpt":{"rendered":"Todos los menores deben poseer un pasaporte individual; a los fines de su emisi\u00f2n, es necesario el consentimiento de ambos padres\u00a0(ver\u00a0c\u00f3mo se otorga el consentimiento). El pasaporte es emitido con validez de tres a\u00f1os para los menores de 0 a 3 a\u00f1os, con validez de cinco a\u00f1os para los menores de 3 a 18 a\u00f1os. [&hellip;]","protected":false},"author":5,"featured_media":0,"parent":196,"menu_order":5,"comment_status":"closed","ping_status":"closed","template":"","meta":{"footnotes":""},"class_list":["post-403","page","type-page","status-publish","hentry"],"_links":{"self":[{"href":"https:\/\/consrosario.esteri.it\/es\/wp-json\/wp\/v2\/pages\/403","targetHints":{"allow":["GET"]}}],"collection":[{"href":"https:\/\/consrosario.esteri.it\/es\/wp-json\/wp\/v2\/pages"}],"about":[{"href":"https:\/\/consrosario.esteri.it\/es\/wp-json\/wp\/v2\/types\/page"}],"author":[{"embeddable":true,"href":"https:\/\/consrosario.esteri.it\/es\/wp-json\/wp\/v2\/users\/5"}],"replies":[{"embeddable":true,"href":"https:\/\/consrosario.esteri.it\/es\/wp-json\/wp\/v2\/comments?post=403"}],"version-history":[{"count":1,"href":"https:\/\/consrosario.esteri.it\/es\/wp-json\/wp\/v2\/pages\/403\/revisions"}],"predecessor-version":[{"id":12188,"href":"https:\/\/consrosario.esteri.it\/es\/wp-json\/wp\/v2\/pages\/403\/revisions\/12188"}],"up":[{"embeddable":true,"href":"https:\/\/consrosario.esteri.it\/es\/wp-json\/wp\/v2\/pages\/196"}],"wp:attachment":[{"href":"https:\/\/consrosario.esteri.it\/es\/wp-json\/wp\/v2\/media?parent=403"}],"curies":[{"name":"wp","href":"https:\/\/api.w.org\/{rel}","templated":true}]}}