{"id":412,"date":"2023-05-24T20:08:13","date_gmt":"2023-05-24T23:08:13","guid":{"rendered":"https:\/\/consrosario.esteri.it\/servizi-consolari-e-visti\/servizi-per-il-cittadino-italiano\/passaporti-e-carte-didentita\/assenso-allemissione-del-passaporto\/"},"modified":"2026-03-11T17:21:35","modified_gmt":"2026-03-11T20:21:35","slug":"assenso-allemissione-del-passaporto","status":"publish","type":"page","link":"https:\/\/consrosario.esteri.it\/es\/servizi-consolari-e-visti\/servizi-per-il-cittadino-italiano\/passaporti-e-carte-didentita\/assenso-allemissione-del-passaporto\/","title":{"rendered":"Consentimiento para la emisi\u00f3n del pasaporte"},"content":{"rendered":"<p style=\"text-align: justify;\">S<strong>e informa a los connacionales progenitores de hijos menores de edad que a partir del 14 de junio de 2023 ya no ser\u00e1 necesario presentar el acta de consentimiento del otro progenitor a los efectos de la emisi\u00f3n de su documento de identidad (pasaporte y CIE), conforme al D.L. 69\/2023.<\/strong><\/p>\n<p style=\"text-align: justify;\">El nuevo art\u00edculo 3-bis de la Ley 1185\/1967 indica que cuando exista un riesgo concreto de que por consecuencia de traslado al extranjero el ciudadano pueda dejar de cumplir sus obligaciones para con sus hijos, ser\u00e1 posible que el otro progenitor solicite una medida cautelar para impedir la emisi\u00f3n el documento.<\/p>\n<p style=\"text-align: justify;\">La demanda se puede presentar ante el juez competente en el Juzgado ordinario en el que el menor tenga su residencia habitual o, si el menor es residente en el extranjero, en el Juzgado territorialmente competente seg\u00fan su Comuna de inscripci\u00f3n en el AIRE.<\/p>\n<p style=\"text-align: justify;\"><strong>A los efectos de la emisi\u00f3n de documentos para menores, en cambio, subsiste la obligaci\u00f3n del consentimiento firmado por ambos padres o por quienes ejerzan la patria potestad.<\/strong><\/p>\n<p style=\"text-align: justify;\"><span lang=\"ES-AR\"> El consentimiento puede manifestarse por escrito de las siguientes maneras:<\/span><\/p>\n<ul>\n<li style=\"text-align: justify;\"><span lang=\"ES-AR\"><span style=\"text-decoration: underline;\"><strong>P<\/strong><strong>ersonalmente en la Sede del Consulado General al momento de la presentaci\u00f3n de la solicitud del pasaporte<\/strong><\/span> (se recuerda que qui\u00e9n otorga el consentimiento debe presentar un documento de identidad vigente original y fotocopia simple del mismo) o tambi\u00e9n en otro momento, si uno de los padres no puede presentarse el d\u00eda de la cita. En este caso, se deber\u00e1 acordar con la Oficina de Pasaportes por correo electr\u00f3nico el d\u00eda y la hora en que deba presentarse en el Consulado. <\/span><\/li>\n<li><span lang=\"ES-AR\">Personalmente en todas las otras Oficinas consulares italianas y en algunas Oficinas consulares honorarios italianas autorizadas en el extranjero, o en la Questura en Italia; esas Oficinas realizar\u00e1n la autenticaci\u00f3n de la firma del progenitor que da su consentimiento previo pago de la tarifa correspondiente (art. 19 &#8211; tarifas consulares);<\/span><\/li>\n<li><span lang=\"ES-AR\">Personalmente ante escribano argentino, con posterior colocaci\u00f3n de la Apostilla de La Haya (<a href=\"https:\/\/consrosario.esteri.it\/wp-content\/uploads\/2026\/03\/NOTAIO-Atto-di-assenso-da-genitori-extra-UE.pdf\">modelo de acta de consentimiento<\/a>);<\/span><\/li>\n<li style=\"text-align: justify;\"><span lang=\"ES-AR\"><strong>Los ciudadanos italianos o de cualquier otro pa\u00eds de la Uni\u00f3n Europea<\/strong> tambi\u00e9n pueden expresar el consentimiento completando y firmando el correspondiente formulario (<\/span><a href=\"https:\/\/consrosario.esteri.it\/wp-content\/uploads\/2026\/02\/Atto-di-assenso-allemissione-del-passaporto-in-favore-di-figli-minorenni.pdf\"><strong><span lang=\"ES-AR\">modelo de acta de consentimiento<\/span><\/strong><\/a><span lang=\"ES-AR\">) <\/span><span lang=\"ES-AR\">y envi\u00e1ndolo por correo\u00a0<strong>adjuntando la copia de un documento expedido por un pa\u00eds de la Uni\u00f3n Europea donde figure la firma del declarante;<\/strong><\/span><\/li>\n<li style=\"text-align: justify;\"><span style=\"text-decoration: underline;\"><strong><span lang=\"ES-AR\">Atenci\u00f3n<\/span><\/strong><\/span><strong><span lang=\"ES-AR\">:<\/span><\/strong> <span lang=\"ES-AR\">En caso de que el <strong>acta de consentimiento<\/strong> deba ser firmado en este Consulado General <strong>exclusivamente<\/strong> <strong>para ser presentado en Italia o en otras oficinas consulares italianas en Argentina o en el extranjero<\/strong>, es necesario <strong>reservar un turno a trav\u00e9s del sistema Prenot@Mi, seleccionando el servicio correspondiente<\/strong>. El acta de consentimiento en este caso est\u00e1 sujeto al pago de una tarifa consular (art. 19) en pesos argentinos, que corresponde a 20 euros. Por favor, consulte el valor del art. 19 en la tabla de tarifas de servicios consulares, actualizada por trimestre, en este enlace: <a href=\"https:\/\/consrosario.esteri.it\/es\/chi-siamo\/la-sede\/modulistica\/\">https:\/\/consrosario.esteri.it\/es\/chi-siamo\/la-sede\/modulistica\/.<\/a><\/span>\n<ul style=\"text-align: justify;\">\n<li style=\"list-style-type: none;\"><\/li>\n<\/ul>\n<\/li>\n<\/ul>\n<p style=\"text-align: justify;\"><strong>Qu\u00e9 hacer en caso de rechazo del consentimiento<\/strong><\/p>\n<p style=\"text-align: justify;\">Los motivos que pueden llevar a denegar el consentimiento son aquellos vinculados al incumplimiento de las obligaciones alimentarias y de mantenimiento de los menores.<br \/>\nEn ausencia del consentimiento del otro progenitor, el C\u00f3nsul General \u2013 en su investidura de Juez Tutelar de los menores residentes en su Circunscripci\u00f3n Consular y luego de haber efectuado una serie de verificaciones &#8211; podr\u00e1 evaluar si autorizar el otorgamiento del Pasaporte al\/los hijos menor\/es del solicitante, mediante el correspondiente Decreto Consular. A tal fin, el progenitor que brinda el consentimiento deber\u00e1 presentar una carta firmada (<a href=\"https:\/\/consrosario.esteri.it\/wp-content\/uploads\/2023\/12\/modello_istanza_GTutelare-dic.23.pdf\"><strong>descargar modelo carta<\/strong><\/a>) en la cual explique los motivos por los cuales el otro progenitor se niega a firmar el acto de consentimiento. Ser\u00e1 necesario indicar el domicilio completo y eventuales n\u00fameros telef\u00f3nicos del otro progenitor.<\/p>\n","protected":false},"excerpt":{"rendered":"Se informa a los connacionales progenitores de hijos menores de edad que a partir del 14 de junio de 2023 ya no ser\u00e1 necesario presentar el acta de consentimiento del otro progenitor a los efectos de la emisi\u00f3n de su documento de identidad (pasaporte y CIE), conforme al D.L. 69\/2023. El nuevo art\u00edculo 3-bis de [&hellip;]","protected":false},"author":5,"featured_media":0,"parent":196,"menu_order":6,"comment_status":"closed","ping_status":"closed","template":"","meta":{"footnotes":""},"class_list":["post-412","page","type-page","status-publish","hentry"],"_links":{"self":[{"href":"https:\/\/consrosario.esteri.it\/es\/wp-json\/wp\/v2\/pages\/412","targetHints":{"allow":["GET"]}}],"collection":[{"href":"https:\/\/consrosario.esteri.it\/es\/wp-json\/wp\/v2\/pages"}],"about":[{"href":"https:\/\/consrosario.esteri.it\/es\/wp-json\/wp\/v2\/types\/page"}],"author":[{"embeddable":true,"href":"https:\/\/consrosario.esteri.it\/es\/wp-json\/wp\/v2\/users\/5"}],"replies":[{"embeddable":true,"href":"https:\/\/consrosario.esteri.it\/es\/wp-json\/wp\/v2\/comments?post=412"}],"version-history":[{"count":6,"href":"https:\/\/consrosario.esteri.it\/es\/wp-json\/wp\/v2\/pages\/412\/revisions"}],"predecessor-version":[{"id":12436,"href":"https:\/\/consrosario.esteri.it\/es\/wp-json\/wp\/v2\/pages\/412\/revisions\/12436"}],"up":[{"embeddable":true,"href":"https:\/\/consrosario.esteri.it\/es\/wp-json\/wp\/v2\/pages\/196"}],"wp:attachment":[{"href":"https:\/\/consrosario.esteri.it\/es\/wp-json\/wp\/v2\/media?parent=412"}],"curies":[{"name":"wp","href":"https:\/\/api.w.org\/{rel}","templated":true}]}}