{"id":4494,"date":"2024-05-15T22:38:38","date_gmt":"2024-05-16T01:38:38","guid":{"rendered":"https:\/\/consrosario.esteri.it\/servizi-consolari-e-visti\/servizi-per-il-cittadino-italiano\/carta-didentita-elettronica-cie\/"},"modified":"2026-02-19T11:57:43","modified_gmt":"2026-02-19T14:57:43","slug":"carta-didentita-elettronica-cie","status":"publish","type":"page","link":"https:\/\/consrosario.esteri.it\/es\/servizi-consolari-e-visti\/servizi-per-il-cittadino-italiano\/carta-didentita-elettronica-cie\/","title":{"rendered":"Carta d\u2019Identit\u00e0 Elettronica (CIE)"},"content":{"rendered":"<p style=\"text-align: justify;\">La Carta d\u2019Identit\u00e0 Elettronica (CIE) es un documento personal, v\u00e1lido para identificarse y circular dentro de la Uni\u00f3n Europea, en algunos Estados adherentes al Acuerdo Schengen (Por ej. Islandia, Noruega y Suiza) y en otros Estados con los cuales hayan acuerdos bilaterales. Antes de empezar un viaje se recomienda consultar el listado \u201cschede Paese\u201d en el sitio <a href=\"http:\/\/www.viaggiaresicuri,it\">www.viaggiaresicuri.it<\/a>. <span style=\"text-decoration: underline;\"><strong>La CIE NO puede ser utilizada para salir de Argentina<\/strong><\/span>.<\/p>\n<p style=\"text-align: justify;\">Los italianos residentes en la jurisdicci\u00f3n consular de Rosario, <span style=\"text-decoration: underline;\"><strong>regularmente inscriptos en el AIRE<\/strong><\/span> (Registro de los Italianos Residentes en el Exterior), pueden reservar turno para la emisi\u00f3n de la Carta de Identidad Electr\u00f3nica (CIE).<\/p>\n<p style=\"text-align: justify;\" data-start=\"0\" data-end=\"302\">Se informa que, tras la entrada en vigor de la Ley n.\u00ba 19 de 19 de enero de 2026, <span style=\"text-decoration: underline;\">a partir del pr\u00f3ximo 1 de junio de 2026<\/span>, todos los ciudadanos regularmente inscriptos en el AIRE podr\u00e1n presentar la solicitud para la expedici\u00f3n de la CIE ante cualquiera Comuna italiana. La CIE ser\u00e1 entregada con las mismas modalidades previstas en caso de solicitud presentada a trav\u00e9s de la Oficina Consular, con la posibilidad para el interesado de recogerlo personalmente en la Comuna o bien de solicitar su env\u00edo al extranjero.<\/p>\n<p><a href=\"https:\/\/consrosario.esteri.it\/es\/servizi-consolari-e-visti\/servizi-per-il-cittadino-italiano\/carta-didentita-elettronica-cie\/requisiti\/\"><strong>Requisitos<\/strong><\/a><\/p>\n<p><a href=\"https:\/\/consrosario.esteri.it\/es\/servizi-consolari-e-visti\/servizi-per-il-cittadino-italiano\/carta-didentita-elettronica-cie\/come-richiedere-la-cie\/\"><strong>C\u00f3mo solicitar la CIE<\/strong><\/a><\/p>\n<p><a href=\"https:\/\/consrosario.esteri.it\/es\/servizi-consolari-e-visti\/servizi-per-il-cittadino-italiano\/carta-didentita-elettronica-cie\/documentazione-necessaria-per-il-rilascio-della-cie\/\"><strong>Documentaci\u00f3n necesaria para la emisi\u00f3n de la CIE<\/strong><\/a><\/p>\n<p><a href=\"https:\/\/consrosario.esteri.it\/es\/servizi-consolari-e-visti\/servizi-per-il-cittadino-italiano\/carta-didentita-elettronica-cie\/costo-della-cie\/\"><strong>Costo de la CIE <\/strong><\/a><\/p>\n<p><a href=\"https:\/\/consrosario.esteri.it\/es\/servizi-consolari-e-visti\/servizi-per-il-cittadino-italiano\/carta-didentita-elettronica-cie\/il-giorno-dellappuntamento\/\"><strong>El d\u00eda de la cita<\/strong><\/a><\/p>\n<p><a href=\"https:\/\/consrosario.esteri.it\/es\/servizi-consolari-e-visti\/servizi-per-il-cittadino-italiano\/carta-didentita-elettronica-cie\/rilascio-della-cie-ai-minorenni\/\"><strong>Emisi\u00f3n de la CIE a menores de edad<\/strong><\/a><\/p>\n<p><a href=\"https:\/\/consrosario.esteri.it\/es\/servizi-consolari-e-visti\/servizi-per-il-cittadino-italiano\/carta-didentita-elettronica-cie\/come-si-riceve-la-cie\/\"><strong>C\u00f3mo se recibe la CIE<\/strong><\/a><\/p>\n<p><a href=\"https:\/\/consrosario.esteri.it\/es\/servizi-consolari-e-visti\/servizi-per-il-cittadino-italiano\/carta-didentita-elettronica-cie\/domande-frequenti-cie\/\"><strong>FAQ<\/strong><\/a><\/p>\n","protected":false},"excerpt":{"rendered":"La Carta d\u2019Identit\u00e0 Elettronica (CIE) es un documento personal, v\u00e1lido para identificarse y circular dentro de la Uni\u00f3n Europea, en algunos Estados adherentes al Acuerdo Schengen (Por ej. Islandia, Noruega y Suiza) y en otros Estados con los cuales hayan acuerdos bilaterales. Antes de empezar un viaje se recomienda consultar el listado \u201cschede Paese\u201d en [&hellip;]","protected":false},"author":5,"featured_media":0,"parent":195,"menu_order":0,"comment_status":"closed","ping_status":"closed","template":"","meta":{"footnotes":""},"class_list":["post-4494","page","type-page","status-publish","hentry"],"_links":{"self":[{"href":"https:\/\/consrosario.esteri.it\/es\/wp-json\/wp\/v2\/pages\/4494","targetHints":{"allow":["GET"]}}],"collection":[{"href":"https:\/\/consrosario.esteri.it\/es\/wp-json\/wp\/v2\/pages"}],"about":[{"href":"https:\/\/consrosario.esteri.it\/es\/wp-json\/wp\/v2\/types\/page"}],"author":[{"embeddable":true,"href":"https:\/\/consrosario.esteri.it\/es\/wp-json\/wp\/v2\/users\/5"}],"replies":[{"embeddable":true,"href":"https:\/\/consrosario.esteri.it\/es\/wp-json\/wp\/v2\/comments?post=4494"}],"version-history":[{"count":6,"href":"https:\/\/consrosario.esteri.it\/es\/wp-json\/wp\/v2\/pages\/4494\/revisions"}],"predecessor-version":[{"id":12073,"href":"https:\/\/consrosario.esteri.it\/es\/wp-json\/wp\/v2\/pages\/4494\/revisions\/12073"}],"up":[{"embeddable":true,"href":"https:\/\/consrosario.esteri.it\/es\/wp-json\/wp\/v2\/pages\/195"}],"wp:attachment":[{"href":"https:\/\/consrosario.esteri.it\/es\/wp-json\/wp\/v2\/media?parent=4494"}],"curies":[{"name":"wp","href":"https:\/\/api.w.org\/{rel}","templated":true}]}}