{"id":4496,"date":"2024-05-15T22:40:26","date_gmt":"2024-05-16T01:40:26","guid":{"rendered":"https:\/\/consrosario.esteri.it\/servizi-consolari-e-visti\/servizi-per-il-cittadino-italiano\/carta-didentita-elettronica-cie\/requisiti\/"},"modified":"2024-09-23T00:59:23","modified_gmt":"2024-09-23T03:59:23","slug":"requisiti","status":"publish","type":"page","link":"https:\/\/consrosario.esteri.it\/es\/servizi-consolari-e-visti\/servizi-per-il-cittadino-italiano\/carta-didentita-elettronica-cie\/requisiti\/","title":{"rendered":"Requisitos"},"content":{"rendered":"<p style=\"text-align: justify;\">A efectos de la emisi\u00f3n de la CIE es imprescindible que el solicitante:<\/p>\n<ul style=\"text-align: justify;\">\n<li>sea ciudadano italiano regularmente residente en la Circunscripci\u00f3n consular de Rosario;<\/li>\n<li>se encuentre inscripto en el AIRE por parte del comune italiano de referencia. A tal fin, los interesados deber\u00e1n verificar su propia ficha consular en FASTIT (<a href=\"https:\/\/consrosario.esteri.it\/it\/servizi-consolari-e-visti\/servizi-per-il-cittadino-italiano\/anagrafe-degli-italiani-residenti-allestero-aire\/\">cliquear aqu\u00ed<\/a>), controlando tambi\u00e9n que todos los propios datos est\u00e9n correctos y completos (ej. nombres y apellidos).<\/li>\n<li><span style=\"text-align: justify;\">su acta de nacimiento se encuentre transcripto en Italia, ya que los detalles de la transcripci\u00f3n deben ser reportados en el CIE.<\/span><\/li>\n<\/ul>\n<p style=\"text-align: justify;\"><strong>ATENCI\u00d3N<\/strong>: en caso que tras las verificaciones, no sea posible proceder a la emisi\u00f3n de la CIE, se cancelar\u00e1 el turno. El interesado ser\u00e1 informado de los motivos del rechazo y tendr\u00e1 que repetir el procedimiento en el portal Prenot@Mi una vez que su situaci\u00f3n haya sido regularizada de acuerdo a lo comunicado por el Consulado.<\/p>\n","protected":false},"excerpt":{"rendered":"A efectos de la emisi\u00f3n de la CIE es imprescindible que el solicitante: sea ciudadano italiano regularmente residente en la Circunscripci\u00f3n consular de Rosario; se encuentre inscripto en el AIRE por parte del comune italiano de referencia. A tal fin, los interesados deber\u00e1n verificar su propia ficha consular en FASTIT (cliquear aqu\u00ed), controlando tambi\u00e9n que [&hellip;]","protected":false},"author":5,"featured_media":0,"parent":4494,"menu_order":0,"comment_status":"closed","ping_status":"closed","template":"","meta":{"footnotes":""},"class_list":["post-4496","page","type-page","status-publish","hentry"],"_links":{"self":[{"href":"https:\/\/consrosario.esteri.it\/es\/wp-json\/wp\/v2\/pages\/4496","targetHints":{"allow":["GET"]}}],"collection":[{"href":"https:\/\/consrosario.esteri.it\/es\/wp-json\/wp\/v2\/pages"}],"about":[{"href":"https:\/\/consrosario.esteri.it\/es\/wp-json\/wp\/v2\/types\/page"}],"author":[{"embeddable":true,"href":"https:\/\/consrosario.esteri.it\/es\/wp-json\/wp\/v2\/users\/5"}],"replies":[{"embeddable":true,"href":"https:\/\/consrosario.esteri.it\/es\/wp-json\/wp\/v2\/comments?post=4496"}],"version-history":[{"count":5,"href":"https:\/\/consrosario.esteri.it\/es\/wp-json\/wp\/v2\/pages\/4496\/revisions"}],"predecessor-version":[{"id":5389,"href":"https:\/\/consrosario.esteri.it\/es\/wp-json\/wp\/v2\/pages\/4496\/revisions\/5389"}],"up":[{"embeddable":true,"href":"https:\/\/consrosario.esteri.it\/es\/wp-json\/wp\/v2\/pages\/4494"}],"wp:attachment":[{"href":"https:\/\/consrosario.esteri.it\/es\/wp-json\/wp\/v2\/media?parent=4496"}],"curies":[{"name":"wp","href":"https:\/\/api.w.org\/{rel}","templated":true}]}}