{"id":4508,"date":"2024-05-15T22:42:42","date_gmt":"2024-05-16T01:42:42","guid":{"rendered":"https:\/\/consrosario.esteri.it\/servizi-consolari-e-visti\/servizi-per-il-cittadino-italiano\/carta-didentita-elettronica-cie\/come-richiedere-la-cie\/"},"modified":"2025-11-11T14:06:27","modified_gmt":"2025-11-11T17:06:27","slug":"come-richiedere-la-cie","status":"publish","type":"page","link":"https:\/\/consrosario.esteri.it\/es\/servizi-consolari-e-visti\/servizi-per-il-cittadino-italiano\/carta-didentita-elettronica-cie\/come-richiedere-la-cie\/","title":{"rendered":"C\u00f3mo solicitar la CIE"},"content":{"rendered":"<p style=\"text-align: justify;\"><strong>Se recibe solamente a trav\u00e9s de turnos<\/strong>.\u00a0<strong>Los mismos se asignan exclusivamente a trav\u00e9s del sistema Prenot@Mi<\/strong>. No es posible solicitar por correo electr\u00f3nico o en la ventanilla de atenci\u00f3n al p\u00fablico la emisi\u00f3n o la modificaci\u00f3n de un turno.<\/p>\n<p style=\"text-align: justify;\">Para reservar una cita para la emision de la CIE se deber\u00e1 utilizar el siguiente link: <strong><a href=\"https:\/\/prenotami.esteri.it\/\">https:\/\/prenotami.esteri.it\/<\/a><br \/>\n<\/strong><\/p>\n<p style=\"text-align: justify;\">Para conocer d\u00edas y horarios de apertura de los turnos,\u00a0<a href=\"https:\/\/consrosario.esteri.it\/es\/chi-siamo\/la-sede\/prenota-lappuntamento\/\"><strong>cliquear aqu\u00ed<\/strong><\/a>.<\/p>\n<p style=\"text-align: justify;\">La cita es gratuita y no puede ser cedida a terceros (la solicitud de cita es personal no estando autorizados a tal fin ni agencias ni gestores).<\/p>\n<p style=\"text-align: justify;\">Cada ciudadano mayor de 18 a\u00f1os debe solicitar su cita individualmente. Si, adem\u00e1s del adulto, se desea solicitar la CIE para los hijos menores, se deber\u00e1 pedir una cita m\u00faltiple indicando los nombres de los menores en los campos correspondientes. Si la cita es exclusivamente para un hijo menor, se deber\u00e1 solicitar una cita individual indicando en el campo de notas para qui\u00e9n se solicita la cita. Si la cita es solo para hijos menores, se deber\u00e1 pedir una cita m\u00faltiple, insertando al primer hijo en el campo \u2018Notas\u2019 y los dem\u00e1s en los campos correspondientes de la cita m\u00faltiple.<\/p>\n","protected":false},"excerpt":{"rendered":"Se recibe solamente a trav\u00e9s de turnos.\u00a0Los mismos se asignan exclusivamente a trav\u00e9s del sistema Prenot@Mi. No es posible solicitar por correo electr\u00f3nico o en la ventanilla de atenci\u00f3n al p\u00fablico la emisi\u00f3n o la modificaci\u00f3n de un turno. Para reservar una cita para la emision de la CIE se deber\u00e1 utilizar el siguiente link: [&hellip;]","protected":false},"author":5,"featured_media":0,"parent":4494,"menu_order":0,"comment_status":"closed","ping_status":"closed","template":"","meta":{"footnotes":""},"class_list":["post-4508","page","type-page","status-publish","hentry"],"_links":{"self":[{"href":"https:\/\/consrosario.esteri.it\/es\/wp-json\/wp\/v2\/pages\/4508","targetHints":{"allow":["GET"]}}],"collection":[{"href":"https:\/\/consrosario.esteri.it\/es\/wp-json\/wp\/v2\/pages"}],"about":[{"href":"https:\/\/consrosario.esteri.it\/es\/wp-json\/wp\/v2\/types\/page"}],"author":[{"embeddable":true,"href":"https:\/\/consrosario.esteri.it\/es\/wp-json\/wp\/v2\/users\/5"}],"replies":[{"embeddable":true,"href":"https:\/\/consrosario.esteri.it\/es\/wp-json\/wp\/v2\/comments?post=4508"}],"version-history":[{"count":3,"href":"https:\/\/consrosario.esteri.it\/es\/wp-json\/wp\/v2\/pages\/4508\/revisions"}],"predecessor-version":[{"id":10763,"href":"https:\/\/consrosario.esteri.it\/es\/wp-json\/wp\/v2\/pages\/4508\/revisions\/10763"}],"up":[{"embeddable":true,"href":"https:\/\/consrosario.esteri.it\/es\/wp-json\/wp\/v2\/pages\/4494"}],"wp:attachment":[{"href":"https:\/\/consrosario.esteri.it\/es\/wp-json\/wp\/v2\/media?parent=4508"}],"curies":[{"name":"wp","href":"https:\/\/api.w.org\/{rel}","templated":true}]}}