{"id":4513,"date":"2024-05-15T22:46:18","date_gmt":"2024-05-16T01:46:18","guid":{"rendered":"https:\/\/consrosario.esteri.it\/servizi-consolari-e-visti\/servizi-per-il-cittadino-italiano\/carta-didentita-elettronica-cie\/documentazione-necessaria-per-il-rilascio-della-cie\/"},"modified":"2025-11-11T14:07:45","modified_gmt":"2025-11-11T17:07:45","slug":"documentazione-necessaria-per-il-rilascio-della-cie","status":"publish","type":"page","link":"https:\/\/consrosario.esteri.it\/es\/servizi-consolari-e-visti\/servizi-per-il-cittadino-italiano\/carta-didentita-elettronica-cie\/documentazione-necessaria-per-il-rilascio-della-cie\/","title":{"rendered":"Documentaci\u00f3n necesaria para la emisi\u00f3n de la CIE"},"content":{"rendered":"<p style=\"text-align: justify;\">El solicitante debe presentarse al turno con:<\/p>\n<ol>\n<li style=\"text-align: justify;\">Formulario de solicitud debidamente cumplimentado en todas sus partes (para mayores de edad <a href=\"https:\/\/consrosario.esteri.it\/wp-content\/uploads\/2025\/08\/Modello-_richiesta-CIE-maggiorenne_-2025.pdf\">cliquear aqu\u00ed<\/a>, para menores <a href=\"https:\/\/consrosario.esteri.it\/wp-content\/uploads\/2025\/08\/Modello_richiesta_CIE_minori_-2025.pdf\">cliquear aqu\u00ed<\/a>);<\/li>\n<li style=\"text-align: justify;\">DNI en vigor del solicitante y de todas las personas que deban firmar (original y fotocopia por ambas caras);<\/li>\n<li style=\"text-align: justify;\">Pasaporte italiano en vigor del solicitante (en caso de tenerlo, junto con fotocopia de la p\u00e1gina donde aparece la foto);<\/li>\n<li style=\"text-align: justify;\">Documento de identidad italiano anterior del solicitante (<span style=\"text-decoration: underline;\">solo en caso de tenerlo<\/span>, junto con fotocopia por ambas caras);<\/li>\n<li style=\"text-align: justify;\">Una fotograf\u00eda tipo carn\u00e9 de 4&#215;4 cm o 3,5&#215;4,5 cm; fondo blanco, de buena calidad. Atenci\u00f3n: se recomienda verificar que las fotos cumplan con los requisitos (<a href=\"https:\/\/consrosario.esteri.it\/es\/servizi-consolari-e-visti\/servizi-per-il-cittadino-italiano\/passaporti-e-carte-didentita\/documentazione-necessaria-per-il-rilascio-del-passaporto\/qualita-delle-fotografie\/\" target=\"_blank\" rel=\"noopener\">ver m\u00e1s detalles sobre las fotograf\u00edas cliqueando aqu\u00ed<\/a>). Las fotos que no cumplan con los requisitos no podr\u00e1n ser aceptadas;<\/li>\n<li>Acta de consentimiento de ambos padres en caso de que el solicitante sea menor de 18 a\u00f1os;<\/li>\n<li style=\"text-align: justify;\">Acta de consentimiento de ambos padres en caso de que el solicitante sea menor de 18 a\u00f1os;<\/li>\n<li style=\"text-align: justify;\">Declaraci\u00f3n de p\u00e9rdida o robo del documento anterior, si corresponde.<\/li>\n<\/ol>\n","protected":false},"excerpt":{"rendered":"El solicitante debe presentarse al turno con: Formulario de solicitud debidamente cumplimentado en todas sus partes (para mayores de edad cliquear aqu\u00ed, para menores cliquear aqu\u00ed); DNI en vigor del solicitante y de todas las personas que deban firmar (original y fotocopia por ambas caras); Pasaporte italiano en vigor del solicitante (en caso de tenerlo, [&hellip;]","protected":false},"author":5,"featured_media":0,"parent":4494,"menu_order":0,"comment_status":"closed","ping_status":"closed","template":"","meta":{"footnotes":""},"class_list":["post-4513","page","type-page","status-publish","hentry"],"_links":{"self":[{"href":"https:\/\/consrosario.esteri.it\/es\/wp-json\/wp\/v2\/pages\/4513","targetHints":{"allow":["GET"]}}],"collection":[{"href":"https:\/\/consrosario.esteri.it\/es\/wp-json\/wp\/v2\/pages"}],"about":[{"href":"https:\/\/consrosario.esteri.it\/es\/wp-json\/wp\/v2\/types\/page"}],"author":[{"embeddable":true,"href":"https:\/\/consrosario.esteri.it\/es\/wp-json\/wp\/v2\/users\/5"}],"replies":[{"embeddable":true,"href":"https:\/\/consrosario.esteri.it\/es\/wp-json\/wp\/v2\/comments?post=4513"}],"version-history":[{"count":4,"href":"https:\/\/consrosario.esteri.it\/es\/wp-json\/wp\/v2\/pages\/4513\/revisions"}],"predecessor-version":[{"id":10766,"href":"https:\/\/consrosario.esteri.it\/es\/wp-json\/wp\/v2\/pages\/4513\/revisions\/10766"}],"up":[{"embeddable":true,"href":"https:\/\/consrosario.esteri.it\/es\/wp-json\/wp\/v2\/pages\/4494"}],"wp:attachment":[{"href":"https:\/\/consrosario.esteri.it\/es\/wp-json\/wp\/v2\/media?parent=4513"}],"curies":[{"name":"wp","href":"https:\/\/api.w.org\/{rel}","templated":true}]}}