{"id":4523,"date":"2024-05-15T22:54:18","date_gmt":"2024-05-16T01:54:18","guid":{"rendered":"https:\/\/consrosario.esteri.it\/servizi-consolari-e-visti\/servizi-per-il-cittadino-italiano\/carta-didentita-elettronica-cie\/il-giorno-dellappuntamento\/"},"modified":"2025-11-11T14:23:49","modified_gmt":"2025-11-11T17:23:49","slug":"il-giorno-dellappuntamento","status":"publish","type":"page","link":"https:\/\/consrosario.esteri.it\/es\/servizi-consolari-e-visti\/servizi-per-il-cittadino-italiano\/carta-didentita-elettronica-cie\/il-giorno-dellappuntamento\/","title":{"rendered":"El d\u00eda de la cita"},"content":{"rendered":"<p style=\"text-align: justify;\">La emisi\u00f3n de la CIE con las huellas digitales y la firma digitalizada\u00a0<strong>requiere de la presencia del connacional en el Consulado<\/strong>.<\/p>\n<p style=\"text-align: justify;\">Las personas ser\u00e1n recibidas respetando\u00a0<strong>el horario del turno asignado por el sistema Prenot@Mi<\/strong>.<\/p>\n<p style=\"text-align: justify;\">Para la emisi\u00f3n de la CIE a menores de 18 a\u00f1os es necesaria la presencia de ambos progenitores, adem\u00e1s de la del menor.<\/p>\n<p style=\"text-align: justify;\">Es necesario solicitar una CIE individual para cada menor de edad.<\/p>\n<p style=\"text-align: justify;\"><strong>Las CIE no son renovables y tienen una vigencia temporal diferenciada en funci\u00f3n de la edad.<\/strong><\/p>\n<p style=\"text-align: justify;\">La\u00a0<strong>validez temporal<\/strong>\u00a0de la CIE difiere en base a la edad del titular:<\/p>\n<ul>\n<li style=\"text-align: justify;\">para menores de 3 a\u00f1os la validez es de 3 a\u00f1os;<\/li>\n<li style=\"text-align: justify;\">para menores de 3 a 18 a\u00f1os la validez es de 5 a\u00f1os;<\/li>\n<li style=\"text-align: justify;\">para mayores de edad la validez es de 10 a\u00f1os.<\/li>\n<\/ul>\n","protected":false},"excerpt":{"rendered":"La emisi\u00f3n de la CIE con las huellas digitales y la firma digitalizada\u00a0requiere de la presencia del connacional en el Consulado. Las personas ser\u00e1n recibidas respetando\u00a0el horario del turno asignado por el sistema Prenot@Mi. Para la emisi\u00f3n de la CIE a menores de 18 a\u00f1os es necesaria la presencia de ambos progenitores, adem\u00e1s de la [&hellip;]","protected":false},"author":5,"featured_media":0,"parent":4494,"menu_order":0,"comment_status":"closed","ping_status":"closed","template":"","meta":{"footnotes":""},"class_list":["post-4523","page","type-page","status-publish","hentry"],"_links":{"self":[{"href":"https:\/\/consrosario.esteri.it\/es\/wp-json\/wp\/v2\/pages\/4523","targetHints":{"allow":["GET"]}}],"collection":[{"href":"https:\/\/consrosario.esteri.it\/es\/wp-json\/wp\/v2\/pages"}],"about":[{"href":"https:\/\/consrosario.esteri.it\/es\/wp-json\/wp\/v2\/types\/page"}],"author":[{"embeddable":true,"href":"https:\/\/consrosario.esteri.it\/es\/wp-json\/wp\/v2\/users\/5"}],"replies":[{"embeddable":true,"href":"https:\/\/consrosario.esteri.it\/es\/wp-json\/wp\/v2\/comments?post=4523"}],"version-history":[{"count":6,"href":"https:\/\/consrosario.esteri.it\/es\/wp-json\/wp\/v2\/pages\/4523\/revisions"}],"predecessor-version":[{"id":10781,"href":"https:\/\/consrosario.esteri.it\/es\/wp-json\/wp\/v2\/pages\/4523\/revisions\/10781"}],"up":[{"embeddable":true,"href":"https:\/\/consrosario.esteri.it\/es\/wp-json\/wp\/v2\/pages\/4494"}],"wp:attachment":[{"href":"https:\/\/consrosario.esteri.it\/es\/wp-json\/wp\/v2\/media?parent=4523"}],"curies":[{"name":"wp","href":"https:\/\/api.w.org\/{rel}","templated":true}]}}