{"id":4539,"date":"2024-05-15T22:50:44","date_gmt":"2024-05-16T01:50:44","guid":{"rendered":"https:\/\/consrosario.esteri.it\/servizi-consolari-e-visti\/servizi-per-il-cittadino-italiano\/carta-didentita-elettronica-cie\/rilascio-della-cie-ai-minorenni\/"},"modified":"2024-05-15T23:52:33","modified_gmt":"2024-05-16T02:52:33","slug":"rilascio-della-cie-ai-minorenni","status":"publish","type":"page","link":"https:\/\/consrosario.esteri.it\/es\/servizi-consolari-e-visti\/servizi-per-il-cittadino-italiano\/carta-didentita-elettronica-cie\/rilascio-della-cie-ai-minorenni\/","title":{"rendered":"Emisi\u00f3n de la CIE a menores de edad"},"content":{"rendered":"<p style=\"text-align: justify;\">La solicitud de emisi\u00f3n de la CIE para los menores, presentada ante la Oficina el d\u00eda del turno, debe estar firmada por ambos progenitores (o por quien ejerce la responsabilidad parental) o bien ambos progenitores deben presentar sus consentimientos por escrito.<\/p>\n<p style=\"text-align: justify;\"><strong>Se informa a los ciudadanos italianos que posean hijos menores de edad que a partir del 14 de junio de 2023 no ser\u00e1 necesario presentar el acta de consentimiento (atto di assenso) del otro progenitor para la emisi\u00f3n el propio documento de identidad (pasaporte o CIE), en virtud del D.L. 69\/2023.<\/strong><\/p>\n<p style=\"text-align: justify;\">En lo espec\u00edfico, la modificaci\u00f3n del art\u00edculo 3-bis de la Ley 1185\/1967 indica que, cuando existe un peligro actual y concreto de que una mudanza al exterior de un progenitor pueda derivar en el incumplimiento de sus obligaciones para con su hijo\/a, el otro progenitor podr\u00e1 solicitar una inhibici\u00f3n a la emisi\u00f3n del documento.<\/p>\n<p style=\"text-align: justify;\">El recurso podr\u00e1 ser presentado ante el juez competente en el Tribunal ordinario donde el menor posea la residencia habitual en Italia o, en caso que el menor resida en el exterior, deber\u00e1 ser presentado en el Tribunal correspondiente de acuerdo a la Comuna de inscripci\u00f3n AIRE.<\/p>\n<p style=\"text-align: justify;\">En lo que respecta a la emisi\u00f3n del documento (pasaporte o CIE) para los menores, se mantiene invariable la obligaci\u00f3n del consentimiento firmado por ambos progenitores o por quien ejerza la patria potestad.<\/p>\n<p style=\"text-align: justify;\">El consentimiento para la expedici\u00f3n de la CIE de un menor podr\u00e1 prestarse de una de las siguientes formas:<\/p>\n<ul>\n<li style=\"text-align: justify;\">personalmente en este Consulado el d\u00eda del turno (tenga en cuenta que la persona que otorgue el consentimiento debe poseer un documento de identidad v\u00e1lido, en original y fotocopia simple);<\/li>\n<li style=\"text-align: justify;\">personalmente en cualquier Oficina de la Administraci\u00f3n P\u00fablica italiana autorizada para autenticar firmas: por ejemplo, Questura u otras representaciones diplom\u00e1tico-consulares;<\/li>\n<li style=\"text-align: justify;\">con un poder otorgado por un escribano argentino, posteriormente legalizado con Apostille y traducido al italiano.<\/li>\n<\/ul>\n","protected":false},"excerpt":{"rendered":"La solicitud de emisi\u00f3n de la CIE para los menores, presentada ante la Oficina el d\u00eda del turno, debe estar firmada por ambos progenitores (o por quien ejerce la responsabilidad parental) o bien ambos progenitores deben presentar sus consentimientos por escrito. Se informa a los ciudadanos italianos que posean hijos menores de edad que a [&hellip;]","protected":false},"author":5,"featured_media":0,"parent":4494,"menu_order":0,"comment_status":"closed","ping_status":"closed","template":"","meta":{"footnotes":""},"class_list":["post-4539","page","type-page","status-publish","hentry"],"_links":{"self":[{"href":"https:\/\/consrosario.esteri.it\/es\/wp-json\/wp\/v2\/pages\/4539","targetHints":{"allow":["GET"]}}],"collection":[{"href":"https:\/\/consrosario.esteri.it\/es\/wp-json\/wp\/v2\/pages"}],"about":[{"href":"https:\/\/consrosario.esteri.it\/es\/wp-json\/wp\/v2\/types\/page"}],"author":[{"embeddable":true,"href":"https:\/\/consrosario.esteri.it\/es\/wp-json\/wp\/v2\/users\/5"}],"replies":[{"embeddable":true,"href":"https:\/\/consrosario.esteri.it\/es\/wp-json\/wp\/v2\/comments?post=4539"}],"version-history":[{"count":1,"href":"https:\/\/consrosario.esteri.it\/es\/wp-json\/wp\/v2\/pages\/4539\/revisions"}],"predecessor-version":[{"id":4541,"href":"https:\/\/consrosario.esteri.it\/es\/wp-json\/wp\/v2\/pages\/4539\/revisions\/4541"}],"up":[{"embeddable":true,"href":"https:\/\/consrosario.esteri.it\/es\/wp-json\/wp\/v2\/pages\/4494"}],"wp:attachment":[{"href":"https:\/\/consrosario.esteri.it\/es\/wp-json\/wp\/v2\/media?parent=4539"}],"curies":[{"name":"wp","href":"https:\/\/api.w.org\/{rel}","templated":true}]}}