{"id":4543,"date":"2024-05-15T22:55:58","date_gmt":"2024-05-16T01:55:58","guid":{"rendered":"https:\/\/consrosario.esteri.it\/servizi-consolari-e-visti\/servizi-per-il-cittadino-italiano\/carta-didentita-elettronica-cie\/come-si-riceve-la-cie\/"},"modified":"2025-11-11T14:25:43","modified_gmt":"2025-11-11T17:25:43","slug":"come-si-riceve-la-cie","status":"publish","type":"page","link":"https:\/\/consrosario.esteri.it\/es\/servizi-consolari-e-visti\/servizi-per-il-cittadino-italiano\/carta-didentita-elettronica-cie\/come-si-riceve-la-cie\/","title":{"rendered":"C\u00f3mo se recibe la CIE"},"content":{"rendered":"<p style=\"text-align: justify;\"><span style=\"text-decoration: underline;\">El documento no se emite en el d\u00eda del turno<\/span>: la CIE es producida por el Istituto Poligrafico e Zecca dello Stato y posteriormente enviada por correo certificado a cargo de Poste Italiane al domicilio personal o a la direcci\u00f3n indicada por el solicitante. El solicitante puede seguir el env\u00edo de forma independiente online, a trav\u00e9s del c\u00f3digo de seguimiento.<\/p>\n<p style=\"text-align: justify;\"><span style=\"text-decoration: underline;\">El Consulado no es responsable en caso de eventuales problemas de env\u00edo, para lo cual es necesario dirigirse a Poste Italiane<\/span>.<\/p>\n<p style=\"text-align: justify;\">ATENCI\u00d3N: La competencia del Consulado General de Italia en Rosario termina el d\u00eda de la cita con el env\u00edo de la solicitud de la CIE a Italia.<\/p>\n<p style=\"text-align: justify;\">Cualquier consulta posterior al mencionado env\u00edo no ser\u00e1 respondida y deber\u00e1 dirigirse al correo electr\u00f3nico dedicado del \u201cMinisterio del Interior\u201d: cie.cittadini@interno.it<\/p>\n","protected":false},"excerpt":{"rendered":"El documento no se emite en el d\u00eda del turno: la CIE es producida por el Istituto Poligrafico e Zecca dello Stato y posteriormente enviada por correo certificado a cargo de Poste Italiane al domicilio personal o a la direcci\u00f3n indicada por el solicitante. El solicitante puede seguir el env\u00edo de forma independiente online, a [&hellip;]","protected":false},"author":5,"featured_media":0,"parent":4494,"menu_order":0,"comment_status":"closed","ping_status":"closed","template":"","meta":{"footnotes":""},"class_list":["post-4543","page","type-page","status-publish","hentry"],"_links":{"self":[{"href":"https:\/\/consrosario.esteri.it\/es\/wp-json\/wp\/v2\/pages\/4543","targetHints":{"allow":["GET"]}}],"collection":[{"href":"https:\/\/consrosario.esteri.it\/es\/wp-json\/wp\/v2\/pages"}],"about":[{"href":"https:\/\/consrosario.esteri.it\/es\/wp-json\/wp\/v2\/types\/page"}],"author":[{"embeddable":true,"href":"https:\/\/consrosario.esteri.it\/es\/wp-json\/wp\/v2\/users\/5"}],"replies":[{"embeddable":true,"href":"https:\/\/consrosario.esteri.it\/es\/wp-json\/wp\/v2\/comments?post=4543"}],"version-history":[{"count":3,"href":"https:\/\/consrosario.esteri.it\/es\/wp-json\/wp\/v2\/pages\/4543\/revisions"}],"predecessor-version":[{"id":10787,"href":"https:\/\/consrosario.esteri.it\/es\/wp-json\/wp\/v2\/pages\/4543\/revisions\/10787"}],"up":[{"embeddable":true,"href":"https:\/\/consrosario.esteri.it\/es\/wp-json\/wp\/v2\/pages\/4494"}],"wp:attachment":[{"href":"https:\/\/consrosario.esteri.it\/es\/wp-json\/wp\/v2\/media?parent=4543"}],"curies":[{"name":"wp","href":"https:\/\/api.w.org\/{rel}","templated":true}]}}