{"id":4548,"date":"2024-05-15T22:58:37","date_gmt":"2024-05-16T01:58:37","guid":{"rendered":"https:\/\/consrosario.esteri.it\/servizi-consolari-e-visti\/servizi-per-il-cittadino-italiano\/carta-didentita-elettronica-cie\/domande-frequenti-cie\/"},"modified":"2024-05-16T00:02:29","modified_gmt":"2024-05-16T03:02:29","slug":"domande-frequenti-cie","status":"publish","type":"page","link":"https:\/\/consrosario.esteri.it\/es\/servizi-consolari-e-visti\/servizi-per-il-cittadino-italiano\/carta-didentita-elettronica-cie\/domande-frequenti-cie\/","title":{"rendered":"Preguntas frecuentes CIE"},"content":{"rendered":"<p style=\"text-align: justify;\"><strong>\u00bfC\u00f3mo me inscribo en el AIRE?<\/strong><\/p>\n<p style=\"text-align: justify;\">La inscripci\u00f3n en el AIRE debe ser efectuada \u00fanicamente a trav\u00e9s del portal <a href=\"https:\/\/serviziconsolari.esteri.it\/ScoFE\/index.sco\">FAST-IT<\/a>.<\/p>\n<p style=\"text-align: justify;\"><strong>\u00bfCu\u00e1les son las operaciones que ser\u00e1n efectuadas el d\u00eda del turno?<\/strong><\/p>\n<p style=\"text-align: justify;\">El d\u00eda del turno, el operador consular adquiere la documentaci\u00f3n indicada anteriormente, realiza el reconocimiento y verificaci\u00f3n de la foto y adquiere las huellas dactilares y la firma. El d\u00eda del turno, se anular\u00e1 la carta de identidad precedente o CIE vigente, aunque el solicitante no disponga de ning\u00fan otro documento de identidad. Por lo tanto, es aconsejable, si el solicitante no dispone de otro documento de identidad v\u00e1lido, comunicarlo al operador.<\/p>\n<p style=\"text-align: justify;\"><strong>\u00bfDebo solicitar una nueva tarjeta si cambio mi domicilio?<\/strong><\/p>\n<p style=\"text-align: justify;\">No. La CIE es un documento de identidad y no de residencia.<\/p>\n<p style=\"text-align: justify;\"><strong>\u00bfPuedo solicitar un documento de identidad en mi municipio en Italia, incluso si vivo en el extranjero?<\/strong><\/p>\n<p style=\"text-align: justify;\">El ciudadano deber\u00e1 consultar al municipio en Italia.<\/p>\n","protected":false},"excerpt":{"rendered":"\u00bfC\u00f3mo me inscribo en el AIRE? La inscripci\u00f3n en el AIRE debe ser efectuada \u00fanicamente a trav\u00e9s del portal FAST-IT. \u00bfCu\u00e1les son las operaciones que ser\u00e1n efectuadas el d\u00eda del turno? El d\u00eda del turno, el operador consular adquiere la documentaci\u00f3n indicada anteriormente, realiza el reconocimiento y verificaci\u00f3n de la foto y adquiere las huellas [&hellip;]","protected":false},"author":5,"featured_media":0,"parent":4494,"menu_order":0,"comment_status":"closed","ping_status":"closed","template":"","meta":{"footnotes":""},"class_list":["post-4548","page","type-page","status-publish","hentry"],"_links":{"self":[{"href":"https:\/\/consrosario.esteri.it\/es\/wp-json\/wp\/v2\/pages\/4548","targetHints":{"allow":["GET"]}}],"collection":[{"href":"https:\/\/consrosario.esteri.it\/es\/wp-json\/wp\/v2\/pages"}],"about":[{"href":"https:\/\/consrosario.esteri.it\/es\/wp-json\/wp\/v2\/types\/page"}],"author":[{"embeddable":true,"href":"https:\/\/consrosario.esteri.it\/es\/wp-json\/wp\/v2\/users\/5"}],"replies":[{"embeddable":true,"href":"https:\/\/consrosario.esteri.it\/es\/wp-json\/wp\/v2\/comments?post=4548"}],"version-history":[{"count":1,"href":"https:\/\/consrosario.esteri.it\/es\/wp-json\/wp\/v2\/pages\/4548\/revisions"}],"predecessor-version":[{"id":4549,"href":"https:\/\/consrosario.esteri.it\/es\/wp-json\/wp\/v2\/pages\/4548\/revisions\/4549"}],"up":[{"embeddable":true,"href":"https:\/\/consrosario.esteri.it\/es\/wp-json\/wp\/v2\/pages\/4494"}],"wp:attachment":[{"href":"https:\/\/consrosario.esteri.it\/es\/wp-json\/wp\/v2\/media?parent=4548"}],"curies":[{"name":"wp","href":"https:\/\/api.w.org\/{rel}","templated":true}]}}