{"id":4587,"date":"2024-05-19T23:33:42","date_gmt":"2024-05-20T02:33:42","guid":{"rendered":"https:\/\/consrosario.esteri.it\/chi-siamo\/contatti\/netiquette-social-media\/"},"modified":"2024-05-19T23:57:42","modified_gmt":"2024-05-20T02:57:42","slug":"netiquette-social-media","status":"publish","type":"page","link":"https:\/\/consrosario.esteri.it\/es\/chi-siamo\/contatti\/netiquette-social-media\/","title":{"rendered":"Netiquetas para nuestras redes sociales"},"content":{"rendered":"<p style=\"text-align: justify;\">Este Consulado General utiliza las redes sociales con fines institucionales para aumentar la transparencia y el conocimiento de sus actividades: informa, comunica, escucha y publica contenidos de car\u00e1cter institucional.<\/p>\n<table style=\"width: 277px; height: 58px;\" border=\"0\">\n<tbody>\n<tr>\n<td><a href=\"http:\/\/x.com\/italyinrosario\"><img loading=\"lazy\" decoding=\"async\" class=\"img-fluid alignnone wp-image-3477\" src=\"https:\/\/consrosario.esteri.it\/wp-content\/uploads\/2024\/02\/x.png\" alt=\"\" width=\"50\" height=\"50\" srcset=\"https:\/\/consrosario.esteri.it\/wp-content\/uploads\/2024\/02\/x.png 199w, https:\/\/consrosario.esteri.it\/wp-content\/uploads\/2024\/02\/x-150x150.png 150w\" sizes=\"auto, (max-width: 50px) 100vw, 50px\" \/><\/a><\/td>\n<td><a href=\"https:\/\/www.instagram.com\/italyinrosario\/\" target=\"_blank\" rel=\"noopener\"><img loading=\"lazy\" decoding=\"async\" class=\"alignnone size-full wp-image-291 img-fluid\" src=\"https:\/\/consrosario.esteri.it\/wp-content\/uploads\/2023\/05\/ig.jpg\" alt=\"\" width=\"50\" height=\"50\" srcset=\"https:\/\/consrosario.esteri.it\/wp-content\/uploads\/2023\/05\/ig.jpg 163w, https:\/\/consrosario.esteri.it\/wp-content\/uploads\/2023\/05\/ig-150x150.jpg 150w\" sizes=\"auto, (max-width: 50px) 100vw, 50px\" \/><\/a><\/td>\n<td><a href=\"https:\/\/www.facebook.com\/italyinrosario\" target=\"_blank\" rel=\"noopener\"><img loading=\"lazy\" decoding=\"async\" class=\"alignnone size-full wp-image-289 img-fluid\" src=\"https:\/\/consrosario.esteri.it\/wp-content\/uploads\/2023\/05\/fb.jpg\" alt=\"\" width=\"50\" height=\"50\" srcset=\"https:\/\/consrosario.esteri.it\/wp-content\/uploads\/2023\/05\/fb.jpg 163w, https:\/\/consrosario.esteri.it\/wp-content\/uploads\/2023\/05\/fb-150x150.jpg 150w\" sizes=\"auto, (max-width: 50px) 100vw, 50px\" \/><\/a><\/td>\n<td><a href=\"https:\/\/wa.me\/5493412587798\" target=\"_blank\" rel=\"noopener\"><img loading=\"lazy\" decoding=\"async\" class=\"alignnone size-full wp-image-295 img-fluid\" src=\"https:\/\/consrosario.esteri.it\/wp-content\/uploads\/2023\/05\/wa.jpg\" alt=\"\" width=\"50\" height=\"50\" srcset=\"https:\/\/consrosario.esteri.it\/wp-content\/uploads\/2023\/05\/wa.jpg 163w, https:\/\/consrosario.esteri.it\/wp-content\/uploads\/2023\/05\/wa-150x150.jpg 150w\" sizes=\"auto, (max-width: 50px) 100vw, 50px\" \/><\/a><\/td>\n<td><a href=\"https:\/\/www.threads.net\/@italyinrosario\"><img loading=\"lazy\" decoding=\"async\" class=\"img-fluid alignnone wp-image-3482\" src=\"https:\/\/consrosario.esteri.it\/wp-content\/uploads\/2024\/02\/threads.png\" alt=\"\" width=\"50\" height=\"50\" srcset=\"https:\/\/consrosario.esteri.it\/wp-content\/uploads\/2024\/02\/threads.png 199w, https:\/\/consrosario.esteri.it\/wp-content\/uploads\/2024\/02\/threads-150x150.png 150w\" sizes=\"auto, (max-width: 50px) 100vw, 50px\" \/><\/a><\/td>\n<td><a href=\"https:\/\/www.youtube.com\/@italyinrosario\"><img loading=\"lazy\" decoding=\"async\" class=\"img-fluid alignnone wp-image-3482\" src=\"https:\/\/consrosario.esteri.it\/wp-content\/uploads\/2024\/05\/yt.png\" alt=\"\" width=\"50\" height=\"50\" \/><\/a><\/td>\n<\/tr>\n<\/tbody>\n<\/table>\n<p style=\"text-align: justify;\">Los contenidos publicados incluyen fotograf\u00edas, videos institucionales, comunicados de prensa, informaci\u00f3n de servicio, noticias relacionadas con las actividades de esta sede, as\u00ed como oportunidades de participaci\u00f3n e involucramiento ciudadano. Los datos personales se utilizan conforme a la normativa sobre protecci\u00f3n de datos.<\/p>\n<p style=\"text-align: justify;\">A trav\u00e9s de sus canales sociales, esta Sede puede compartir y promocionar contenidos y mensajes de inter\u00e9s p\u00fablico y utilidad publicados por otros usuarios.<\/p>\n<p style=\"text-align: justify;\">Este Consulado General se compromete a gestionar espacios de comunicaci\u00f3n y di\u00e1logo en sus perfiles de redes sociales, pidiendo a sus usuarios que respeten algunas reglas simples:<\/p>\n<ul style=\"text-align: justify;\">\n<li>A todos se les pide expresar su opini\u00f3n con correcci\u00f3n, moderaci\u00f3n y respeto.<\/li>\n<li>En las redes sociales, cada persona es responsable de los contenidos que publica y de las opiniones que expresa. Sin embargo, no se tolerar\u00e1n insultos, vulgaridades, ofensas, amenazas y, en general, actitudes violentas o difamatorias.<\/li>\n<li>Los contenidos publicados deben respetar siempre la protecci\u00f3n de datos personales. Deben evitarse referencias a hechos o detalles sin relevancia p\u00fablica y que puedan da\u00f1ar la esfera personal de terceros.<\/li>\n<li>El inter\u00e9s de los temas respecto a las actividades de esta Sede es un requisito esencial: no se puede utilizar estos espacios para fines distintos a los institucionales.<\/li>\n<li>Cada discusi\u00f3n est\u00e1 vinculada a un tema espec\u00edfico: se solicita a todos los participantes respetarlo, evitando ampliar la discusi\u00f3n de manera gen\u00e9rica e indiscriminada.<\/li>\n<li>No se tolerar\u00e1 ninguna forma de publicidad, spam o promoci\u00f3n de intereses privados o actividades ilegales.<\/li>\n<li>No se permiten contenidos que violen los derechos de autor ni el uso no autorizado de marcas registradas.<\/li>\n<\/ul>\n<p style=\"text-align: justify;\">En cualquier caso, donde la red social lo permita, el personal eliminar\u00e1 todos los posts, comentarios o materiales de audio\/video que:<\/p>\n<ul style=\"text-align: justify;\">\n<li>Presenten un lenguaje inapropiado y\/o un tono amenazante, violento, vulgar o irrespetuoso.<\/li>\n<li>Contengan contenidos il\u00edcitos o que inciten a realizar actividades il\u00edcitas.<\/li>\n<li>Tengan contenidos ofensivos, enga\u00f1osos, alarmantes, o que violen derechos de terceros.<\/li>\n<li>Divulguen datos e informaci\u00f3n personal o que puedan causar da\u00f1os o perjudicar la reputaci\u00f3n de terceros.<\/li>\n<li>Presenten contenidos obscenos, pornogr\u00e1ficos o pedopornogr\u00e1ficos, o que puedan ofender la sensibilidad de los usuarios.<\/li>\n<li>Contengan contenido discriminatorio por g\u00e9nero, raza, etnia, idioma, creencias religiosas, opiniones pol\u00edticas, orientaci\u00f3n sexual, edad, condiciones personales y sociales.<\/li>\n<li>Promuevan o apoyen actividades ilegales, que violen la protecci\u00f3n de los derechos de autor o que utilicen indebidamente una marca registrada.<\/li>\n<\/ul>\n<p style=\"text-align: justify;\">Para aquellos que violen repetidamente estas condiciones o las contenidas en las pol\u00edticas de las herramientas adoptadas, esta sede, en coherencia con la Pol\u00edtica de Redes Sociales del MAECI, se reserva el derecho de usar el baneo o bloqueo (cuando sea posible despu\u00e9s de una primera advertencia) para impedir m\u00e1s intervenciones, y de reportar al usuario a los responsables de la plataforma y, eventualmente, a las fuerzas del orden.<\/p>\n<p style=\"text-align: justify;\">Esta sede interact\u00faa, dentro de los l\u00edmites de sus recursos disponibles, con los usuarios a trav\u00e9s de sus perfiles en redes sociales. Sin embargo, estos no sustituyen los canales habituales de acceso del p\u00fablico a los servicios de informaci\u00f3n y asistencia. Es posible contactar con la sede como se indica en la <a href=\"https:\/\/consrosario.esteri.it\/es\/chi-siamo\/contatti\/\">secci\u00f3n dedicada de este sitio<\/a>.<\/p>\n","protected":false},"excerpt":{"rendered":"Este Consulado General utiliza las redes sociales con fines institucionales para aumentar la transparencia y el conocimiento de sus actividades: informa, comunica, escucha y publica contenidos de car\u00e1cter institucional. Los contenidos publicados incluyen fotograf\u00edas, videos institucionales, comunicados de prensa, informaci\u00f3n de servicio, noticias relacionadas con las actividades de esta sede, as\u00ed como oportunidades de participaci\u00f3n [&hellip;]","protected":false},"author":5,"featured_media":0,"parent":166,"menu_order":0,"comment_status":"closed","ping_status":"closed","template":"","meta":{"footnotes":""},"class_list":["post-4587","page","type-page","status-publish","hentry"],"_links":{"self":[{"href":"https:\/\/consrosario.esteri.it\/es\/wp-json\/wp\/v2\/pages\/4587","targetHints":{"allow":["GET"]}}],"collection":[{"href":"https:\/\/consrosario.esteri.it\/es\/wp-json\/wp\/v2\/pages"}],"about":[{"href":"https:\/\/consrosario.esteri.it\/es\/wp-json\/wp\/v2\/types\/page"}],"author":[{"embeddable":true,"href":"https:\/\/consrosario.esteri.it\/es\/wp-json\/wp\/v2\/users\/5"}],"replies":[{"embeddable":true,"href":"https:\/\/consrosario.esteri.it\/es\/wp-json\/wp\/v2\/comments?post=4587"}],"version-history":[{"count":3,"href":"https:\/\/consrosario.esteri.it\/es\/wp-json\/wp\/v2\/pages\/4587\/revisions"}],"predecessor-version":[{"id":4602,"href":"https:\/\/consrosario.esteri.it\/es\/wp-json\/wp\/v2\/pages\/4587\/revisions\/4602"}],"up":[{"embeddable":true,"href":"https:\/\/consrosario.esteri.it\/es\/wp-json\/wp\/v2\/pages\/166"}],"wp:attachment":[{"href":"https:\/\/consrosario.esteri.it\/es\/wp-json\/wp\/v2\/media?parent=4587"}],"curies":[{"name":"wp","href":"https:\/\/api.w.org\/{rel}","templated":true}]}}