{"id":499,"date":"2023-05-29T21:58:33","date_gmt":"2023-05-30T00:58:33","guid":{"rendered":"https:\/\/consrosario.esteri.it\/?page_id=499"},"modified":"2026-01-22T14:57:50","modified_gmt":"2026-01-22T17:57:50","slug":"avvisi-notifiche-bandi-decreti-graduatorie","status":"publish","type":"page","link":"https:\/\/consrosario.esteri.it\/es\/servizi-consolari-e-visti\/servizi-per-il-cittadino-italiano\/altri-servizi\/albo-consolare\/avvisi-notifiche-bandi-decreti-graduatorie\/","title":{"rendered":"Avvisi &#8211; Notifiche &#8211; Bandi &#8211; Decreti &#8211; Graduatorie"},"content":{"rendered":"<p><span style=\"text-decoration: underline;\"><strong>2026<\/strong><\/span><br \/>\n22\/01\/2026 &#8211; <a href=\"https:\/\/consrosario.esteri.it\/wp-content\/uploads\/2026\/01\/6_AVVISO-DI-DEPOSITO-DEL-22012026.pdf\">Avviso di deposito ai sensi dell&#8217;Art. 143 C.P.C.<\/a><\/p>\n<p><span style=\"text-decoration: underline;\"><strong>2025<\/strong><\/span><br \/>\n16\/12\/2025 &#8211; <a href=\"https:\/\/consrosario.esteri.it\/wp-content\/uploads\/2025\/12\/AVVISO-DI-DEPOSITO-DEL-16122025-PROT-34776.pdf\">Avviso di deposito ai sensi dell&#8217;Art. 143 C.P.C. <\/a>[Pubblicato dal 16\/12\/2025 al 06\/01\/2026 &#8211; <a href=\"https:\/\/consrosario.esteri.it\/wp-content\/uploads\/2026\/01\/5_DICHIARAZIONE-DI-ESEGUITA-PUBBLICAZIONE-16122025.pdf\">Dichiarazione di eseguita pubblicazione<\/a>]<br \/>\n21\/11\/2025 &#8211; Avviso di deposito ai sensi dell&#8217;Art. 143 C.P.C. [Pubblicato dal 21\/11\/2025 all&#8217;11\/12\/2025 &#8211; <a href=\"https:\/\/consrosario.esteri.it\/wp-content\/uploads\/2025\/12\/DICH-DI-ESEGUITA-PUBBLICAZIONE-21112025.pdf\">Dichiarazione di eseguita pubblicazione<\/a>]<br \/>\n06\/11\/2025 &#8211; Avviso di deposito ai sensi dell&#8217;Art. 143 C.P.C. [Pubblicato dal 06\/11\/2025 al 26\/11\/2025 &#8211; <a href=\"https:\/\/consrosario.esteri.it\/wp-content\/uploads\/2025\/12\/DICH-DI-ESEGUITA-PUBBLICAZIONE-06112025.pdf\">Dichiarazione di eseguita pubblicazione<\/a>]<br \/>\n15\/10\/2025 &#8211; Avviso di deposito ai sensi dell&#8217;Art. 143 C.P.C. [Pubblicato dal 15\/10\/2025 al 05\/11\/2025 &#8211; <a href=\"https:\/\/consrosario.esteri.it\/wp-content\/uploads\/2025\/11\/Dichiarazione0511.pdf\">Dichiarazione di eseguita pubblicazione<\/a>]<br \/>\n05\/09\/2025 &#8211; Avviso di deposito ai sensi dell&#8217;Art. 143 C.P.C. [Pubblicato dal 05\/09\/2025 al 29\/09\/2025 &#8211; <a href=\"https:\/\/consrosario.esteri.it\/wp-content\/uploads\/2025\/11\/Dichiarazione2909.pdf\">Dichiarazione di eseguita pubblicazione<\/a>]<\/p>\n<p><span style=\"text-decoration: underline;\"><strong>2024<\/strong><\/span><br \/>\n23\/02\/2024 &#8211; <a href=\"https:\/\/consrosario.esteri.it\/wp-content\/uploads\/2024\/02\/Decreto-Tasso-Ragguaglio-1-marzo.pdf\">Decreto consolare 04\/2024 &#8211; ragguaglio del peso argentino con l&#8217;euro\u00a0<\/a><br \/>\n08\/02\/2024 &#8211; <a href=\"https:\/\/consrosario.esteri.it\/wp-content\/uploads\/2024\/02\/SKM_C22624020815310.pdf\">Decreto consolare 03\/2024 &#8211; Ragguaglio del peso argentino con l&#8217;euro<\/a><br \/>\n25\/01\/2024 &#8211; <a href=\"https:\/\/consrosario.esteri.it\/wp-content\/uploads\/2024\/01\/SKM_C22624012511120.pdf\">Decreto consolare 01\/2024 &#8211; Ragguaglio del peso argentino con l&#8217;euro<\/a><\/p>\n<p><span style=\"text-decoration: underline;\"><strong>2023<\/strong><\/span><br \/>\n11\/12\/2023 &#8211; <a href=\"https:\/\/consrosario.esteri.it\/wp-content\/uploads\/2023\/12\/DECRETO-AGGIUDICAZIONE-GARA.pdf\">Decreto consolare 14\/2023 di approvazione dell&#8217;aggiudicazione &#8211; CIG A01AB3AFC9<\/a><\/p>\n<p>06\/12\/2023 &#8211; <a href=\"https:\/\/consrosario.esteri.it\/it\/news\/dal_consolato\/2023\/12\/licitacion-para-la-adjudicacion-del-servicio-de-provision-de-personal-tercerizado-para-el-desarrollo-de-tareas-administrativas-digitalizacion-de-los-expedientes-ingreso-y-actualizacion-de-d\/\">Licitaci\u00f3n para la adjudicaci\u00f3n del \u201cServicio de provisi\u00f3n de personal tercerizado para el desarrollo de tareas administrativas, digitalizaci\u00f3n de los expedientes, ingreso y actualizaci\u00f3n de datos y actividad informativa de car\u00e1cter general &#8211; CIG A01AB3AFC9 &#8211; Atribuci\u00f3n final de las puntuaciones<\/a><\/p>\n<p>21\/11\/2023 &#8211; <a href=\"https:\/\/consrosario.esteri.it\/es\/news\/dal_consolato\/2023\/11\/concorso-assunzione-no-2-due-impiegati-e-a-contratto-da-adibire-ai-servizi-di-assistente-amministrativo-presso-il-consolato-generale-ditalia-in-rosario\/\">Concorso assunzione n\u00ba 2 (due) impiegati\/e a contratto da adibire ai servizi di assistente amministrativo presso il Consolato Generale d&#8217;Italia in Rosario<\/a><\/p>\n<p>07\/11\/2023 &#8211; <a href=\"https:\/\/consrosario.esteri.it\/wp-content\/uploads\/2023\/11\/decreto12-23.pdf\">Decreto consolare N. 12\/2023 &#8211; Ragguaglio del peso argentino con l&#8217;euro<\/a><\/p>\n<p style=\"text-align: justify;\">06\/10\/2023 &#8211; <a href=\"https:\/\/consrosario.esteri.it\/es\/news\/dal_consolato\/2023\/10\/aviso-publico-de-manifestaciones-de-interes-para-participar-al-procedimiento-de-licitacion-negociado-para-la-adjudicacion-del-servicio-de-personal-tercerizado-para-el-reforzamiento-de-los-ser\/\">Aviso p\u00fablico de manifestaciones de inter\u00e9s para participar al procedimiento de licitaci\u00f3n negociado para la adjudicaci\u00f3n del \u201cServicio de Personal Tercerizado para el Reforzamiento de los Servicios Consulares para el a\u00f1o 2024\u201d<\/a><\/p>\n<p>10\/08\/2023 &#8211; <a href=\"https:\/\/consrosario.esteri.it\/wp-content\/uploads\/2023\/08\/decreto_tasso-1.pdf\">Decreto consolare N. 08\/2023 &#8211; Ragguaglio del peso argentino con l&#8217;euro<\/a><\/p>\n<p>29\/05\/2023 &#8211;\u00a0<a href=\"https:\/\/consrosario.esteri.it\/consolato_rosario\/resource\/doc\/2023\/05\/decreto_annullamento_gara.pdf\">Decreto N. 7\/2023 &#8211; Annullamento in autotutela della procedura per affidamento di servizi di Call Center, CIG ZF63A39CC6, nonch\u00e9 di tutti gli atti conness<\/a>i.<\/p>\n<p>28\/04\/2023 &#8211;\u00a0<a href=\"https:\/\/consrosario.esteri.it\/consolato_rosario\/resource\/doc\/2023\/04\/atribucion_puntuaciones_finales.pdf\">Licitaci\u00f3n para la adjudicaci\u00f3n del servicio de Call Center para el a\u00f1o 2023 &#8211; CIG: ZF63A39CC6 &#8211; Atribucion final de las puntuaciones<\/a>.<\/p>\n<p>01\/02\/2023 &#8211;\u00a0<a href=\"https:\/\/consrosario.esteri.it\/consolato_rosario\/resource\/doc\/2023\/02\/decreto_aggiudicazione.pdf\">Decreto Aggiudicazione Definitiva Procedura Negoziata Senza Previa Pubblicazione del Bando di Gara per Servizio di somministrazione di personale interinale per l&#8217;anno 2023 &#8211; CIG 95603813FB<\/a><\/p>\n<p>27\/01\/2023 &#8211;\u00a0<a href=\"https:\/\/consrosario.esteri.it\/consolato_rosario\/resource\/doc\/2023\/01\/atribucion_puntuaciones_finales.pdf\">Aggiudicazione Provvisoria Procedura Negoziata Senza Previa Pubblicazione del Bando di Gara per Servizio di somministrazione di personale interinale per l&#8217;anno 2023 &#8211; CIG 95603813FB<\/a><\/p>\n<p><span style=\"text-decoration: underline;\"><strong>2022<\/strong><\/span><br \/>\n20\/10\/2022 &#8211;\u00a0<a href=\"https:\/\/consrosario.esteri.it\/consolato_rosario\/resource\/doc\/2022\/10\/decreto-25-2022.pdf\">Decreto consolare 25\/2022 &#8211; Dimissione membro del Com.It.Es. Sig. Franco Tirelli e sostituzione con il primo candidato non eletto della lista MAIE con MIRELLA, Sig. Carlos Maini<\/a>.<\/p>\n<p>17\/10\/2022 &#8211;\u00a0<a href=\"https:\/\/consrosario.esteri.it\/consolato_rosario\/it\/la_comunicazione\/dal_consolato\/2022\/10\/aviso-publico-de-manifestaciones.html\">Aviso p\u00fablico de manifestaci\u00f3n de inter\u00e9s para la participaci\u00f3n en un procedimiento de negociaci\u00f3n para la adjudicaci\u00f3n del \u201cServicio de Personal Tercerizado para el Reforzamiento de los Servicios Consulares para el a\u00f1o 2023\u201d<\/a><\/p>\n<p>21\/09\/2022 &#8211;\u00a0<a href=\"https:\/\/consrosario.esteri.it\/consolato_rosario\/resource\/doc\/2022\/09\/notifiche21-09-22.pdf\">Notifiche conferimento della cittadinanza italiana<\/a><\/p>\n<p>28\/07\/2022 &#8211;\u00a0<a href=\"https:\/\/consrosario.esteri.it\/consolato_rosario\/it\/la_comunicazione\/dal_consolato\/2022\/07\/a-v-v-i-s-o-procedura-di-selezione.html\">Avviso procedura di selezione di 1 (un) impegato \/a da adibire ai servizi di Asssistente Amministrativo con contratto a tempo determinato<\/a><\/p>\n<p><span style=\"text-decoration: underline;\"><strong>2021<\/strong><\/span><br \/>\n07\/12\/2021 &#8211;\u00a0<a href=\"https:\/\/consrosario.esteri.it\/consolato_rosario\/resource\/doc\/2021\/12\/decreto_89479913c4.pdf\">Decreto di approvazione nell&#8217;aggiudicazione e del contratto &#8211; CIG 89479913C4<\/a><\/p>\n<p>06\/12\/2021 &#8211;\u00a0<a href=\"https:\/\/consrosario.esteri.it\/consolato_rosario\/resource\/doc\/2021\/12\/verbale_riunione_6-12-21_con_risultati.pdf\">Avviso &#8211; Elezioni Com.It.Es. Risultati<\/a><\/p>\n<p>03\/12\/2021 &#8211;\u00a0<a href=\"https:\/\/consrosario.esteri.it\/consolato_rosario\/resource\/doc\/2021\/12\/decreto16.pdf\">Decreto consolare n. 16\/2021 &#8211; Elezioni Comites 2021 &#8211; Nomina Presidente seggio 3<\/a><\/p>\n<p>23\/11\/2021 &#8211;\u00a0<a href=\"https:\/\/consrosario.esteri.it\/consolato_rosario\/resource\/doc\/2021\/11\/decreto_seggi.pdf\">Decreto consolare n. 15\/2021 &#8211; Decreto di costituzione dei seggi elettorali<\/a><\/p>\n<p>19\/10\/2021 &#8211;\u00a0<a href=\"https:\/\/consrosario.esteri.it\/consolato_rosario\/it\/la_comunicazione\/dal_consolato\/2021\/10\/aviso-publico-de-manifestacion_0.html\">Aviso p\u00fablico de manifestaci\u00f3n de inter\u00e9s para la participaci\u00f3n en un procedimiento negociado<\/a><\/p>\n<p>08\/10\/2021 &#8211;\u00a0<a href=\"https:\/\/consrosario.esteri.it\/consolato_rosario\/resource\/doc\/2021\/10\/dedreto_13-2021.pdf\">Decreto consolare n. 13\/2021 &#8211; Costituzione Comitato Elettorale Circoscrizionale &#8211; Elezioni Com.It.Es.<\/a><\/p>\n<p>03\/09\/2021 &#8211;\u00a0<a href=\"https:\/\/consrosario.esteri.it\/consolato_rosario\/resource\/doc\/2021\/09\/decreto_indizione.pdf\">Decreto consolare n. 10\/2021 &#8211; Indizione elezioni Com.It.Es.<\/a><\/p>\n","protected":false},"excerpt":{"rendered":"2026 22\/01\/2026 &#8211; Avviso di deposito ai sensi dell&#8217;Art. 143 C.P.C. 2025 16\/12\/2025 &#8211; Avviso di deposito ai sensi dell&#8217;Art. 143 C.P.C. [Pubblicato dal 16\/12\/2025 al 06\/01\/2026 &#8211; Dichiarazione di eseguita pubblicazione] 21\/11\/2025 &#8211; Avviso di deposito ai sensi dell&#8217;Art. 143 C.P.C. [Pubblicato dal 21\/11\/2025 all&#8217;11\/12\/2025 &#8211; Dichiarazione di eseguita pubblicazione] 06\/11\/2025 &#8211; Avviso di [&hellip;]","protected":false},"author":5,"featured_media":0,"parent":221,"menu_order":0,"comment_status":"closed","ping_status":"closed","template":"","meta":{"footnotes":""},"class_list":["post-499","page","type-page","status-publish","hentry"],"_links":{"self":[{"href":"https:\/\/consrosario.esteri.it\/es\/wp-json\/wp\/v2\/pages\/499","targetHints":{"allow":["GET"]}}],"collection":[{"href":"https:\/\/consrosario.esteri.it\/es\/wp-json\/wp\/v2\/pages"}],"about":[{"href":"https:\/\/consrosario.esteri.it\/es\/wp-json\/wp\/v2\/types\/page"}],"author":[{"embeddable":true,"href":"https:\/\/consrosario.esteri.it\/es\/wp-json\/wp\/v2\/users\/5"}],"replies":[{"embeddable":true,"href":"https:\/\/consrosario.esteri.it\/es\/wp-json\/wp\/v2\/comments?post=499"}],"version-history":[{"count":6,"href":"https:\/\/consrosario.esteri.it\/es\/wp-json\/wp\/v2\/pages\/499\/revisions"}],"predecessor-version":[{"id":11607,"href":"https:\/\/consrosario.esteri.it\/es\/wp-json\/wp\/v2\/pages\/499\/revisions\/11607"}],"up":[{"embeddable":true,"href":"https:\/\/consrosario.esteri.it\/es\/wp-json\/wp\/v2\/pages\/221"}],"wp:attachment":[{"href":"https:\/\/consrosario.esteri.it\/es\/wp-json\/wp\/v2\/media?parent=499"}],"curies":[{"name":"wp","href":"https:\/\/api.w.org\/{rel}","templated":true}]}}