{"id":549,"date":"2023-05-30T18:41:19","date_gmt":"2023-05-30T16:41:19","guid":{"rendered":"https:\/\/consrosario.esteri.it\/servizi-consolari-e-visti\/servizi-per-il-cittadino-italiano\/assistenza-ai-cittadini-allestero\/rimpatrio-sanitario\/"},"modified":"2023-05-30T18:43:02","modified_gmt":"2023-05-30T16:43:02","slug":"rimpatrio-sanitario","status":"publish","type":"page","link":"https:\/\/consrosario.esteri.it\/es\/servizi-consolari-e-visti\/servizi-per-il-cittadino-italiano\/assistenza-ai-cittadini-allestero\/rimpatrio-sanitario\/","title":{"rendered":"Repatriaci\u00f3n sanitara"},"content":{"rendered":"<p style=\"text-align: justify;\">Un sector particularmente delicado de la asistencia a los ciudadanos italianos en el exterior tiene que ver con la repatriaci\u00f3n de compatriotas que se encuentran en el extranjero en situaciones de graves dificultades que no pueden superarse en el lugar. Las intervenciones del Ministerio de Relaciones Exteriores y de la Cooperaci\u00f3n Internacional italiano, en colaboraci\u00f3n con los entes<br \/>\nterritorialmente competentes contemplan:<\/p>\n<ul style=\"text-align: justify;\">\n<li>compatriotas emigrados que se encuentran en la necesidad de volver a Italia definitivamente por motivos econ\u00f3micos o sanitarios;<\/li>\n<li>menores en estado de abandono;<\/li>\n<li>enfermos mentales (es necesaria la presencia de uno o m\u00e1s acompa\u00f1antes calificados y la disponibilidad de hospitales especializados);<\/li>\n<li>ciudadanos italianos que finalizan una condena o expulsados;<\/li>\n<li>ancianos solos, para los cuales se solicita la internaci\u00f3n permanente en hogares en Italia;<\/li>\n<li>enfermos graves que no pueden ser tratados en el lugar por falta de estructuras id\u00f3neas.<\/li>\n<\/ul>\n<p style=\"text-align: justify;\">Las repatriaciones a cargo del Estado se limitan a los casos de comprobada indigencia certificada por la Representaci\u00f3n diplom\u00e1tica-consular. En los otros casos la repatriaci\u00f3n se concreta s\u00f3lo despu\u00e9s de la suscripci\u00f3n de pr\u00e9stamos con promesa de restituci\u00f3n al Estado.<\/p>\n","protected":false},"excerpt":{"rendered":"Un sector particularmente delicado de la asistencia a los ciudadanos italianos en el exterior tiene que ver con la repatriaci\u00f3n de compatriotas que se encuentran en el extranjero en situaciones de graves dificultades que no pueden superarse en el lugar. Las intervenciones del Ministerio de Relaciones Exteriores y de la Cooperaci\u00f3n Internacional italiano, en colaboraci\u00f3n [&hellip;]","protected":false},"author":5,"featured_media":0,"parent":203,"menu_order":2,"comment_status":"closed","ping_status":"closed","template":"","meta":{"footnotes":""},"class_list":["post-549","page","type-page","status-publish","hentry"],"_links":{"self":[{"href":"https:\/\/consrosario.esteri.it\/es\/wp-json\/wp\/v2\/pages\/549","targetHints":{"allow":["GET"]}}],"collection":[{"href":"https:\/\/consrosario.esteri.it\/es\/wp-json\/wp\/v2\/pages"}],"about":[{"href":"https:\/\/consrosario.esteri.it\/es\/wp-json\/wp\/v2\/types\/page"}],"author":[{"embeddable":true,"href":"https:\/\/consrosario.esteri.it\/es\/wp-json\/wp\/v2\/users\/5"}],"replies":[{"embeddable":true,"href":"https:\/\/consrosario.esteri.it\/es\/wp-json\/wp\/v2\/comments?post=549"}],"version-history":[{"count":0,"href":"https:\/\/consrosario.esteri.it\/es\/wp-json\/wp\/v2\/pages\/549\/revisions"}],"up":[{"embeddable":true,"href":"https:\/\/consrosario.esteri.it\/es\/wp-json\/wp\/v2\/pages\/203"}],"wp:attachment":[{"href":"https:\/\/consrosario.esteri.it\/es\/wp-json\/wp\/v2\/media?parent=549"}],"curies":[{"name":"wp","href":"https:\/\/api.w.org\/{rel}","templated":true}]}}