{"id":554,"date":"2023-05-30T18:54:46","date_gmt":"2023-05-30T16:54:46","guid":{"rendered":"https:\/\/consrosario.esteri.it\/servizi-consolari-e-visti\/servizi-per-il-cittadino-italiano\/assistenza-ai-cittadini-allestero\/protezione-consolare\/"},"modified":"2023-05-30T18:57:55","modified_gmt":"2023-05-30T16:57:55","slug":"protezione-consolare","status":"publish","type":"page","link":"https:\/\/consrosario.esteri.it\/es\/servizi-consolari-e-visti\/servizi-per-il-cittadino-italiano\/assistenza-ai-cittadini-allestero\/protezione-consolare\/","title":{"rendered":"Protecci\u00f3n consular"},"content":{"rendered":"<p style=\"text-align: justify;\">En el \u00e1mbito de la protecci\u00f3n y la asistencia consular las intervenciones m\u00e1s frecuentes se relacionan con los ciudadanos italianos que se ven involucrados en accidentes o que incurren en problemas con la justicia local; la repatriaci\u00f3n de restos de ciudadanos italianos fallecidos en el exterior;la b\u00fasqueda de compatriotas de los cuales no se tienen noticias; \u00a0la asistencia a padres italianos a los cuales el c\u00f3nyuge extranjero (o doble ciudadano) haya sustra\u00eddo un hijo llev\u00e1ndolo consigo al exterior.<\/p>\n<p style=\"text-align: justify;\">En el caso de accidentes ocurridos en el exterior las Representaciones diplom\u00e1tico-consulares se aseguran que los ciudadanos reciban en el lugar adecuados tratamientos m\u00e9dicos, que se informe debidamente a los familiares y que se les asista en caso de necesitar un traslado a Italia.<\/p>\n<p style=\"text-align: justify;\">Cuando un connacional sea arrestado en un Pa\u00eds extranjero el Consulado puede:<\/p>\n<p style=\"text-align: justify;\">&#8211; efectuar visitas consulares al detenido;<br \/>\n&#8211; indicar un posible abogado;<br \/>\n&#8211; mantener contactos con la familia en Italia;<br \/>\n&#8211; asegurar al detenido, en cuanto necesario y permitido por las normas locales, asistencia m\u00e9dica, alimentos, libros y diarios;<br \/>\n&#8211; intervenir para el traslado a Italia en el caso que el compatriota sea detenido en Pa\u00edses adherentes a la Convenci\u00f3n de Estrasburgo sobre el traslado de los detenidos o a acuerdos bilaterales espec\u00edficos;<br \/>\n&#8211; intervenir, en situaciones particulares, para apoyar solicitudes de gracia en casos humanitarios.<\/p>\n<p style=\"text-align: justify;\">El Consulado General no puede:<br \/>\n&#8211; intervenir en juicios por cuenta del compatriota;<br \/>\n&#8211; pagar los gastos legales del detenido.<\/p>\n<p style=\"text-align: justify;\">Sustracci\u00f3n internacional de menores<\/p>\n<p style=\"text-align: justify;\">La problem\u00e1tica de la sustracci\u00f3n internacional de menores asumi\u00f3 en los \u00faltimos tiempos una particular relevancia por el aumento de las separaciones, generalmente conflictivas, entre personas de distinta o de doble ciudadan\u00eda como as\u00ed tambi\u00e9n por la gran sensibilidad que genera este problema en nuestro Pa\u00eds.<\/p>\n<p style=\"text-align: justify;\">El \u00fanico instrumento legal a disposici\u00f3n del progenitor italiano para la recuperaci\u00f3n del menor es la Convenci\u00f3n de la Haya del 25.10.1980 (la Autoridad central para Italia es el Departamento de Justicia del Menor dependiente del Ministerio de Justicia). En caso de no aplicarse la Convenci\u00f3n, el Ministerio de Relaciones Exteriores interviene en funci\u00f3n de las caracter\u00edsticas espec\u00edficas de cada situaci\u00f3n.<\/p>\n<p style=\"text-align: justify;\">B\u00fasqueda de connacionales<\/p>\n<p style=\"text-align: justify;\">En base a la Ley 675\/96 sobre la reserva de los datos personales ning\u00fan ente p\u00fablico puede difundir informaci\u00f3n personal a otros ciudadanos sin el consentimiento de los interesados. Por lo tanto, una vez identificada la persona buscada, el Ministerio de Asuntos Exteriores solicita su autorizaci\u00f3n para informar a la persona que solicit\u00f3 los datos.<br \/>\nEn algunos Pa\u00edses, como por ejemplo los Estados Unidos de Am\u00e9rica, la ley sobre la reserva de datos personales no permite difundir en su territorio informaci\u00f3n personal. Por lo tanto, es necesario conocer la ley aplicable en cada teriitorio.<\/p>\n<p style=\"text-align: justify;\">Teniendo en cuenta los anteriores l\u00edmites normativos es posible activar una b\u00fasqueda en una de las siguientes formas:<\/p>\n<p style=\"text-align: justify;\">&#8211; enviando un fax a la Oficina IV de la Direcci\u00f3n General de los Italianos en el Exterior a los n\u00fameros: 06-36 918609 y 06-36918628;<br \/>\n&#8211; enviando un fax al Consulado General;<br \/>\n&#8211; llamando al n\u00famero 06-36912930 desde las 9.30 hasta las 16.00 horas especificando los datos personales del solicitante, de la persona que se busca y el motivo por el cual es necesario ubicarla.<\/p>\n","protected":false},"excerpt":{"rendered":"En el \u00e1mbito de la protecci\u00f3n y la asistencia consular las intervenciones m\u00e1s frecuentes se relacionan con los ciudadanos italianos que se ven involucrados en accidentes o que incurren en problemas con la justicia local; la repatriaci\u00f3n de restos de ciudadanos italianos fallecidos en el exterior;la b\u00fasqueda de compatriotas de los cuales no se tienen [&hellip;]","protected":false},"author":5,"featured_media":0,"parent":203,"menu_order":3,"comment_status":"closed","ping_status":"closed","template":"","meta":{"footnotes":""},"class_list":["post-554","page","type-page","status-publish","hentry"],"_links":{"self":[{"href":"https:\/\/consrosario.esteri.it\/es\/wp-json\/wp\/v2\/pages\/554","targetHints":{"allow":["GET"]}}],"collection":[{"href":"https:\/\/consrosario.esteri.it\/es\/wp-json\/wp\/v2\/pages"}],"about":[{"href":"https:\/\/consrosario.esteri.it\/es\/wp-json\/wp\/v2\/types\/page"}],"author":[{"embeddable":true,"href":"https:\/\/consrosario.esteri.it\/es\/wp-json\/wp\/v2\/users\/5"}],"replies":[{"embeddable":true,"href":"https:\/\/consrosario.esteri.it\/es\/wp-json\/wp\/v2\/comments?post=554"}],"version-history":[{"count":0,"href":"https:\/\/consrosario.esteri.it\/es\/wp-json\/wp\/v2\/pages\/554\/revisions"}],"up":[{"embeddable":true,"href":"https:\/\/consrosario.esteri.it\/es\/wp-json\/wp\/v2\/pages\/203"}],"wp:attachment":[{"href":"https:\/\/consrosario.esteri.it\/es\/wp-json\/wp\/v2\/media?parent=554"}],"curies":[{"name":"wp","href":"https:\/\/api.w.org\/{rel}","templated":true}]}}