{"id":5581,"date":"2024-10-02T12:22:01","date_gmt":"2024-10-02T15:22:01","guid":{"rendered":"https:\/\/consrosario.esteri.it\/servizi-consolari-e-visti\/servizi-per-il-cittadino-italiano\/stato-civile\/iscrizione-figli-minori-del-cittadino-italiano-trasmissione-di-atti-di-nascita-matrimonio-unione-civile-decesso-divorzio\/"},"modified":"2025-08-18T14:24:33","modified_gmt":"2025-08-18T17:24:33","slug":"iscrizione-figli-minori-del-cittadino-italiano-trasmissione-di-atti-di-nascita-matrimonio-unione-civile-decesso-divorzio","status":"publish","type":"page","link":"https:\/\/consrosario.esteri.it\/es\/servizi-consolari-e-visti\/servizi-per-il-cittadino-italiano\/stato-civile\/iscrizione-figli-minori-del-cittadino-italiano-trasmissione-di-atti-di-nascita-matrimonio-unione-civile-decesso-divorzio\/","title":{"rendered":"Transmisi\u00f3n de actas de estado civil: matrimonio, union civil, divorcio y defunci\u00f3n"},"content":{"rendered":"<p style=\"text-align: justify;\" data-start=\"48\" data-end=\"213\"><strong>Las transmisiones de actas de estado civil y sentencias de divorcio deben SIEMPRE enviarse a trav\u00e9s del Portal FAST IT utilizando las secciones correspondientes.<\/strong><\/p>\n<p style=\"text-align: justify;\">Para solicitar la transmisi\u00f3n de dichas actas es necesario:<\/p>\n<ul style=\"text-align: justify;\">\n<li>Estar inscrito en el Registro de este Consulado General;<\/li>\n<li>Estar registrado en el Portal FAST IT\u00a0<a href=\"https:\/\/youtu.be\/sgPkmQJS_3E\">https:\/\/youtu.be\/sgPkmQJS_3E<\/a>;<\/li>\n<li>Haber solicitado la visualizaci\u00f3n de su ficha consular\u00a0<a href=\"https:\/\/youtu.be\/IL1pwGrHouE\">https:\/\/youtu.be\/IL1pwGrHouE<\/a>.<\/li>\n<\/ul>\n<p style=\"text-align: justify;\">La informaci\u00f3n sobre el estado del tr\u00e1mite podr\u00e1 verificarse una vez que haya sido procesado por el operador, en la secci\u00f3n \u00ab\u00daltimas comunicaciones con el Consulado\u00bb dentro del Portal FAST IT.<\/p>\n<p style=\"text-align: justify;\"><u>Cualquier solicitud de informaci\u00f3n por correo electr\u00f3nico sobre el estado o resoluci\u00f3n del tr\u00e1mite no podr\u00e1 ser respondida, ya que la comunicaci\u00f3n con los usuarios interesados se realizar\u00e1 directamente a trav\u00e9s de la plataforma Fast-It y los tr\u00e1mites ser\u00e1n procesados\u00a0<\/u><strong>por orden cronol\u00f3gico de recepci\u00f3n de la documentaci\u00f3n completa<\/strong>.<\/p>\n<p style=\"text-align: justify;\">El servicio permite adjuntar hasta 10 (diez) archivos en formato PDF escaneados: no se aceptar\u00e1n actas fotografiadas (ni siquiera con aplicaciones como Cam Scanner o similares), descoloridas, oscuras, borrosas, con im\u00e1genes subyacentes, dobleces, varias p\u00e1ginas de un acto en un solo escaneo, etc. Se ruega utilizar la imagen siguiente como gu\u00eda para verificar si la documentaci\u00f3n ha sido escaneada de manera aceptable o no:<\/p>\n<p style=\"text-align: center;\"><img loading=\"lazy\" decoding=\"async\" class=\"alignnone wp-image-6154 img-fluid\" src=\"https:\/\/consrosario.esteri.it\/wp-content\/uploads\/2024\/10\/sino.jpg\" alt=\"\" width=\"602\" height=\"468\" srcset=\"https:\/\/consrosario.esteri.it\/wp-content\/uploads\/2024\/10\/sino.jpg 900w, https:\/\/consrosario.esteri.it\/wp-content\/uploads\/2024\/10\/sino-300x233.jpg 300w, https:\/\/consrosario.esteri.it\/wp-content\/uploads\/2024\/10\/sino-768x597.jpg 768w\" sizes=\"auto, (max-width: 602px) 100vw, 602px\" \/><\/p>\n<p>&nbsp;<\/p>\n<p style=\"text-align: justify;\"><strong>El tr\u00e1mite se considerar\u00e1 concluido en el momento en que se reciba una comunicaci\u00f3n con la inscripci\u00f3n \u201cRegistrada\u201d.<\/strong><\/p>\n<p style=\"text-align: justify;\">La documentaci\u00f3n deber\u00e1 ser siempre presentada en orden cronol\u00f3gico. Por ejemplo, si los padres est\u00e1n divorciados, antes de presentar la documentaci\u00f3n de los menores, deber\u00e1n presentar el acta de matrimonio en el Portal FAST IT. En caso de no haber cumplido con la presentaci\u00f3n de los actos a tiempo y mientras tanto hayan tenido lugar, por ejemplo, matrimonios, divorcios o nacimientos, se deber\u00e1 presentar la documentaci\u00f3n completa para regularizar la propia situaci\u00f3n.<\/p>\n<p style=\"text-align: justify;\">La documentaci\u00f3n solicitada para todas las actas deber\u00e1 SIEMPRE estar acompa\u00f1ada de:<\/p>\n<ul style=\"text-align: justify;\">\n<li><a href=\"https:\/\/consrosario.esteri.it\/wp-content\/uploads\/2025\/08\/DICHIARAZIONE-SOSTITUTIVA-DI-CERTIFICAZIONE-Anagrafe.pdf\"><strong>Autocertificaci\u00f3n debidamente completada y firmada<\/strong><\/a>\u00a0(en caso de que no se conozca el municipio de referencia en Italia, el campo correspondiente puede dejarse en blanco);<\/li>\n<li><strong>Copia del DNI frente\/dorso<\/strong>\u00a0de todos los miembros del n\u00facleo familiar (donde conste la misma direcci\u00f3n);<\/li>\n<li><strong>Comprobante de domicilio<\/strong><strong> en la circunscripci\u00f3n consular de Rosario<\/strong>: recibo de sueldo, comprobante de obra social, contrato de trabajo o de alquiler registrado en AFIP, certificado de asistencia escolar, recibo de jubilaci\u00f3n, inscripci\u00f3n en AFIP. No se aceptar\u00e1n: carnet de conducir, certificados de domicilio emitidos por la polic\u00eda o la oficina del registro civil, impuestos provinciales o municipales, incluidos los relacionados con veh\u00edculos;<\/li>\n<li><strong>Documentaci\u00f3n espec\u00edfica solicitada para transcripciones de actas de matrimonio, uni\u00f3n civil, divorcio y defunci\u00f3n.<\/strong>\u00a0Las actas y sentencias deben ser verificables online y acompa\u00f1adas de sus respectivas traducciones al italiano.<\/li>\n<\/ul>\n<p>&nbsp;<\/p>\n<p style=\"text-align: justify;\"><strong>ACTAS DE MATRIMONIO Y UNI\u00d3N CIVIL<\/strong><\/p>\n<p style=\"text-align: justify;\">Para la inscripci\u00f3n de un matrimonio o de una uni\u00f3n civil, se deber\u00e1 presentar adicionalmente la documentaci\u00f3n espec\u00edfica que se detalla a continuaci\u00f3n a trav\u00e9s de FAST IT, seleccionando la opci\u00f3n \u00abActa de matrimonio\u00bb o \u00abActa de uni\u00f3n civil\u00bb:<\/p>\n<ul style=\"text-align: justify;\">\n<li><strong>Acta de matrimonio verificable online<\/strong>\u00a0y acompa\u00f1ada de su respectiva traducci\u00f3n al italiano. Indicaciones adicionales sobre los requisitos de las actas est\u00e1n disponibles en la secci\u00f3n \u00abINDICACIONES SOBRE LAS ACTAS DIGITALES DE NACIMIENTO, MATRIMONIO Y DEFUNCI\u00d3N\u00bb y \u00abACTAS EMITIDOS POR OTROS PA\u00cdSES\u00bb.<\/li>\n<\/ul>\n<p style=\"text-align: justify;\">El matrimonio igualitario se transmite a Italia como una uni\u00f3n civil, ya que corresponde al mismo acto jur\u00eddico.<\/p>\n<p style=\"text-align: justify;\">Las actas convivenciales no deber\u00e1n ser presentadas.<\/p>\n<p>&nbsp;<\/p>\n<p style=\"text-align: justify;\"><strong>SENTENCIAS DE DIVORCIO<\/strong><\/p>\n<p style=\"text-align: justify;\">Para la inscripci\u00f3n de una sentencia de divorcio se deber\u00e1 presentar adicionalmente la documentaci\u00f3n espec\u00edfica que se detalla a continuaci\u00f3n a trav\u00e9s de FAST IT, seleccionando la opci\u00f3n \u00abOtras actas\u00bb:<\/p>\n<ul style=\"text-align: justify;\">\n<li><strong>Sentencia de divorcio vinculante original<\/strong>, autenticada por el tribunal competente, legalizada con Apostilla de La Haya DIGITAL y traducida al italiano con la firma del traductor LEGALIZADA y con Apostilla digital. Es decir: sentencia autenticada + Apostilla digital + traducci\u00f3n al italiano con firma legalizada + Apostilla digital;<\/li>\n<li><strong>Declaraci\u00f3n adicional del tribunal<\/strong>\u00a0que especifique desde qu\u00e9 fecha la sentencia ha adquirido firmeza, legalizada con Apostilla de La Haya DIGITAL y traducida al italiano con la firma del traductor LEGALIZADA y con Apostilla digital. Es decir: declaraci\u00f3n + Apostilla digital + traducci\u00f3n al italiano con firma legalizada + Apostilla digital;<\/li>\n<li><strong>Declaraci\u00f3n sustituta debidamente completada en todas sus partes<\/strong>, fechada y firmada (<a href=\"https:\/\/consrosario.esteri.it\/wp-content\/uploads\/2024\/10\/autocert.-sentenza-divorzio-IN-BIANCO.pdf\"><strong>cliquear aqu\u00ed<\/strong><\/a>).<\/li>\n<\/ul>\n<p>&nbsp;<\/p>\n<p style=\"text-align: justify;\"><strong>ACTAS DE DEFUNCI\u00d3N<\/strong><\/p>\n<p style=\"text-align: justify;\">Para la inscripci\u00f3n de un acta de defunci\u00f3n, se deber\u00e1 presentar adicionalmente la documentaci\u00f3n espec\u00edfica que se detalla a continuaci\u00f3n a trav\u00e9s de FAST IT, seleccionando la opci\u00f3n \u201cActo de defunci\u00f3n\u201d:<\/p>\n<ul style=\"text-align: justify;\">\n<li><strong>Acta de defunci\u00f3n verificable en l\u00ednea<\/strong>\u00a0y acompa\u00f1ada de su respectiva traducci\u00f3n al italiano. Indicaciones adicionales sobre los requisitos de las actas est\u00e1n disponibles en la secci\u00f3n \u201cINDICACIONES SOBRE LAS ACTAS DIGITALES DE NACIMIENTO, MATRIMONIO Y DEFUNCI\u00d3N\u201d y \u201cACTAS EMITIDOS POR OTROS PA\u00cdSES\u201d.<\/li>\n<\/ul>\n<p style=\"text-align: justify;\">El acta de defunci\u00f3n podr\u00e1 ser presentada a trav\u00e9s del Portal FAST IT por cualquier familiar ciudadano italiano. En caso de que el familiar no sea ciudadano italiano, podr\u00e1 presentar el acta como se especifica anteriormente en un sobre cerrado dirigido a la Oficina de Registro Civil\/Estado Civil en la entrada de este Consulado General o por correo. En caso de que se trate de un ciudadano extranjero, se podr\u00e1 omitir la traducci\u00f3n al italiano.<\/p>\n<p>&nbsp;<\/p>\n<p style=\"text-align: justify;\"><strong>ACTAS DIGITALES DE ESTADO CIVIL<\/strong><\/p>\n<p style=\"text-align: justify;\">A continuaci\u00f3n se exponen los requisitos necesarios que deben cumplir las actas digitales de estado civil emitidas en las diferentes provincias que integran la circunscripci\u00f3n consular:<\/p>\n<ul style=\"text-align: justify;\">\n<li><strong>Actas emitidas digitalmente por las provincias de<\/strong>:\u00a0<strong>BUENOS AIRES<\/strong>,\u00a0<strong>SANTA FE<\/strong>\u00a0y\u00a0<strong>CORRIENTES<\/strong>\u00a0con firma aut\u00f3grafa o digital (tanto el acta como la firma digital emitida por la Oficina Local del Registro Civil) deben estar completamente traducidas al italiano.<\/li>\n<li><strong>Actas emitidas digitalmente por la provincia de<\/strong>\u00a0<strong>CHACO<\/strong>\u00a0con firma aut\u00f3grafa o digital (tanto el acta como la firma digital emitida por la Oficina Local del Registro Civil)\u00a0<strong>CON C\u00d3DIGO QR<\/strong>\u00a0deben estar completamente traducidas al italiano.<\/li>\n<li><strong>Actas emitidas digitalmente por la provincia de<\/strong>\u00a0<strong>CHACO<\/strong>\u00a0con firma aut\u00f3grafa o digital (tanto el acta como la firma digital emitida por la Oficina Local del Registro Civil)\u00a0<strong>SIN C\u00d3DIGO QR<\/strong>. Estas deber\u00e1n presentarse con\u00a0<strong>Apostilla digital<\/strong>\u00a0emitida por el \u201cMinisterio de Relaciones Exteriores y Culto\u201d y traducci\u00f3n completa al italiano.<\/li>\n<li><strong>Actas emitidas digitalmente por las provincias de<\/strong>:\u00a0<strong>FORMOSA<\/strong>,\u00a0<strong>MISIONES<\/strong>\u00a0y\u00a0<strong>ENTRE R\u00cdOS<\/strong>\u00a0con firma aut\u00f3grafa o digital (tanto el acta como la firma digital emitida por la Oficina Local del Registro Civil) deber\u00e1n presentarse con\u00a0<strong>Apostilla digital<\/strong>\u00a0emitida por el \u201cMinisterio de Relaciones Exteriores y Culto\u201d y traducci\u00f3n completa al italiano.<\/li>\n<li><strong>Actas emitidas con FIRMA AUT\u00d3GRAFA DE CUALQUIER PROVINCIA<\/strong>\u00a0con firma aut\u00f3grafa o digital (tanto el acta como la firma digital emitida por la Oficina Local del Registro Civil) deber\u00e1n presentarse con\u00a0<strong>Apostilla digital<\/strong>\u00a0emitida por el \u201cMinisterio de Relaciones Exteriores y Culto\u201d y traducci\u00f3n completa al italiano.<\/li>\n<\/ul>\n<p style=\"text-align: justify;\">Las traducciones al italiano deben ser siempre completas, no se aceptar\u00e1n modelos biling\u00fces emitidos por la Oficina del \u201cRegistro Civil\u201d argentino.<\/p>\n<p>&nbsp;<\/p>\n<p style=\"text-align: justify;\"><strong>ACTAS DE ESTADO CIVIL EMITIDAS POR OTROS PA\u00cdSES<\/strong><\/p>\n<p style=\"text-align: justify;\"><strong>A PRESENTAR A TRAV\u00c9S DEL PORTAL FAST IT:<\/strong><\/p>\n<ul style=\"text-align: justify;\">\n<li>Actas emitidas por otros pa\u00edses formalmente perfeccionados (con\u00a0<strong>Apostilla digital<\/strong>\u00a0de La Haya), con traducci\u00f3n desde el idioma original\u00a0<strong>DIRECTAMENTE al italiano<\/strong>, tambi\u00e9n provista de\u00a0<strong>Apostilla digital<\/strong>\u00a0de La Haya. Es decir: acto +\u00a0<strong>Apostilla digital<\/strong>\u00a0+ traducci\u00f3n al italiano +\u00a0<strong>Apostilla digital<\/strong>.<\/li>\n<\/ul>\n<p style=\"text-align: justify;\"><strong>A PRESENTAR EN LA OFICINA DE ACEPTACI\u00d3N O POR CORREO:<\/strong><\/p>\n<ul>\n<li style=\"text-align: justify;\">Actas emitidas por pa\u00edses que no cuentan con\u00a0<strong>Apostilla digital<\/strong>, es decir: acto +\u00a0<strong>Apostilla<\/strong>\u00a0+ traducci\u00f3n al italiano +\u00a0<strong>Apostilla<\/strong>.<\/li>\n<li style=\"text-align: justify;\">Actas de la UE en el formato multiling\u00fce original.<\/li>\n<li style=\"text-align: justify;\">Actas emitidas en pa\u00edses que no han adherido a la Convenci\u00f3n de La Haya deben ser legalizadas por la representaci\u00f3n diplom\u00e1tico-consular italiana en el pa\u00eds de emisi\u00f3n, con traducci\u00f3n desde el idioma original\u00a0<strong>directamente al italiano<\/strong>, tambi\u00e9n legalizada por la representaci\u00f3n diplom\u00e1tico-consular competente. Es decir: acta +\u00a0<strong>legalizaci\u00f3n de la sede consular<\/strong>\u00a0+ traducci\u00f3n al italiano +\u00a0<strong>legalizaci\u00f3n de la sede consular<\/strong>.<\/li>\n<\/ul>\n","protected":false},"excerpt":{"rendered":"Las transmisiones de actas de estado civil y sentencias de divorcio deben SIEMPRE enviarse a trav\u00e9s del Portal FAST IT utilizando las secciones correspondientes. Para solicitar la transmisi\u00f3n de dichas actas es necesario: Estar inscrito en el Registro de este Consulado General; Estar registrado en el Portal FAST IT\u00a0https:\/\/youtu.be\/sgPkmQJS_3E; Haber solicitado la visualizaci\u00f3n de su [&hellip;]","protected":false},"author":5,"featured_media":0,"parent":202,"menu_order":0,"comment_status":"closed","ping_status":"closed","template":"","meta":{"footnotes":""},"class_list":["post-5581","page","type-page","status-publish","hentry"],"_links":{"self":[{"href":"https:\/\/consrosario.esteri.it\/es\/wp-json\/wp\/v2\/pages\/5581","targetHints":{"allow":["GET"]}}],"collection":[{"href":"https:\/\/consrosario.esteri.it\/es\/wp-json\/wp\/v2\/pages"}],"about":[{"href":"https:\/\/consrosario.esteri.it\/es\/wp-json\/wp\/v2\/types\/page"}],"author":[{"embeddable":true,"href":"https:\/\/consrosario.esteri.it\/es\/wp-json\/wp\/v2\/users\/5"}],"replies":[{"embeddable":true,"href":"https:\/\/consrosario.esteri.it\/es\/wp-json\/wp\/v2\/comments?post=5581"}],"version-history":[{"count":6,"href":"https:\/\/consrosario.esteri.it\/es\/wp-json\/wp\/v2\/pages\/5581\/revisions"}],"predecessor-version":[{"id":9502,"href":"https:\/\/consrosario.esteri.it\/es\/wp-json\/wp\/v2\/pages\/5581\/revisions\/9502"}],"up":[{"embeddable":true,"href":"https:\/\/consrosario.esteri.it\/es\/wp-json\/wp\/v2\/pages\/202"}],"wp:attachment":[{"href":"https:\/\/consrosario.esteri.it\/es\/wp-json\/wp\/v2\/media?parent=5581"}],"curies":[{"name":"wp","href":"https:\/\/api.w.org\/{rel}","templated":true}]}}