{"id":5594,"date":"2024-10-02T12:44:36","date_gmt":"2024-10-02T15:44:36","guid":{"rendered":"https:\/\/consrosario.esteri.it\/servizi-consolari-e-visti\/servizi-per-il-cittadino-italiano\/stato-civile\/convivenze-di-fatto\/"},"modified":"2025-08-18T14:25:33","modified_gmt":"2025-08-18T17:25:33","slug":"convivenze-di-fatto","status":"publish","type":"page","link":"https:\/\/consrosario.esteri.it\/es\/servizi-consolari-e-visti\/servizi-per-il-cittadino-italiano\/stato-civile\/convivenze-di-fatto\/","title":{"rendered":"Uniones convivenciales"},"content":{"rendered":"<p style=\"text-align: justify;\">Los interesados que deseen formalizar dicha convivencia de hecho deber\u00e1n <a href=\"https:\/\/prenotami.esteri.it\">solicitar turno en el Prenot@Mi<\/a> y comparecer el d\u00eda del turno con la siguiente documentaci\u00f3n:<\/p>\n<ul style=\"text-align: justify;\">\n<li>Formulario completo (<a href=\"https:\/\/consrosario.esteri.it\/wp-content\/uploads\/2025\/08\/DICHIARAZIONE-SOSTITUTIVA-DI-CERTIFICAZIONE-Anagrafe.pdf\">descargar<\/a>), el cual deber\u00e1 llevar la firma de ambos intregrantes de la convivencia declarada,<\/li>\n<li>DNI original y fotocopia de los convivientes (el domicilio indicado en los DNI de ambos deber\u00e1 ser el mismo de ambos).<\/li>\n<li>En el caso de que el otro conviviente no sea italiano, se deber\u00e1 abonar la auntenticaci\u00f3n de la firma del mismo (art. 24, ver\u00a0 tarifa vigente\u00a0<a href=\"https:\/\/consrosario.esteri.it\/it\/chi-siamo\/la-sede\/modulistica\/\">cliqueando aqu\u00ed<\/a>\u00a0(se abona exclusivamente con giro postal).<\/li>\n<\/ul>\n","protected":false},"excerpt":{"rendered":"Los interesados que deseen formalizar dicha convivencia de hecho deber\u00e1n solicitar turno en el Prenot@Mi y comparecer el d\u00eda del turno con la siguiente documentaci\u00f3n: Formulario completo (descargar), el cual deber\u00e1 llevar la firma de ambos intregrantes de la convivencia declarada, DNI original y fotocopia de los convivientes (el domicilio indicado en los DNI de [&hellip;]","protected":false},"author":5,"featured_media":0,"parent":202,"menu_order":0,"comment_status":"closed","ping_status":"closed","template":"","meta":{"footnotes":""},"class_list":["post-5594","page","type-page","status-publish","hentry"],"_links":{"self":[{"href":"https:\/\/consrosario.esteri.it\/es\/wp-json\/wp\/v2\/pages\/5594","targetHints":{"allow":["GET"]}}],"collection":[{"href":"https:\/\/consrosario.esteri.it\/es\/wp-json\/wp\/v2\/pages"}],"about":[{"href":"https:\/\/consrosario.esteri.it\/es\/wp-json\/wp\/v2\/types\/page"}],"author":[{"embeddable":true,"href":"https:\/\/consrosario.esteri.it\/es\/wp-json\/wp\/v2\/users\/5"}],"replies":[{"embeddable":true,"href":"https:\/\/consrosario.esteri.it\/es\/wp-json\/wp\/v2\/comments?post=5594"}],"version-history":[{"count":2,"href":"https:\/\/consrosario.esteri.it\/es\/wp-json\/wp\/v2\/pages\/5594\/revisions"}],"predecessor-version":[{"id":9504,"href":"https:\/\/consrosario.esteri.it\/es\/wp-json\/wp\/v2\/pages\/5594\/revisions\/9504"}],"up":[{"embeddable":true,"href":"https:\/\/consrosario.esteri.it\/es\/wp-json\/wp\/v2\/pages\/202"}],"wp:attachment":[{"href":"https:\/\/consrosario.esteri.it\/es\/wp-json\/wp\/v2\/media?parent=5594"}],"curies":[{"name":"wp","href":"https:\/\/api.w.org\/{rel}","templated":true}]}}