{"id":5598,"date":"2024-10-02T13:13:50","date_gmt":"2024-10-02T16:13:50","guid":{"rendered":"https:\/\/consrosario.esteri.it\/servizi-consolari-e-visti\/servizi-per-il-cittadino-italiano\/stato-civile\/sentenze-di-adozione\/"},"modified":"2024-10-02T14:17:26","modified_gmt":"2024-10-02T17:17:26","slug":"sentenze-di-adozione","status":"publish","type":"page","link":"https:\/\/consrosario.esteri.it\/es\/servizi-consolari-e-visti\/servizi-per-il-cittadino-italiano\/stato-civile\/sentenze-di-adozione\/","title":{"rendered":"Sentencias de adopci\u00f3n"},"content":{"rendered":"<p style=\"text-align: justify;\">Solicitar turno por correo electronico a <a href=\"mailto:legale.rosario@esteri.it\">legale.rosario@esteri.it<\/a><\/p>\n<p style=\"text-align: justify;\">Documentaci\u00f3n a presentar:<\/p>\n<ul style=\"text-align: justify;\">\n<li>Partida de nacimiento del adoptado traducida al italiano.<\/li>\n<li>Declaraci\u00f3n firmada por los padres del adoptado menor de edad en este Consulado General.<\/li>\n<li>COPIA certificada de la SENTENCIA de adopci\u00f3n emitida por el Juzgado que dict\u00f3 dicha sentencia, con la Apostilla de La Haya y traducida al italiano.<\/li>\n<li>CERTIFICADO otorgado por el Tribunal que dict\u00f3 la sentencia de adopci\u00f3n donde conste la fecha en que dicha sentencia qued\u00f3 firme y ha pasado en autoridad de cosa juzgada, con la Apostilla de La Haya y traducido al italiano. (Modelo del certificado: \u201cSe certifica que la sentencia de adopci\u00f2n n\u00b0\u2026.de fecha\u2026\u2026.dictada en los autos: \u201c\u2026.\u201d, se encuentra firme y ha pasado en autoridad de cosa juzgada el\u2026..\u201d).<\/li>\n<\/ul>\n","protected":false},"excerpt":{"rendered":"Solicitar turno por correo electronico a legale.rosario@esteri.it Documentaci\u00f3n a presentar: Partida de nacimiento del adoptado traducida al italiano. Declaraci\u00f3n firmada por los padres del adoptado menor de edad en este Consulado General. COPIA certificada de la SENTENCIA de adopci\u00f3n emitida por el Juzgado que dict\u00f3 dicha sentencia, con la Apostilla de La Haya y traducida [&hellip;]","protected":false},"author":5,"featured_media":0,"parent":202,"menu_order":0,"comment_status":"closed","ping_status":"closed","template":"","meta":{"footnotes":""},"class_list":["post-5598","page","type-page","status-publish","hentry"],"_links":{"self":[{"href":"https:\/\/consrosario.esteri.it\/es\/wp-json\/wp\/v2\/pages\/5598","targetHints":{"allow":["GET"]}}],"collection":[{"href":"https:\/\/consrosario.esteri.it\/es\/wp-json\/wp\/v2\/pages"}],"about":[{"href":"https:\/\/consrosario.esteri.it\/es\/wp-json\/wp\/v2\/types\/page"}],"author":[{"embeddable":true,"href":"https:\/\/consrosario.esteri.it\/es\/wp-json\/wp\/v2\/users\/5"}],"replies":[{"embeddable":true,"href":"https:\/\/consrosario.esteri.it\/es\/wp-json\/wp\/v2\/comments?post=5598"}],"version-history":[{"count":2,"href":"https:\/\/consrosario.esteri.it\/es\/wp-json\/wp\/v2\/pages\/5598\/revisions"}],"predecessor-version":[{"id":5603,"href":"https:\/\/consrosario.esteri.it\/es\/wp-json\/wp\/v2\/pages\/5598\/revisions\/5603"}],"up":[{"embeddable":true,"href":"https:\/\/consrosario.esteri.it\/es\/wp-json\/wp\/v2\/pages\/202"}],"wp:attachment":[{"href":"https:\/\/consrosario.esteri.it\/es\/wp-json\/wp\/v2\/media?parent=5598"}],"curies":[{"name":"wp","href":"https:\/\/api.w.org\/{rel}","templated":true}]}}