{"id":5604,"date":"2024-10-02T13:32:01","date_gmt":"2024-10-02T16:32:01","guid":{"rendered":"https:\/\/consrosario.esteri.it\/servizi-consolari-e-visti\/servizi-per-il-cittadino-italiano\/stato-civile\/pubblicazioni-di-matrimonio\/"},"modified":"2024-10-02T14:19:03","modified_gmt":"2024-10-02T17:19:03","slug":"pubblicazioni-di-matrimonio","status":"publish","type":"page","link":"https:\/\/consrosario.esteri.it\/es\/servizi-consolari-e-visti\/servizi-per-il-cittadino-italiano\/stato-civile\/pubblicazioni-di-matrimonio\/","title":{"rendered":"Publicaciones de matrimonio"},"content":{"rendered":"<p style=\"text-align: justify;\">Es requisito imprescindible que al menos uno de los contrayentes sea ciudadano italiano residente en la Circunscripci\u00f3n del Consulado General de Italia en Rosario y regularmente inscripto al AIRE.<\/p>\n<p style=\"text-align: justify;\">Documentos necesarios que los contrayentes deber\u00e1n presentar en el Consulado (lunes a viernes, de 08:30 a 11:30):<\/p>\n<p style=\"text-align: justify;\"><u>Para los ciudadanos italianos:<\/u><\/p>\n<p style=\"text-align: justify;\">\u2013 DNI v\u00e1lido<\/p>\n<p style=\"text-align: justify;\"><u>Para el ciudadano extranjero:<\/u><\/p>\n<p style=\"text-align: justify;\">\u2013 Documento de identidad v\u00e1lido<\/p>\n<p style=\"text-align: justify;\">Las publicaciones matrimoniales ser\u00e1n exhibidas en el bolet\u00edn oficial de este Consulado General por al menos 8 d\u00edas consecutivos.<\/p>\n","protected":false},"excerpt":{"rendered":"Es requisito imprescindible que al menos uno de los contrayentes sea ciudadano italiano residente en la Circunscripci\u00f3n del Consulado General de Italia en Rosario y regularmente inscripto al AIRE. Documentos necesarios que los contrayentes deber\u00e1n presentar en el Consulado (lunes a viernes, de 08:30 a 11:30): Para los ciudadanos italianos: \u2013 DNI v\u00e1lido Para el [&hellip;]","protected":false},"author":5,"featured_media":0,"parent":202,"menu_order":0,"comment_status":"closed","ping_status":"closed","template":"","meta":{"footnotes":""},"class_list":["post-5604","page","type-page","status-publish","hentry"],"_links":{"self":[{"href":"https:\/\/consrosario.esteri.it\/es\/wp-json\/wp\/v2\/pages\/5604","targetHints":{"allow":["GET"]}}],"collection":[{"href":"https:\/\/consrosario.esteri.it\/es\/wp-json\/wp\/v2\/pages"}],"about":[{"href":"https:\/\/consrosario.esteri.it\/es\/wp-json\/wp\/v2\/types\/page"}],"author":[{"embeddable":true,"href":"https:\/\/consrosario.esteri.it\/es\/wp-json\/wp\/v2\/users\/5"}],"replies":[{"embeddable":true,"href":"https:\/\/consrosario.esteri.it\/es\/wp-json\/wp\/v2\/comments?post=5604"}],"version-history":[{"count":1,"href":"https:\/\/consrosario.esteri.it\/es\/wp-json\/wp\/v2\/pages\/5604\/revisions"}],"predecessor-version":[{"id":5606,"href":"https:\/\/consrosario.esteri.it\/es\/wp-json\/wp\/v2\/pages\/5604\/revisions\/5606"}],"up":[{"embeddable":true,"href":"https:\/\/consrosario.esteri.it\/es\/wp-json\/wp\/v2\/pages\/202"}],"wp:attachment":[{"href":"https:\/\/consrosario.esteri.it\/es\/wp-json\/wp\/v2\/media?parent=5604"}],"curies":[{"name":"wp","href":"https:\/\/api.w.org\/{rel}","templated":true}]}}