{"id":600,"date":"2023-05-30T22:17:37","date_gmt":"2023-05-31T01:17:37","guid":{"rendered":"https:\/\/consrosario.esteri.it\/servizi-consolari-e-visti\/servizi-per-il-cittadino-italiano\/passaporti-e-carte-didentita\/documentazione-necessaria-per-il-rilascio-del-passaporto\/qualita-delle-fotografie\/"},"modified":"2025-03-25T09:18:26","modified_gmt":"2025-03-25T12:18:26","slug":"qualita-delle-fotografie","status":"publish","type":"page","link":"https:\/\/consrosario.esteri.it\/es\/servizi-consolari-e-visti\/servizi-per-il-cittadino-italiano\/passaporti-e-carte-didentita\/documentazione-necessaria-per-il-rilascio-del-passaporto\/qualita-delle-fotografie\/","title":{"rendered":"Calidad de las fotos"},"content":{"rendered":"<p><strong>Foto carnet para pasaporte y CIE: normas ICAO<\/strong><\/p>\n<p>Caracteristicas tecnico-cualitativas de la foto para el passaporte electr\u00f3nico y para la CIE:<\/p>\n<ul>\n<li>Debe ser reciente (no m\u00e1s de 6 meses);<\/li>\n<li>la foto debe ser a color;<\/li>\n<li>la persona debe tener una expresi\u00f3n neutra y tener la boca cerrada;<\/li>\n<li>los ojos deben estar abiertos y claramente visibles;<\/li>\n<li>la foto debe ser a fondo blanco y con iluminaci\u00f3n uniforme;<\/li>\n<li>no debe haber reflejos del flash sobre el rostro, y sobretodo sin efecto \u201cojos rojos\u201d;<\/li>\n<li>la cara debe ocupar el 70-80% de la foto desde la base del ment\u00f3n hasta la frente;<\/li>\n<li>estar perfectamente en foco y n\u00edtidas;<\/li>\n<li>mirando directo al objetivo;<\/li>\n<li>medidas: 35\u00d745 mm;<\/li>\n<li>estar impresas en papel de alta calidad y definici\u00f3n;<\/li>\n<li>la cara debe estar bien centrada en la foto y no de perfil;<\/li>\n<li>la foto debe mostrar a la persona sola, sin otros objetos u otras personas.<\/li>\n<\/ul>\n<p><strong>Si se usan anteojos:<\/strong><\/p>\n<ul>\n<li>Preferiblemente quit\u00e1rselos para la foto;<\/li>\n<li>la fotograf\u00eda debe mostrar los ojos en modo claro y sin reflejos del flash sobre las lentes;<\/li>\n<li>los anteojos no deben ser \u201cde sol\u201d (solo vidrio transparente);<\/li>\n<li>solo anteojos sin marco o con marco delgado y estos no deben cubrir ninguna parte de los ojos.<\/li>\n<\/ul>\n<p>No est\u00e1 permitido ning\u00fan tipo de elemento que cubra la cabeza a no ser por motivos religiosos; debiendo mostrarse claramente las facciones del rostro desde la punta del ment\u00f3n hasta la frente \u00edntegramente y deben poder verse claramente ambos lados del rostro.<\/p>\n","protected":false},"excerpt":{"rendered":"Foto carnet para pasaporte y CIE: normas ICAO Caracteristicas tecnico-cualitativas de la foto para el passaporte electr\u00f3nico y para la CIE: Debe ser reciente (no m\u00e1s de 6 meses); la foto debe ser a color; la persona debe tener una expresi\u00f3n neutra y tener la boca cerrada; los ojos deben estar abiertos y claramente visibles; [&hellip;]","protected":false},"author":5,"featured_media":0,"parent":376,"menu_order":0,"comment_status":"closed","ping_status":"closed","template":"","meta":{"footnotes":""},"class_list":["post-600","page","type-page","status-publish","hentry"],"_links":{"self":[{"href":"https:\/\/consrosario.esteri.it\/es\/wp-json\/wp\/v2\/pages\/600","targetHints":{"allow":["GET"]}}],"collection":[{"href":"https:\/\/consrosario.esteri.it\/es\/wp-json\/wp\/v2\/pages"}],"about":[{"href":"https:\/\/consrosario.esteri.it\/es\/wp-json\/wp\/v2\/types\/page"}],"author":[{"embeddable":true,"href":"https:\/\/consrosario.esteri.it\/es\/wp-json\/wp\/v2\/users\/5"}],"replies":[{"embeddable":true,"href":"https:\/\/consrosario.esteri.it\/es\/wp-json\/wp\/v2\/comments?post=600"}],"version-history":[{"count":2,"href":"https:\/\/consrosario.esteri.it\/es\/wp-json\/wp\/v2\/pages\/600\/revisions"}],"predecessor-version":[{"id":7427,"href":"https:\/\/consrosario.esteri.it\/es\/wp-json\/wp\/v2\/pages\/600\/revisions\/7427"}],"up":[{"embeddable":true,"href":"https:\/\/consrosario.esteri.it\/es\/wp-json\/wp\/v2\/pages\/376"}],"wp:attachment":[{"href":"https:\/\/consrosario.esteri.it\/es\/wp-json\/wp\/v2\/media?parent=600"}],"curies":[{"name":"wp","href":"https:\/\/api.w.org\/{rel}","templated":true}]}}